{"id":1157,"date":"2025-11-05T10:07:16","date_gmt":"2025-11-05T09:07:16","guid":{"rendered":"https:\/\/mariechristineaubert.com\/?page_id=1157"},"modified":"2026-03-06T13:18:57","modified_gmt":"2026-03-06T12:18:57","slug":"https-mariechristineaubert-com-index-php-es-aviso-legal","status":"publish","type":"page","link":"https:\/\/mariechristineaubert.com\/index.php\/es\/https-mariechristineaubert-com-index-php-es-aviso-legal\/","title":{"rendered":"Aviso legal"},"content":{"rendered":"<h1>\u00a0<\/h1>\n<h1><strong><span style=\"font-size: 24px;\">\ud83c\uddea\ud83c\uddf8\u00a0Aviso legal<\/span><\/strong><\/h1>\n<p>Editora del sitio web : Marie-Christine Aubert<\/p>\n<p>Direcci\u00f3n:\u00a0 \u201cdisponible bajo solicitud\u201d<\/p>\n<p>Correo electr\u00f3nico: auteur<span style=\"color: #0000ff;\">@mariechristineaubert.com<\/span><\/p>\n<p>Alojamiento web<\/p>\n<p>OVHcloud<\/p>\n<p>2 rue Kellermann \u2013 59100 Roubaix \u2013 Francia<\/p>\n<p>Sitio web:\u00a0<span style=\"color: #0000ff;\"><a style=\"color: #0000ff;\" title=\"https:\/\/www.ovhcloud.com\/\" href=\"https:\/\/www.ovhcloud.com\/\" data-auth=\"NotApplicable\" data-linkindex=\"3\" target=\"_blank\" rel=\"noopener\">www.ovhcloud.com<\/a><\/span><\/p>\n<h2><span style=\"font-size: 24px;\"><strong>Propiedad intelectual<\/strong><\/span><\/h2>\n<p>Todo el contenido de este sitio web (textos, im\u00e1genes, logotipos, elementos gr\u00e1ficos) es propiedad exclusiva de Marie-Christine Aubert, salvo indicaci\u00f3n contraria.<\/p>\n<p>Queda prohibida toda reproducci\u00f3n o distribuci\u00f3n sin autorizaci\u00f3n previa por escrito.<\/p>\n<h3><span style=\"font-size: 24px;\"><strong>Responsabilidad<\/strong><\/span><\/h3>\n<p>La editora no se hace responsable de los da\u00f1os directos o indirectos derivados del acceso o uso del sitio.<\/p>\n<p>Los enlaces externos se proporcionan solo con fines informativos; la editora no controla su contenido.<\/p>\n<p>Protecci\u00f3n de datos personales (RGPD)<\/p>\n<p>Los datos recopilados a trav\u00e9s de los formularios de contacto se utilizan \u00fanicamente para responder a los mensajes recibidos.<\/p>\n<p>No se comparten datos personales con terceros.<\/p>\n<p>De conformidad con el Reglamento General de Protecci\u00f3n de Datos (RGPD), puede solicitar la eliminaci\u00f3n de sus datos en cualquier momento escribiendo a: contact@mariechristineaubert.com.<\/p>\n","protected":false},"excerpt":{"rendered":"<p>\u00a0 \ud83c\uddea\ud83c\uddf8\u00a0Aviso legal Editora del sitio web : Marie-Christine Aubert Direcci\u00f3n:\u00a0 \u201cdisponible bajo solicitud\u201d Correo electr\u00f3nico: auteur@mariechristineaubert.com Alojamiento web OVHcloud 2 rue Kellermann \u2013 59100 Roubaix \u2013 Francia Sitio web:\u00a0www.ovhcloud.com Propiedad intelectual Todo el contenido de este sitio web (textos, im\u00e1genes, logotipos, elementos gr\u00e1ficos) es propiedad exclusiva de Marie-Christine Aubert, salvo indicaci\u00f3n contraria. Queda prohibida &hellip; <\/p>\n<p class=\"link-more\"><a href=\"https:\/\/mariechristineaubert.com\/index.php\/es\/https-mariechristineaubert-com-index-php-es-aviso-legal\/\" class=\"more-link\">Continuer la lecture<span class=\"screen-reader-text\"> de &laquo;&nbsp;Aviso legal&nbsp;&raquo;<\/span><\/a><\/p>\n","protected":false},"author":1,"featured_media":0,"parent":0,"menu_order":0,"comment_status":"closed","ping_status":"closed","template":"","meta":{"footnotes":""},"class_list":["post-1157","page","type-page","status-publish","hentry"],"lang":"es","translations":{"es":1157,"en":1153,"fr":1144,"de":1160},"pll_sync_post":[],"_links":{"self":[{"href":"https:\/\/mariechristineaubert.com\/index.php\/wp-json\/wp\/v2\/pages\/1157","targetHints":{"allow":["GET"]}}],"collection":[{"href":"https:\/\/mariechristineaubert.com\/index.php\/wp-json\/wp\/v2\/pages"}],"about":[{"href":"https:\/\/mariechristineaubert.com\/index.php\/wp-json\/wp\/v2\/types\/page"}],"author":[{"embeddable":true,"href":"https:\/\/mariechristineaubert.com\/index.php\/wp-json\/wp\/v2\/users\/1"}],"replies":[{"embeddable":true,"href":"https:\/\/mariechristineaubert.com\/index.php\/wp-json\/wp\/v2\/comments?post=1157"}],"version-history":[{"count":8,"href":"https:\/\/mariechristineaubert.com\/index.php\/wp-json\/wp\/v2\/pages\/1157\/revisions"}],"predecessor-version":[{"id":1909,"href":"https:\/\/mariechristineaubert.com\/index.php\/wp-json\/wp\/v2\/pages\/1157\/revisions\/1909"}],"wp:attachment":[{"href":"https:\/\/mariechristineaubert.com\/index.php\/wp-json\/wp\/v2\/media?parent=1157"}],"curies":[{"name":"wp","href":"https:\/\/api.w.org\/{rel}","templated":true}]}}