{"id":1210,"date":"2026-02-27T19:01:53","date_gmt":"2026-02-27T18:01:53","guid":{"rendered":"https:\/\/mariechristineaubert.com\/?page_id=1210"},"modified":"2026-03-06T12:52:26","modified_gmt":"2026-03-06T11:52:26","slug":"le-carnaval-de-basse-terre-visages-et-corps-de-lumiere","status":"publish","type":"page","link":"https:\/\/mariechristineaubert.com\/index.php\/le-carnaval-de-basse-terre-visages-et-corps-de-lumiere\/","title":{"rendered":"Carnaval de Basse Terre &#8211; Visages et corps de lumi\u00e8re"},"content":{"rendered":"<h1><span style=\"font-size: 24px; color: #0000ff;\"><strong>Visages et corps de lumi\u00e8re &#8211; \u00a0Carnaval de Basse-Terre &#8211; Guadeloupe<\/strong><\/span><\/h1>\n<p><span style=\"font-size: 24px;\"><em>\u00a0 \u00a0 \u00a0 \u00a0 \u00a0 \u00a0 \u00a0 \u00a0Le regard d&rsquo;un photographe <\/em><\/span><span style=\"font-size: 24px;\"><em>\u00a0 \u00a0 \u00a0 \u00a0 \u00a0 \u00a0 \u00a0 \u00a0 \u00a0 \u00a0 \u00a0 \u00a0 \u00a0 \u00a0 \u00a0 \u00a0 \u00a0 \u00a0 \u00a0 \u00a0\u00a0<\/em><\/span><\/p>\n<p style=\"text-align: right;\"><span style=\"font-size: 24px;\"><em>\u00a0 \u00a0 \u00a0 \u00a0 \u00a0 \u00a0 \u00a0 \u00a0 \u00a0 <strong>\u00a0Jean-Michel Curier<\/strong> <\/em><\/span><span style=\"font-size: 24px;\"><em>\u00a0 \u00a0 \u00a0 \u00a0 \u00a0 \u00a0 \u00a0 \u00a0 \u00a0 \u00a0 \u00a0 \u00a0 \u00a0 \u00a0 \u00a0 \u00a0 \u00a0 \u00a0 \u00a0 \u00a0 \u00a0 \u00a0 \u00a0 <\/em><\/span><span style=\"font-size: 24px;\"><em><span style=\"font-size: 20px;\">\u00a0<\/span><\/em><\/span><span style=\"font-size: 20px;\"><em>jem_photographie<\/em><\/span><em style=\"font-size: 24px;\">\u00a0 \u00a0 \u00a0 \u00a0 \u00a0 \u00a0 \u00a0 \u00a0 \u00a0 \u00a0 \u00a0 \u00a0 \u00a0 \u00a0 \u00a0 \u00a0 \u00a0 \u00a0 \u00a0 \u00a0 \u00a0 \u00a0 \u00a0 \u00a0 \u00a0 \u00a0 \u00a0 \u00a0\u00a0<\/em><\/p>\n<p>&nbsp;<\/p>\n<h1><img loading=\"lazy\" decoding=\"async\" class=\"alignnone size-medium wp-image-1313\" src=\"https:\/\/mariechristineaubert.com\/wp-content\/uploads\/2026\/02\/PHOTO-2026-02-27-22-31-13-copie-1-200x300.jpg\" alt=\"\" width=\"200\" height=\"300\" srcset=\"https:\/\/mariechristineaubert.com\/wp-content\/uploads\/2026\/02\/PHOTO-2026-02-27-22-31-13-copie-1-200x300.jpg 200w, https:\/\/mariechristineaubert.com\/wp-content\/uploads\/2026\/02\/PHOTO-2026-02-27-22-31-13-copie-1-683x1024.jpg 683w, https:\/\/mariechristineaubert.com\/wp-content\/uploads\/2026\/02\/PHOTO-2026-02-27-22-31-13-copie-1-768x1152.jpg 768w, https:\/\/mariechristineaubert.com\/wp-content\/uploads\/2026\/02\/PHOTO-2026-02-27-22-31-13-copie-1-1024x1536.jpg 1024w, https:\/\/mariechristineaubert.com\/wp-content\/uploads\/2026\/02\/PHOTO-2026-02-27-22-31-13-copie-1.jpg 1067w\" sizes=\"auto, (max-width: 200px) 100vw, 200px\" \/>\u00a0 \u00a0 \u00a0 \u00a0<img loading=\"lazy\" decoding=\"async\" class=\"alignnone size-medium wp-image-1337\" src=\"https:\/\/mariechristineaubert.com\/wp-content\/uploads\/2026\/02\/PHOTO-2026-02-27-22-25-34-copie-200x300.jpg\" alt=\"\" width=\"200\" height=\"300\" srcset=\"https:\/\/mariechristineaubert.com\/wp-content\/uploads\/2026\/02\/PHOTO-2026-02-27-22-25-34-copie-200x300.jpg 200w, https:\/\/mariechristineaubert.com\/wp-content\/uploads\/2026\/02\/PHOTO-2026-02-27-22-25-34-copie-683x1024.jpg 683w, https:\/\/mariechristineaubert.com\/wp-content\/uploads\/2026\/02\/PHOTO-2026-02-27-22-25-34-copie-768x1152.jpg 768w, https:\/\/mariechristineaubert.com\/wp-content\/uploads\/2026\/02\/PHOTO-2026-02-27-22-25-34-copie-1024x1536.jpg 1024w, https:\/\/mariechristineaubert.com\/wp-content\/uploads\/2026\/02\/PHOTO-2026-02-27-22-25-34-copie.jpg 1067w\" sizes=\"auto, (max-width: 200px) 100vw, 200px\" \/> <img loading=\"lazy\" decoding=\"async\" class=\"alignnone size-medium wp-image-1305\" src=\"https:\/\/mariechristineaubert.com\/wp-content\/uploads\/2026\/02\/cba32bce-3915-4a5f-8705-515000812096-200x300.jpg\" alt=\"\" width=\"200\" height=\"300\" srcset=\"https:\/\/mariechristineaubert.com\/wp-content\/uploads\/2026\/02\/cba32bce-3915-4a5f-8705-515000812096-200x300.jpg 200w, https:\/\/mariechristineaubert.com\/wp-content\/uploads\/2026\/02\/cba32bce-3915-4a5f-8705-515000812096-683x1024.jpg 683w, https:\/\/mariechristineaubert.com\/wp-content\/uploads\/2026\/02\/cba32bce-3915-4a5f-8705-515000812096-768x1152.jpg 768w, https:\/\/mariechristineaubert.com\/wp-content\/uploads\/2026\/02\/cba32bce-3915-4a5f-8705-515000812096-1024x1536.jpg 1024w, https:\/\/mariechristineaubert.com\/wp-content\/uploads\/2026\/02\/cba32bce-3915-4a5f-8705-515000812096.jpg 1067w\" sizes=\"auto, (max-width: 200px) 100vw, 200px\" \/>\u00a0 \u00a0 \u00a0 \u00a0 <img loading=\"lazy\" decoding=\"async\" class=\"alignnone size-medium wp-image-1285\" src=\"https:\/\/mariechristineaubert.com\/wp-content\/uploads\/2026\/02\/PHOTO-2026-02-27-22-25-36-1-300x200.jpg\" alt=\"\" width=\"300\" height=\"200\" srcset=\"https:\/\/mariechristineaubert.com\/wp-content\/uploads\/2026\/02\/PHOTO-2026-02-27-22-25-36-1-300x200.jpg 300w, https:\/\/mariechristineaubert.com\/wp-content\/uploads\/2026\/02\/PHOTO-2026-02-27-22-25-36-1-1024x683.jpg 1024w, https:\/\/mariechristineaubert.com\/wp-content\/uploads\/2026\/02\/PHOTO-2026-02-27-22-25-36-1-768x512.jpg 768w, https:\/\/mariechristineaubert.com\/wp-content\/uploads\/2026\/02\/PHOTO-2026-02-27-22-25-36-1-1536x1024.jpg 1536w, https:\/\/mariechristineaubert.com\/wp-content\/uploads\/2026\/02\/PHOTO-2026-02-27-22-25-36-1.jpg 1600w\" sizes=\"auto, (max-width: 300px) 100vw, 300px\" \/><\/h1>\n<p><img loading=\"lazy\" decoding=\"async\" class=\"alignnone size-medium wp-image-1329\" src=\"https:\/\/mariechristineaubert.com\/wp-content\/uploads\/2026\/02\/PHOTO-2026-02-27-22-25-34-200x300.jpg\" alt=\"\" width=\"200\" height=\"300\" srcset=\"https:\/\/mariechristineaubert.com\/wp-content\/uploads\/2026\/02\/PHOTO-2026-02-27-22-25-34-200x300.jpg 200w, https:\/\/mariechristineaubert.com\/wp-content\/uploads\/2026\/02\/PHOTO-2026-02-27-22-25-34-683x1024.jpg 683w, https:\/\/mariechristineaubert.com\/wp-content\/uploads\/2026\/02\/PHOTO-2026-02-27-22-25-34-768x1152.jpg 768w, https:\/\/mariechristineaubert.com\/wp-content\/uploads\/2026\/02\/PHOTO-2026-02-27-22-25-34-1024x1536.jpg 1024w, https:\/\/mariechristineaubert.com\/wp-content\/uploads\/2026\/02\/PHOTO-2026-02-27-22-25-34.jpg 1067w\" sizes=\"auto, (max-width: 200px) 100vw, 200px\" \/>\u00a0 \u00a0 \u00a0 \u00a0 \u00a0 \u00a0\u00a0 <img loading=\"lazy\" decoding=\"async\" class=\"alignnone size-medium wp-image-1317\" src=\"https:\/\/mariechristineaubert.com\/wp-content\/uploads\/2026\/02\/PHOTO-2026-02-27-22-31-12-200x300.jpg\" alt=\"\" width=\"200\" height=\"300\" srcset=\"https:\/\/mariechristineaubert.com\/wp-content\/uploads\/2026\/02\/PHOTO-2026-02-27-22-31-12-200x300.jpg 200w, https:\/\/mariechristineaubert.com\/wp-content\/uploads\/2026\/02\/PHOTO-2026-02-27-22-31-12-683x1024.jpg 683w, https:\/\/mariechristineaubert.com\/wp-content\/uploads\/2026\/02\/PHOTO-2026-02-27-22-31-12-768x1152.jpg 768w, https:\/\/mariechristineaubert.com\/wp-content\/uploads\/2026\/02\/PHOTO-2026-02-27-22-31-12-1024x1536.jpg 1024w, https:\/\/mariechristineaubert.com\/wp-content\/uploads\/2026\/02\/PHOTO-2026-02-27-22-31-12.jpg 1067w\" sizes=\"auto, (max-width: 200px) 100vw, 200px\" \/><\/p>\n<h1>\u00a0<\/h1>\n<p>Le carnaval de Basse-Terre est une explosion de couleurs et de lumi\u00e8re. Les corps deviennent lumi\u00e8re. Ils dansent, ils vibrent et nous adressent un message de vie et d&rsquo;exub\u00e9rance.<\/p>\n<p>A travers l&rsquo;objectif de Jean-Michel Curier, le regard se pose avec une acuit\u00e9 sensible .Il ne traque ni l&rsquo;exotisme, ni l&rsquo;anecdote. Il ne capture pas seulement la silhouette, le costume ou la parure.<\/p>\n<p>Il r\u00e9v\u00e8le la pr\u00e9sence.<\/p>\n<p>&nbsp;<\/p>\n<p>\u00a0 \u00a0 \u00a0 \u00a0 \u00a0 \u00a0 \u00a0 \u00a0 \u00a0 \u00a0 \u00a0 \u00a0 \u00a0 \u00a0 \u00a0 \u00a0 \u00a0 \u00a0 \u00a0 \u00a0 \u00a0 \u00a0 \u00a0 \u00a0 \u00a0 \u00a0 \u00a0 \u00a0 \u00a0 \u00a0 \u00a0 \u00a0<img loading=\"lazy\" decoding=\"async\" class=\"alignnone size-medium wp-image-1293\" src=\"https:\/\/mariechristineaubert.com\/wp-content\/uploads\/2026\/02\/PHOTO-2026-02-27-22-26-14-300x200.jpg\" alt=\"\" width=\"300\" height=\"200\" srcset=\"https:\/\/mariechristineaubert.com\/wp-content\/uploads\/2026\/02\/PHOTO-2026-02-27-22-26-14-300x200.jpg 300w, https:\/\/mariechristineaubert.com\/wp-content\/uploads\/2026\/02\/PHOTO-2026-02-27-22-26-14-1024x683.jpg 1024w, https:\/\/mariechristineaubert.com\/wp-content\/uploads\/2026\/02\/PHOTO-2026-02-27-22-26-14-768x512.jpg 768w, https:\/\/mariechristineaubert.com\/wp-content\/uploads\/2026\/02\/PHOTO-2026-02-27-22-26-14-1536x1024.jpg 1536w, https:\/\/mariechristineaubert.com\/wp-content\/uploads\/2026\/02\/PHOTO-2026-02-27-22-26-14.jpg 1600w\" sizes=\"auto, (max-width: 300px) 100vw, 300px\" \/>\u00a0 \u00a0 \u00a0 \u00a0 \u00a0 \u00a0<\/p>\n<p>\u00a0 \u00a0 \u00a0 \u00a0 \u00a0 \u00a0 \u00a0 \u00a0 \u00a0 \u00a0 \u00a0 \u00a0 \u00a0 \u00a0 \u00a0 \u00a0 \u00a0 \u00a0 \u00a0 \u00a0 \u00a0 \u00a0 \u00a0 \u00a0 \u00a0 \u00a0 \u00a0 \u00a0 \u00a0 \u00a0 \u00a0 \u00a0 \u00a0 \u00a0 \u00a0 \u00a0 \u00a0 \u00a0 \u00a0 \u00a0 \u00a0 \u00a0 \u00a0 \u00a0 \u00a0 \u00a0 \u00a0 \u00a0 \u00a0 \u00a0\u00a0 \u00a0\u00a0 \u00a0 \u00a0 \u00a0 \u00a0 \u00a0 \u00a0 \u00a0 \u00a0 \u00a0 \u00a0 \u00a0<img loading=\"lazy\" decoding=\"async\" class=\"alignnone size-medium wp-image-1333\" src=\"https:\/\/mariechristineaubert.com\/wp-content\/uploads\/2026\/02\/PHOTO-2026-02-26-09-53-21-300x217.jpg\" alt=\"\" width=\"300\" height=\"217\" srcset=\"https:\/\/mariechristineaubert.com\/wp-content\/uploads\/2026\/02\/PHOTO-2026-02-26-09-53-21-300x217.jpg 300w, https:\/\/mariechristineaubert.com\/wp-content\/uploads\/2026\/02\/PHOTO-2026-02-26-09-53-21-1024x739.jpg 1024w, https:\/\/mariechristineaubert.com\/wp-content\/uploads\/2026\/02\/PHOTO-2026-02-26-09-53-21-768x554.jpg 768w, https:\/\/mariechristineaubert.com\/wp-content\/uploads\/2026\/02\/PHOTO-2026-02-26-09-53-21-1536x1109.jpg 1536w, https:\/\/mariechristineaubert.com\/wp-content\/uploads\/2026\/02\/PHOTO-2026-02-26-09-53-21.jpg 1600w\" sizes=\"auto, (max-width: 300px) 100vw, 300px\" \/>\u00a0 \u00a0 \u00a0 <img loading=\"lazy\" decoding=\"async\" class=\"alignnone size-medium wp-image-1309\" src=\"https:\/\/mariechristineaubert.com\/wp-content\/uploads\/2026\/02\/PHOTO-2026-02-27-22-29-31-200x300.jpg\" alt=\"\" width=\"200\" height=\"300\" srcset=\"https:\/\/mariechristineaubert.com\/wp-content\/uploads\/2026\/02\/PHOTO-2026-02-27-22-29-31-200x300.jpg 200w, https:\/\/mariechristineaubert.com\/wp-content\/uploads\/2026\/02\/PHOTO-2026-02-27-22-29-31-683x1024.jpg 683w, https:\/\/mariechristineaubert.com\/wp-content\/uploads\/2026\/02\/PHOTO-2026-02-27-22-29-31-768x1152.jpg 768w, https:\/\/mariechristineaubert.com\/wp-content\/uploads\/2026\/02\/PHOTO-2026-02-27-22-29-31-1024x1536.jpg 1024w, https:\/\/mariechristineaubert.com\/wp-content\/uploads\/2026\/02\/PHOTO-2026-02-27-22-29-31.jpg 1067w\" sizes=\"auto, (max-width: 200px) 100vw, 200px\" \/>\u00a0 \u00a0<\/p>\n<p>\u00a0 \u00a0 \u00a0 \u00a0 \u00a0 \u00a0 \u00a0 \u00a0 \u00a0 \u00a0 \u00a0 \u00a0 \u00a0 \u00a0 \u00a0 \u00a0 \u00a0 \u00a0 \u00a0 \u00a0 \u00a0 \u00a0 \u00a0 \u00a0 \u00a0 \u00a0 \u00a0 \u00a0 <img loading=\"lazy\" decoding=\"async\" class=\"alignnone size-medium wp-image-1394\" src=\"https:\/\/mariechristineaubert.com\/wp-content\/uploads\/2026\/02\/PHOTO-2026-02-27-22-29-32-copie-2-300x200.jpg\" alt=\"\" width=\"300\" height=\"200\" srcset=\"https:\/\/mariechristineaubert.com\/wp-content\/uploads\/2026\/02\/PHOTO-2026-02-27-22-29-32-copie-2-300x200.jpg 300w, https:\/\/mariechristineaubert.com\/wp-content\/uploads\/2026\/02\/PHOTO-2026-02-27-22-29-32-copie-2-1024x683.jpg 1024w, https:\/\/mariechristineaubert.com\/wp-content\/uploads\/2026\/02\/PHOTO-2026-02-27-22-29-32-copie-2-768x512.jpg 768w, https:\/\/mariechristineaubert.com\/wp-content\/uploads\/2026\/02\/PHOTO-2026-02-27-22-29-32-copie-2-1536x1024.jpg 1536w, https:\/\/mariechristineaubert.com\/wp-content\/uploads\/2026\/02\/PHOTO-2026-02-27-22-29-32-copie-2.jpg 1600w\" sizes=\"auto, (max-width: 300px) 100vw, 300px\" \/><\/p>\n<p>Dans ces visages poudr\u00e9s de paillettes, dans ces gestes tendus vers le ciel, dans ces regards profonds et solaires, se d\u00e9voile une dignit\u00e9 tranquille, une joie spontan\u00e9e, une force vivante. Les femmes apparaissent souveraines, rayonnantes, puissantes. Les hommes, musiciens ou porteurs de tradition incarnent la m\u00e9moire vivante du rythme et du temps.<\/p>\n<h2><span style=\"color: #0000ff; font-size: 24px;\"><strong>Le carnaval de Basse-Terre est un moment de lumi\u00e8re.<\/strong>\u00a0<\/span><\/h2>\n<p>Les couleurs \u00e9clatent dans la f\u00e9\u00e9rie des plumes et des bijoux. La sensualit\u00e9 des corps s&rsquo;affirme avec gr\u00e2ce et assurance. Les regards disent la fiert\u00e9, la joie, la transmission.<\/p>\n<p>\u00a0 \u00a0 \u00a0 \u00a0 \u00a0 \u00a0 \u00a0 \u00a0 \u00a0 \u00a0 \u00a0 \u00a0 \u00a0 \u00a0 \u00a0 \u00a0 \u00a0 \u00a0 \u00a0 \u00a0 \u00a0 \u00a0 \u00a0 \u00a0 \u00a0 \u00a0 \u00a0 \u00a0 \u00a0 \u00a0 \u00a0 \u00a0 \u00a0 \u00a0 \u00a0 \u00a0 \u00a0 \u00a0<img loading=\"lazy\" decoding=\"async\" class=\"alignnone size-medium wp-image-1359\" src=\"https:\/\/mariechristineaubert.com\/wp-content\/uploads\/2026\/02\/PHOTO-2026-02-27-22-29-32-copie-300x200.jpg\" alt=\"\" width=\"300\" height=\"200\" srcset=\"https:\/\/mariechristineaubert.com\/wp-content\/uploads\/2026\/02\/PHOTO-2026-02-27-22-29-32-copie-300x200.jpg 300w, https:\/\/mariechristineaubert.com\/wp-content\/uploads\/2026\/02\/PHOTO-2026-02-27-22-29-32-copie-1024x683.jpg 1024w, https:\/\/mariechristineaubert.com\/wp-content\/uploads\/2026\/02\/PHOTO-2026-02-27-22-29-32-copie-768x512.jpg 768w, https:\/\/mariechristineaubert.com\/wp-content\/uploads\/2026\/02\/PHOTO-2026-02-27-22-29-32-copie-1536x1024.jpg 1536w, https:\/\/mariechristineaubert.com\/wp-content\/uploads\/2026\/02\/PHOTO-2026-02-27-22-29-32-copie.jpg 1600w\" sizes=\"auto, (max-width: 300px) 100vw, 300px\" \/> <img loading=\"lazy\" decoding=\"async\" class=\"alignnone size-medium wp-image-1368\" src=\"https:\/\/mariechristineaubert.com\/wp-content\/uploads\/2026\/02\/PHOTO-2026-02-27-22-31-13-1-300x200.jpg\" alt=\"\" width=\"300\" height=\"200\" srcset=\"https:\/\/mariechristineaubert.com\/wp-content\/uploads\/2026\/02\/PHOTO-2026-02-27-22-31-13-1-300x200.jpg 300w, https:\/\/mariechristineaubert.com\/wp-content\/uploads\/2026\/02\/PHOTO-2026-02-27-22-31-13-1-1024x683.jpg 1024w, https:\/\/mariechristineaubert.com\/wp-content\/uploads\/2026\/02\/PHOTO-2026-02-27-22-31-13-1-768x512.jpg 768w, https:\/\/mariechristineaubert.com\/wp-content\/uploads\/2026\/02\/PHOTO-2026-02-27-22-31-13-1-1536x1024.jpg 1536w, https:\/\/mariechristineaubert.com\/wp-content\/uploads\/2026\/02\/PHOTO-2026-02-27-22-31-13-1.jpg 1600w\" sizes=\"auto, (max-width: 300px) 100vw, 300px\" \/>\u00a0 \u00a0 \u00a0 \u00a0 <img loading=\"lazy\" decoding=\"async\" class=\"alignnone size-medium wp-image-1373\" src=\"https:\/\/mariechristineaubert.com\/wp-content\/uploads\/2026\/02\/PHOTO-2026-02-26-09-53-20-200x300.jpg\" alt=\"\" width=\"200\" height=\"300\" srcset=\"https:\/\/mariechristineaubert.com\/wp-content\/uploads\/2026\/02\/PHOTO-2026-02-26-09-53-20-200x300.jpg 200w, https:\/\/mariechristineaubert.com\/wp-content\/uploads\/2026\/02\/PHOTO-2026-02-26-09-53-20-683x1024.jpg 683w, https:\/\/mariechristineaubert.com\/wp-content\/uploads\/2026\/02\/PHOTO-2026-02-26-09-53-20-768x1152.jpg 768w, https:\/\/mariechristineaubert.com\/wp-content\/uploads\/2026\/02\/PHOTO-2026-02-26-09-53-20-1024x1536.jpg 1024w, https:\/\/mariechristineaubert.com\/wp-content\/uploads\/2026\/02\/PHOTO-2026-02-26-09-53-20.jpg 1067w\" sizes=\"auto, (max-width: 200px) 100vw, 200px\" \/><\/p>\n<p>\u00a0 \u00a0 \u00a0 \u00a0 \u00a0 \u00a0 \u00a0 \u00a0 \u00a0 \u00a0 \u00a0 \u00a0 \u00a0 \u00a0 \u00a0 \u00a0 \u00a0 \u00a0 \u00a0 \u00a0 \u00a0 <img loading=\"lazy\" decoding=\"async\" class=\"size-medium wp-image-1364 alignright\" src=\"https:\/\/mariechristineaubert.com\/wp-content\/uploads\/2026\/02\/PHOTO-2026-02-26-09-53-18-300x200.jpg\" alt=\"\" width=\"300\" height=\"200\" srcset=\"https:\/\/mariechristineaubert.com\/wp-content\/uploads\/2026\/02\/PHOTO-2026-02-26-09-53-18-300x200.jpg 300w, https:\/\/mariechristineaubert.com\/wp-content\/uploads\/2026\/02\/PHOTO-2026-02-26-09-53-18-1024x683.jpg 1024w, https:\/\/mariechristineaubert.com\/wp-content\/uploads\/2026\/02\/PHOTO-2026-02-26-09-53-18-768x512.jpg 768w, https:\/\/mariechristineaubert.com\/wp-content\/uploads\/2026\/02\/PHOTO-2026-02-26-09-53-18-1536x1024.jpg 1536w, https:\/\/mariechristineaubert.com\/wp-content\/uploads\/2026\/02\/PHOTO-2026-02-26-09-53-18.jpg 1600w\" sizes=\"auto, (max-width: 300px) 100vw, 300px\" \/><\/p>\n<p><img loading=\"lazy\" decoding=\"async\" class=\"alignnone size-medium wp-image-1411\" src=\"https:\/\/mariechristineaubert.com\/wp-content\/uploads\/2026\/03\/PHOTO-2026-02-26-09-53-19-200x300.jpg\" alt=\"\" width=\"200\" height=\"300\" srcset=\"https:\/\/mariechristineaubert.com\/wp-content\/uploads\/2026\/03\/PHOTO-2026-02-26-09-53-19-200x300.jpg 200w, https:\/\/mariechristineaubert.com\/wp-content\/uploads\/2026\/03\/PHOTO-2026-02-26-09-53-19-683x1024.jpg 683w, https:\/\/mariechristineaubert.com\/wp-content\/uploads\/2026\/03\/PHOTO-2026-02-26-09-53-19-768x1152.jpg 768w, https:\/\/mariechristineaubert.com\/wp-content\/uploads\/2026\/03\/PHOTO-2026-02-26-09-53-19-1024x1536.jpg 1024w, https:\/\/mariechristineaubert.com\/wp-content\/uploads\/2026\/03\/PHOTO-2026-02-26-09-53-19.jpg 1067w\" sizes=\"auto, (max-width: 200px) 100vw, 200px\" \/><\/p>\n<p style=\"text-align: center;\">\u00a0<span style=\"color: #0000ff; font-size: 24px;\"> \u00a0 \u00a0<strong>Le myst\u00e8re de l&rsquo;instant fugitif<\/strong><\/span><\/p>\n<p>Comme lors de l&rsquo;exposition de Wylda Bayron rencontr\u00e9e \u00e0 Sydney, je retrouve ici, en Guadeloupe, le myst\u00e8re de l&rsquo;instant fugitif.<\/p>\n<p>Deux visions du r\u00e9el se r\u00e9pondent.<\/p>\n<p>L&rsquo;une explore la profondeur des \u00e2mes, l&rsquo;autre c\u00e9l\u00e8bre la l\u00e9g\u00e8ret\u00e9 lumineuse de l&rsquo;\u00e9lan festif.<\/p>\n<p>&nbsp;<\/p>\n<p>\u2728 Ce site n\u2019est pas interactif. Mais je serai ravie de lire vos messages :\ud83d\udce7 <span style=\"color: #0000ff;\">auteur@mariechristineaubert.com<\/span><\/p>\n<p>&nbsp;<\/p>\n<p>Partons en voyage\u00a0 :\u00a0 <span style=\"color: #0000ff;\"><a style=\"color: #0000ff;\" href=\"https:\/\/mariechristineaubert.com\/index.php\/petit-tour-a-sydney\/\">https:\/\/mariechristineaubert.com\/index.php\/petit-tour-a-sydney\/<\/a><\/span><\/p>\n<p>Danser dans la m\u00e9moire &#8211; Un bonheur qui traverse le temps : la journ\u00e9e des Mamies \u00e0 Pointe-\u00e0-Pitre :\u00a0<span style=\"color: #0000ff;\"><a style=\"color: #0000ff;\" href=\"https:\/\/mariechristineaubert.com\/index.php\/danser-dans-la-m\u2026raverse-le-temps\/\">https:\/\/mariechristineaubert.com\/index.php\/danser-dans-la-m\u2026raverse-le-temps\/<\/a><\/span><\/p>\n<p>Carnaval de Guadeloupe &#8211; I-le d\u00e9fil\u00e9 des marchandes : <span style=\"color: #0000ff;\">\u00a0<a style=\"color: #0000ff;\" href=\"https:\/\/mariechristineaubert.com\/index.php\/carnaval-de-guad\u2026s-nuits-de-folie\">https:\/\/mariechristineaubert.com\/index.php\/carnaval-de-guad\u2026s-nuits-de-folie<\/a><\/span><\/p>\n<p>Carnaval de Guadeloupe-II- Nos c\u0153urs battent au rythme du Gwoka :<span style=\"color: #0000ff;\">\u00a0<a style=\"color: #0000ff;\" href=\"https:\/\/mariechristineaubert.com\/index.php\/carnaval-de-guad\u2026-rythme-du-gwoka\/\">https:\/\/mariechristineaubert.com\/index.php\/carnaval-de-guad\u2026-rythme-du-gwoka\/<\/a><\/span><\/p>\n<p>Carnaval de Guadeloupe- III- La parade nocturne\u00a0<span style=\"color: #0000ff;\"><a style=\"color: #0000ff;\" href=\"https:\/\/mariechristineaubert.com\/index.php\/carnaval-de-guad\u2026-parade-nocturne\/\">https:\/\/mariechristineaubert.com\/index.php\/carnaval-de-guad\u2026-parade-nocturne\/<\/a><\/span><\/p>\n<p>&nbsp;<\/p>\n<p>&nbsp;<\/p>\n<p>Christine et sa vie d&rsquo;aventures dans les \u00eeles de la lune :<img decoding=\"async\" class=\"an1\" draggable=\"false\" src=\"https:\/\/fonts.gstatic.com\/s\/e\/notoemoji\/16.0\/1f449\/32.png\" alt=\"\ud83d\udc49\" data-emoji=\"\ud83d\udc49\" aria-label=\"\ud83d\udc49\" \/><span style=\"font-size: 1rem;\"> <a style=\"color: #1a73e8; text-decoration: none; font-weight: 600;\" href=\"https:\/\/www.amazon.fr\/dp\/B0F1TSQ8TQ\" target=\"_blank\" rel=\"noopener nofollow sponsored\">Disponible en version broch\u00e9e, reli\u00e9e et num\u00e9rique sur Amazon<\/a><\/span><\/p>\n<p>&nbsp;<\/p>\n<p>&nbsp;<\/p>\n<p>&nbsp;<\/p>\n","protected":false},"excerpt":{"rendered":"<p>Visages et corps de lumi\u00e8re &#8211; \u00a0Carnaval de Basse-Terre &#8211; Guadeloupe \u00a0 \u00a0 \u00a0 \u00a0 \u00a0 \u00a0 \u00a0 \u00a0Le regard d&rsquo;un photographe \u00a0 \u00a0 \u00a0 \u00a0 \u00a0 \u00a0 \u00a0 \u00a0 \u00a0 \u00a0 \u00a0 \u00a0 \u00a0 \u00a0 \u00a0 \u00a0 \u00a0 \u00a0 \u00a0 \u00a0\u00a0 \u00a0 \u00a0 \u00a0 \u00a0 \u00a0 \u00a0 \u00a0 \u00a0 \u00a0 \u00a0Jean-Michel Curier \u00a0 \u00a0 &hellip; <\/p>\n<p class=\"link-more\"><a href=\"https:\/\/mariechristineaubert.com\/index.php\/le-carnaval-de-basse-terre-visages-et-corps-de-lumiere\/\" class=\"more-link\">Continuer la lecture<span class=\"screen-reader-text\"> de &laquo;&nbsp;Carnaval de Basse Terre &#8211; Visages et corps de lumi\u00e8re&nbsp;&raquo;<\/span><\/a><\/p>\n","protected":false},"author":1,"featured_media":0,"parent":0,"menu_order":0,"comment_status":"closed","ping_status":"closed","template":"","meta":{"footnotes":""},"class_list":["post-1210","page","type-page","status-publish","hentry"],"lang":"fr","translations":{"fr":1210},"pll_sync_post":[],"_links":{"self":[{"href":"https:\/\/mariechristineaubert.com\/index.php\/wp-json\/wp\/v2\/pages\/1210","targetHints":{"allow":["GET"]}}],"collection":[{"href":"https:\/\/mariechristineaubert.com\/index.php\/wp-json\/wp\/v2\/pages"}],"about":[{"href":"https:\/\/mariechristineaubert.com\/index.php\/wp-json\/wp\/v2\/types\/page"}],"author":[{"embeddable":true,"href":"https:\/\/mariechristineaubert.com\/index.php\/wp-json\/wp\/v2\/users\/1"}],"replies":[{"embeddable":true,"href":"https:\/\/mariechristineaubert.com\/index.php\/wp-json\/wp\/v2\/comments?post=1210"}],"version-history":[{"count":38,"href":"https:\/\/mariechristineaubert.com\/index.php\/wp-json\/wp\/v2\/pages\/1210\/revisions"}],"predecessor-version":[{"id":1893,"href":"https:\/\/mariechristineaubert.com\/index.php\/wp-json\/wp\/v2\/pages\/1210\/revisions\/1893"}],"wp:attachment":[{"href":"https:\/\/mariechristineaubert.com\/index.php\/wp-json\/wp\/v2\/media?parent=1210"}],"curies":[{"name":"wp","href":"https:\/\/api.w.org\/{rel}","templated":true}]}}