{"id":1682,"date":"2026-03-04T18:02:09","date_gmt":"2026-03-04T17:02:09","guid":{"rendered":"https:\/\/mariechristineaubert.com\/?page_id=1682"},"modified":"2026-03-06T12:53:17","modified_gmt":"2026-03-06T11:53:17","slug":"carnaval-de-guadeloupe-trois-jours-et-trois-nuits-de-folie","status":"publish","type":"page","link":"https:\/\/mariechristineaubert.com\/index.php\/carnaval-de-guadeloupe-trois-jours-et-trois-nuits-de-folie\/","title":{"rendered":"Carnaval de Guadeloupe &#8211; I &#8211; Le d\u00e9fil\u00e9 des Marchandes"},"content":{"rendered":"<p><strong><span style=\"font-size: 24px; color: #0000ff;\">Carnaval de Guadeloupe &#8211; I- Le D\u00e9fil\u00e9 des Marchandes \u00a0<\/span><\/strong><\/p>\n<p>Le lundi matin apr\u00e8s la messe doit d\u00e9buter le d\u00e9fil\u00e9 des marchandes. \u00a0Le d\u00e9part doit s&rsquo;organiser au march\u00e9 couvert de Basse-Terre.<\/p>\n<p><span style=\"color: #0000ff;\"><strong><span style=\"font-size: 24px;\">Le march\u00e9 de Basse-Terre en folie<\/span><\/strong><\/span><\/p>\n<p>A mon arriv\u00e9e, une effervescence exceptionnelle anime le march\u00e9. Je vous invite \u00e0 d\u00e9couvrir les huit vid\u00e9os suivantes pour entrer dans l&rsquo;ambiance du march\u00e9 en f\u00eate et accompagner le d\u00e9fil\u00e9 des marchandes dans les rues de Basse-Terre.<\/p>\n<div style=\"width: 525px;\" class=\"wp-video\"><video class=\"wp-video-shortcode\" id=\"video-1682-1\" width=\"525\" height=\"933\" preload=\"metadata\" controls=\"controls\"><source type=\"video\/mp4\" src=\"https:\/\/mariechristineaubert.com\/wp-content\/uploads\/2026\/03\/Design-sans-titre.mp4?_=1\" \/><a href=\"https:\/\/mariechristineaubert.com\/wp-content\/uploads\/2026\/03\/Design-sans-titre.mp4\">https:\/\/mariechristineaubert.com\/wp-content\/uploads\/2026\/03\/Design-sans-titre.mp4<\/a><\/video><\/div>\n<div style=\"width: 525px;\" class=\"wp-video\"><video class=\"wp-video-shortcode\" id=\"video-1682-2\" width=\"525\" height=\"933\" preload=\"metadata\" controls=\"controls\"><source type=\"video\/mp4\" src=\"https:\/\/mariechristineaubert.com\/wp-content\/uploads\/2026\/03\/IMG_5195.mp4?_=2\" \/><a href=\"https:\/\/mariechristineaubert.com\/wp-content\/uploads\/2026\/03\/IMG_5195.mp4\">https:\/\/mariechristineaubert.com\/wp-content\/uploads\/2026\/03\/IMG_5195.mp4<\/a><\/video><\/div>\n<div style=\"width: 525px;\" class=\"wp-video\"><video class=\"wp-video-shortcode\" id=\"video-1682-3\" width=\"525\" height=\"933\" preload=\"metadata\" controls=\"controls\"><source type=\"video\/mp4\" src=\"https:\/\/mariechristineaubert.com\/wp-content\/uploads\/2026\/03\/IMG_5197-2.mp4?_=3\" \/><a href=\"https:\/\/mariechristineaubert.com\/wp-content\/uploads\/2026\/03\/IMG_5197-2.mp4\">https:\/\/mariechristineaubert.com\/wp-content\/uploads\/2026\/03\/IMG_5197-2.mp4<\/a><\/video><\/div>\n<div style=\"width: 525px;\" class=\"wp-video\"><video class=\"wp-video-shortcode\" id=\"video-1682-4\" width=\"525\" height=\"933\" preload=\"metadata\" controls=\"controls\"><source type=\"video\/mp4\" src=\"https:\/\/mariechristineaubert.com\/wp-content\/uploads\/2026\/03\/IMG_5196.mp4?_=4\" \/><a href=\"https:\/\/mariechristineaubert.com\/wp-content\/uploads\/2026\/03\/IMG_5196.mp4\">https:\/\/mariechristineaubert.com\/wp-content\/uploads\/2026\/03\/IMG_5196.mp4<\/a><\/video><\/div>\n<p><span style=\"font-size: 24px; color: #0000ff;\"><strong>Les rires, les pas de danse et les \u00e9toffes color\u00e9es animent cette matin\u00e9e<\/strong><\/span><\/p>\n<div style=\"width: 525px;\" class=\"wp-video\"><video class=\"wp-video-shortcode\" id=\"video-1682-5\" width=\"525\" height=\"933\" preload=\"metadata\" controls=\"controls\"><source type=\"video\/mp4\" src=\"https:\/\/mariechristineaubert.com\/wp-content\/uploads\/2026\/03\/IMG_5150.mp4?_=5\" \/><a href=\"https:\/\/mariechristineaubert.com\/wp-content\/uploads\/2026\/03\/IMG_5150.mp4\">https:\/\/mariechristineaubert.com\/wp-content\/uploads\/2026\/03\/IMG_5150.mp4<\/a><\/video><\/div>\n<h4><span style=\"font-size: 24px; color: #0000ff;\">Le d\u00e9fil\u00e9 parcourt les rues de la ville\u00a0<\/span><\/h4>\n<p>&nbsp;<\/p>\n<div style=\"width: 525px;\" class=\"wp-video\"><video class=\"wp-video-shortcode\" id=\"video-1682-6\" width=\"525\" height=\"933\" preload=\"metadata\" controls=\"controls\"><source type=\"video\/mp4\" src=\"https:\/\/mariechristineaubert.com\/wp-content\/uploads\/2026\/03\/IMG_5180.mp4?_=6\" \/><a href=\"https:\/\/mariechristineaubert.com\/wp-content\/uploads\/2026\/03\/IMG_5180.mp4\">https:\/\/mariechristineaubert.com\/wp-content\/uploads\/2026\/03\/IMG_5180.mp4<\/a><\/video><\/div>\n<div style=\"width: 525px;\" class=\"wp-video\"><video class=\"wp-video-shortcode\" id=\"video-1682-7\" width=\"525\" height=\"933\" preload=\"metadata\" controls=\"controls\"><source type=\"video\/mp4\" src=\"https:\/\/mariechristineaubert.com\/wp-content\/uploads\/2026\/03\/IMG_5181.mp4?_=7\" \/><a href=\"https:\/\/mariechristineaubert.com\/wp-content\/uploads\/2026\/03\/IMG_5181.mp4\">https:\/\/mariechristineaubert.com\/wp-content\/uploads\/2026\/03\/IMG_5181.mp4<\/a><\/video><\/div>\n<p><span style=\"font-size: 24px; color: #0000ff;\"><strong>\u00a0La f\u00eate se d\u00e9ploie au rythme des tambours.<\/strong><\/span><\/p>\n<div style=\"width: 525px;\" class=\"wp-video\"><video class=\"wp-video-shortcode\" id=\"video-1682-8\" width=\"525\" height=\"933\" preload=\"metadata\" controls=\"controls\"><source type=\"video\/mp4\" src=\"https:\/\/mariechristineaubert.com\/wp-content\/uploads\/2026\/03\/IMG_5183.mp4?_=8\" \/><a href=\"https:\/\/mariechristineaubert.com\/wp-content\/uploads\/2026\/03\/IMG_5183.mp4\">https:\/\/mariechristineaubert.com\/wp-content\/uploads\/2026\/03\/IMG_5183.mp4<\/a><\/video><\/div>\n<p>\u2728 Ce site n\u2019est pas interactif. Mais je serai ravie de lire vos messages :\ud83d\udce7 <span style=\"color: #0000ff;\">auteur@mariechristineaubert.com<\/span><\/p>\n<p>Carnaval de Guadeloupe-II- Nos c\u0153urs battent au rythme du Gwoka :<span style=\"color: #0000ff;\">\u00a0<a style=\"color: #0000ff;\" href=\"https:\/\/mariechristineaubert.com\/index.php\/carnaval-de-guad\u2026-rythme-du-gwoka\/\">https:\/\/mariechristineaubert.com\/index.php\/carnaval-de-guad\u2026-rythme-du-gwoka\/<\/a><\/span><\/p>\n<p>Carnaval de Guadeloupe- III- La parade nocturne\u00a0<span style=\"color: #0000ff;\"><a style=\"color: #0000ff;\" href=\"https:\/\/mariechristineaubert.com\/index.php\/carnaval-de-guad\u2026-parade-nocturne\/\">https:\/\/mariechristineaubert.com\/index.php\/carnaval-de-guad\u2026-parade-nocturne\/<\/a><\/span><\/p>\n<p>Carnaval de Basse-Terre: Visages et corps de lumi\u00e8re <span style=\"color: #0000ff;\"><a style=\"color: #0000ff;\" href=\"https:\/\/mariechristineaubert.com\/index.php\/le-carnaval-de-b\u2026corps-de-lumiere\/\">https:\/\/mariechristineaubert.com\/index.php\/le-carnaval-de-b\u2026corps-de-lumiere\/<\/a><\/span><\/p>\n<p>Christine et sa vie d&rsquo;aventures dans les \u00eeles de la lune :<img decoding=\"async\" class=\"an1\" draggable=\"false\" src=\"https:\/\/fonts.gstatic.com\/s\/e\/notoemoji\/16.0\/1f449\/32.png\" alt=\"\ud83d\udc49\" data-emoji=\"\ud83d\udc49\" aria-label=\"\ud83d\udc49\" \/><span style=\"font-size: 1rem;\"> <a style=\"color: #1a73e8; text-decoration: none; font-weight: 600;\" href=\"https:\/\/www.amazon.fr\/dp\/B0F1TSQ8TQ\" target=\"_blank\" rel=\"noopener nofollow sponsored\">Disponible en version broch\u00e9e, reli\u00e9e et num\u00e9rique sur Amazon<\/a><\/span><\/p>\n<p>&nbsp;<\/p>\n","protected":false},"excerpt":{"rendered":"<p>Carnaval de Guadeloupe &#8211; I- Le D\u00e9fil\u00e9 des Marchandes \u00a0 Le lundi matin apr\u00e8s la messe doit d\u00e9buter le d\u00e9fil\u00e9 des marchandes. \u00a0Le d\u00e9part doit s&rsquo;organiser au march\u00e9 couvert de Basse-Terre. Le march\u00e9 de Basse-Terre en folie A mon arriv\u00e9e, une effervescence exceptionnelle anime le march\u00e9. Je vous invite \u00e0 d\u00e9couvrir les huit vid\u00e9os suivantes &hellip; <\/p>\n<p class=\"link-more\"><a href=\"https:\/\/mariechristineaubert.com\/index.php\/carnaval-de-guadeloupe-trois-jours-et-trois-nuits-de-folie\/\" class=\"more-link\">Continuer la lecture<span class=\"screen-reader-text\"> de &laquo;&nbsp;Carnaval de Guadeloupe &#8211; I &#8211; Le d\u00e9fil\u00e9 des Marchandes&nbsp;&raquo;<\/span><\/a><\/p>\n","protected":false},"author":1,"featured_media":0,"parent":0,"menu_order":0,"comment_status":"closed","ping_status":"closed","template":"","meta":{"footnotes":""},"class_list":["post-1682","page","type-page","status-publish","hentry"],"lang":"fr","translations":{"fr":1682},"pll_sync_post":[],"_links":{"self":[{"href":"https:\/\/mariechristineaubert.com\/index.php\/wp-json\/wp\/v2\/pages\/1682","targetHints":{"allow":["GET"]}}],"collection":[{"href":"https:\/\/mariechristineaubert.com\/index.php\/wp-json\/wp\/v2\/pages"}],"about":[{"href":"https:\/\/mariechristineaubert.com\/index.php\/wp-json\/wp\/v2\/types\/page"}],"author":[{"embeddable":true,"href":"https:\/\/mariechristineaubert.com\/index.php\/wp-json\/wp\/v2\/users\/1"}],"replies":[{"embeddable":true,"href":"https:\/\/mariechristineaubert.com\/index.php\/wp-json\/wp\/v2\/comments?post=1682"}],"version-history":[{"count":15,"href":"https:\/\/mariechristineaubert.com\/index.php\/wp-json\/wp\/v2\/pages\/1682\/revisions"}],"predecessor-version":[{"id":1894,"href":"https:\/\/mariechristineaubert.com\/index.php\/wp-json\/wp\/v2\/pages\/1682\/revisions\/1894"}],"wp:attachment":[{"href":"https:\/\/mariechristineaubert.com\/index.php\/wp-json\/wp\/v2\/media?parent=1682"}],"curies":[{"name":"wp","href":"https:\/\/api.w.org\/{rel}","templated":true}]}}