{"id":1795,"date":"2026-03-05T14:27:20","date_gmt":"2026-03-05T13:27:20","guid":{"rendered":"https:\/\/mariechristineaubert.com\/?page_id=1795"},"modified":"2026-03-06T12:54:19","modified_gmt":"2026-03-06T11:54:19","slug":"carnaval-de-guadeloupe-ii-nos-coeurs-battent-au-rythme-du-gwoka","status":"publish","type":"page","link":"https:\/\/mariechristineaubert.com\/index.php\/carnaval-de-guadeloupe-ii-nos-coeurs-battent-au-rythme-du-gwoka\/","title":{"rendered":"Carnaval de Guadeloupe &#8211; II- Nos coeurs battent au rythme du Gwoka"},"content":{"rendered":"<h1><span style=\"color: #0000ff;\"><strong>Carnaval de Guadeloupe &#8211; II- Nos coeurs battent au rythme du Gwoka<\/strong><\/span><\/h1>\n<p><span style=\"font-size: 20px;\">Impossible d&rsquo;imaginer le carnaval de Guadeloupe sans le son profond du Gwoka. Les tambours donnent \u00e0 la f\u00eate son souffle, entra\u00eenent les danseurs et rassemblent la foule. D\u00e8s que r\u00e9sonne le ka, c\u0153urs et corps se laissent emporter.<\/span><\/p>\n<div style=\"width: 525px;\" class=\"wp-video\"><video class=\"wp-video-shortcode\" id=\"video-1795-1\" width=\"525\" height=\"420\" preload=\"metadata\" controls=\"controls\"><source type=\"video\/mp4\" src=\"https:\/\/mariechristineaubert.com\/wp-content\/uploads\/2026\/03\/IMG_5218-copie.mp4?_=1\" \/><a href=\"https:\/\/mariechristineaubert.com\/wp-content\/uploads\/2026\/03\/IMG_5218-copie.mp4\">https:\/\/mariechristineaubert.com\/wp-content\/uploads\/2026\/03\/IMG_5218-copie.mp4<\/a><\/video><\/div>\n<p><span style=\"color: #0000ff;\"><strong><span style=\"font-size: 20px;\">Le Gwoka &#8211; Le c\u0153ur battant du carnaval\u00a0<\/span><\/strong><\/span><\/p>\n<div style=\"width: 525px;\" class=\"wp-video\"><video class=\"wp-video-shortcode\" id=\"video-1795-2\" width=\"525\" height=\"525\" preload=\"metadata\" controls=\"controls\"><source type=\"video\/mp4\" src=\"https:\/\/mariechristineaubert.com\/wp-content\/uploads\/2026\/03\/IMG_5209.mp4?_=2\" \/><a href=\"https:\/\/mariechristineaubert.com\/wp-content\/uploads\/2026\/03\/IMG_5209.mp4\">https:\/\/mariechristineaubert.com\/wp-content\/uploads\/2026\/03\/IMG_5209.mp4<\/a><\/video><\/div>\n<p>Renversant !!! N&rsquo;est-ce-pas?<\/p>\n<div style=\"width: 525px;\" class=\"wp-video\"><video class=\"wp-video-shortcode\" id=\"video-1795-3\" width=\"525\" height=\"933\" preload=\"metadata\" controls=\"controls\"><source type=\"video\/mp4\" src=\"https:\/\/mariechristineaubert.com\/wp-content\/uploads\/2026\/03\/IMG_5210.mp4?_=3\" \/><a href=\"https:\/\/mariechristineaubert.com\/wp-content\/uploads\/2026\/03\/IMG_5210.mp4\">https:\/\/mariechristineaubert.com\/wp-content\/uploads\/2026\/03\/IMG_5210.mp4<\/a><\/video><\/div>\n<p>&nbsp;<\/p>\n<div style=\"width: 525px;\" class=\"wp-video\"><video class=\"wp-video-shortcode\" id=\"video-1795-4\" width=\"525\" height=\"933\" preload=\"metadata\" controls=\"controls\"><source type=\"video\/mp4\" src=\"https:\/\/mariechristineaubert.com\/wp-content\/uploads\/2026\/03\/IMG_5227.mp4?_=4\" \/><a href=\"https:\/\/mariechristineaubert.com\/wp-content\/uploads\/2026\/03\/IMG_5227.mp4\">https:\/\/mariechristineaubert.com\/wp-content\/uploads\/2026\/03\/IMG_5227.mp4<\/a><\/video><\/div>\n<div style=\"width: 525px;\" class=\"wp-video\"><video class=\"wp-video-shortcode\" id=\"video-1795-5\" width=\"525\" height=\"295\" preload=\"metadata\" controls=\"controls\"><source type=\"video\/mp4\" src=\"https:\/\/mariechristineaubert.com\/wp-content\/uploads\/2026\/03\/IMG_4240.mp4?_=5\" \/><a href=\"https:\/\/mariechristineaubert.com\/wp-content\/uploads\/2026\/03\/IMG_4240.mp4\">https:\/\/mariechristineaubert.com\/wp-content\/uploads\/2026\/03\/IMG_4240.mp4<\/a><\/video><\/div>\n<p>\u2728 Ce site n\u2019est pas interactif. Mais je serai ravie de lire vos messages :\ud83d\udce7 <span style=\"color: #0000ff;\">auteur@mariechristineaubert.com<\/span><\/p>\n<p>Carnaval de Guadeloupe &#8211; I-le d\u00e9fil\u00e9 des marchandes : <span style=\"color: #0000ff;\">\u00a0<a style=\"color: #0000ff;\" href=\"https:\/\/mariechristineaubert.com\/index.php\/carnaval-de-guad\u2026s-nuits-de-folie\">https:\/\/mariechristineaubert.com\/index.php\/carnaval-de-guad\u2026s-nuits-de-folie<\/a><\/span><\/p>\n<p>Carnaval de Guadeloupe- III- La parade nocturne\u00a0<span style=\"color: #0000ff;\"><a style=\"color: #0000ff;\" href=\"https:\/\/mariechristineaubert.com\/index.php\/carnaval-de-guad\u2026-parade-nocturne\/\">https:\/\/mariechristineaubert.com\/index.php\/carnaval-de-guad\u2026-parade-nocturne\/<\/a><\/span><\/p>\n<p>Carnaval de Basse-Terre &#8211; Visages et corps de lumi\u00e8re :\u00a0<span style=\"color: #0000ff;\"><a style=\"color: #0000ff;\" href=\"https:\/\/mariechristineaubert.com\/index.php\/le-carnaval-de-b\u2026corps-de-lumiere\/\">https:\/\/mariechristineaubert.com\/index.php\/le-carnaval-de-b\u2026corps-de-lumiere\/<\/a><\/span><\/p>\n<p>Christine et sa vie d&rsquo;aventures dans les \u00eeles de la lune :<img decoding=\"async\" class=\"an1\" draggable=\"false\" src=\"https:\/\/fonts.gstatic.com\/s\/e\/notoemoji\/16.0\/1f449\/32.png\" alt=\"\ud83d\udc49\" data-emoji=\"\ud83d\udc49\" aria-label=\"\ud83d\udc49\" \/><span style=\"font-size: 1rem;\"> <a style=\"color: #1a73e8; text-decoration: none; font-weight: 600;\" href=\"https:\/\/www.amazon.fr\/dp\/B0F1TSQ8TQ\" target=\"_blank\" rel=\"noopener nofollow sponsored\">Disponible en version broch\u00e9e, reli\u00e9e et num\u00e9rique sur Amazon<\/a><\/span><\/p>\n<p>&nbsp;<\/p>\n<p>&nbsp;<\/p>\n<p>&nbsp;<\/p>\n<p>&nbsp;<\/p>\n<p>&nbsp;<\/p>\n<p>&nbsp;<\/p>\n<p>&nbsp;<\/p>\n<p>&nbsp;<\/p>\n<p>&nbsp;<\/p>\n<p>&nbsp;<\/p>\n<p>&nbsp;<\/p>\n","protected":false},"excerpt":{"rendered":"<p>Carnaval de Guadeloupe &#8211; II- Nos coeurs battent au rythme du Gwoka Impossible d&rsquo;imaginer le carnaval de Guadeloupe sans le son profond du Gwoka. Les tambours donnent \u00e0 la f\u00eate son souffle, entra\u00eenent les danseurs et rassemblent la foule. D\u00e8s que r\u00e9sonne le ka, c\u0153urs et corps se laissent emporter. Le Gwoka &#8211; Le c\u0153ur &hellip; <\/p>\n<p class=\"link-more\"><a href=\"https:\/\/mariechristineaubert.com\/index.php\/carnaval-de-guadeloupe-ii-nos-coeurs-battent-au-rythme-du-gwoka\/\" class=\"more-link\">Continuer la lecture<span class=\"screen-reader-text\"> de &laquo;&nbsp;Carnaval de Guadeloupe &#8211; II- Nos coeurs battent au rythme du Gwoka&nbsp;&raquo;<\/span><\/a><\/p>\n","protected":false},"author":1,"featured_media":0,"parent":0,"menu_order":0,"comment_status":"closed","ping_status":"closed","template":"","meta":{"footnotes":""},"class_list":["post-1795","page","type-page","status-publish","hentry"],"lang":"fr","translations":{"fr":1795},"pll_sync_post":[],"_links":{"self":[{"href":"https:\/\/mariechristineaubert.com\/index.php\/wp-json\/wp\/v2\/pages\/1795","targetHints":{"allow":["GET"]}}],"collection":[{"href":"https:\/\/mariechristineaubert.com\/index.php\/wp-json\/wp\/v2\/pages"}],"about":[{"href":"https:\/\/mariechristineaubert.com\/index.php\/wp-json\/wp\/v2\/types\/page"}],"author":[{"embeddable":true,"href":"https:\/\/mariechristineaubert.com\/index.php\/wp-json\/wp\/v2\/users\/1"}],"replies":[{"embeddable":true,"href":"https:\/\/mariechristineaubert.com\/index.php\/wp-json\/wp\/v2\/comments?post=1795"}],"version-history":[{"count":12,"href":"https:\/\/mariechristineaubert.com\/index.php\/wp-json\/wp\/v2\/pages\/1795\/revisions"}],"predecessor-version":[{"id":1895,"href":"https:\/\/mariechristineaubert.com\/index.php\/wp-json\/wp\/v2\/pages\/1795\/revisions\/1895"}],"wp:attachment":[{"href":"https:\/\/mariechristineaubert.com\/index.php\/wp-json\/wp\/v2\/media?parent=1795"}],"curies":[{"name":"wp","href":"https:\/\/api.w.org\/{rel}","templated":true}]}}