{"id":1797,"date":"2026-03-06T04:01:21","date_gmt":"2026-03-06T03:01:21","guid":{"rendered":"https:\/\/mariechristineaubert.com\/?page_id=1797"},"modified":"2026-03-06T12:55:08","modified_gmt":"2026-03-06T11:55:08","slug":"carnaval-de-guadeloupe-iii-la-parade-nocturne","status":"publish","type":"page","link":"https:\/\/mariechristineaubert.com\/index.php\/carnaval-de-guadeloupe-iii-la-parade-nocturne\/","title":{"rendered":"Carnaval de Guadeloupe &#8211; III- La parade nocturne"},"content":{"rendered":"<p><span style=\"font-size: 28px; color: #0000ff;\"><strong>Carnaval de Guadeloupe &#8211; III- La parade nocturne<\/strong><\/span><\/p>\n<p>Quand tombe la nuit, le carnaval change de visage.<\/p>\n<p>Les lumi\u00e8res s&rsquo;allument, les costumes prennent des reflets nouveaux et la foule se laisse emporter dans un autre rythme.\u00a0<\/p>\n<p>La musique r\u00e9sonne dans les rues de Basse-Terre, et la f\u00eate continue, plus intense encore.<\/p>\n<h1><span style=\"font-size: 20px;\"><strong><span style=\"color: #0000ff;\">Une \u00e9nergie collective indicible s&#8217;empare de la ville.<\/span><\/strong><\/span><\/h1>\n<p>Le carnaval s&rsquo;illumine. Les chars apparaissent dans la nuit. L&rsquo;enthousiasme de la foule, le mouvement, le bruit , la ferveur, les applaudissements &#8211; tout concourt \u00e0 une nuit de folie. Les paillettes, la brillance des costumes et la dynamique joyeuse du d\u00e9fil\u00e9 nous invitent \u00e0 la danse.<\/p>\n<div style=\"width: 478px;\" class=\"wp-video\"><video class=\"wp-video-shortcode\" id=\"video-1797-1\" width=\"478\" height=\"850\" preload=\"metadata\" controls=\"controls\"><source type=\"video\/mp4\" src=\"https:\/\/mariechristineaubert.com\/wp-content\/uploads\/2026\/03\/VIDEO-2026-02-17-09-21-55.mp4?_=1\" \/><a href=\"https:\/\/mariechristineaubert.com\/wp-content\/uploads\/2026\/03\/VIDEO-2026-02-17-09-21-55.mp4\">https:\/\/mariechristineaubert.com\/wp-content\/uploads\/2026\/03\/VIDEO-2026-02-17-09-21-55.mp4<\/a><\/video><\/div>\n<p><em>Vid\u00e9o de Jean-fran\u00e7ais Thiebo<\/em><\/p>\n<h2><strong><span style=\"color: #0000ff;\">Pas de carnaval sans la magie des apparences<\/span><\/strong><\/h2>\n<p>Les fouetteurs ouvrent la marche : le claquement sec des fouets et le nuage de l&rsquo;encens qui se r\u00e9pand comme un voile de poudre et de fum\u00e9e donnent l&rsquo;impression d&rsquo;une arm\u00e9e en ordre de marche ou celle, encore plus d\u00e9jant\u00e9e, d&rsquo;un troupeau fou qui s&rsquo;\u00e9lance dans la poussi\u00e8re.<\/p>\n<p>Une part presque primitive, un peu inqui\u00e9tante et sauvage, s&rsquo;exprime dans un cort\u00e8ge qui semble se prolonger \u00e0 l&rsquo;infini. Une \u00e9nergie collective, archa\u00efque et quasi-rituelle, surgit dans la nuit.<\/p>\n<div style=\"width: 478px;\" class=\"wp-video\"><video class=\"wp-video-shortcode\" id=\"video-1797-2\" width=\"478\" height=\"850\" preload=\"metadata\" controls=\"controls\"><source type=\"video\/mp4\" src=\"https:\/\/mariechristineaubert.com\/wp-content\/uploads\/2026\/03\/VIDEO-2026-02-17-08-32-02.mp4?_=2\" \/><a href=\"https:\/\/mariechristineaubert.com\/wp-content\/uploads\/2026\/03\/VIDEO-2026-02-17-08-32-02.mp4\">https:\/\/mariechristineaubert.com\/wp-content\/uploads\/2026\/03\/VIDEO-2026-02-17-08-32-02.mp4<\/a><\/video><\/div>\n<p><em>Vid\u00e9o de Jean-Fran\u00e7ois Thiebo<\/em><\/p>\n<h2><strong><span style=\"color: #0000ff;\">La f\u00eate continue dans la rue au rythme des tambours.<\/span><\/strong><\/h2>\n<p>Un magnifique tambour ouvre la marche. Derri\u00e8re lui apparaissent les danseurs et les danseuses magnifi\u00e9s dans leurs d\u00e9guisements de petits tambours, silhouettes lumineuses qui avancent dans la nuit.<\/p>\n<div style=\"width: 478px;\" class=\"wp-video\"><video class=\"wp-video-shortcode\" id=\"video-1797-3\" width=\"478\" height=\"850\" preload=\"metadata\" controls=\"controls\"><source type=\"video\/mp4\" src=\"https:\/\/mariechristineaubert.com\/wp-content\/uploads\/2026\/03\/VIDEO-2026-02-17-08-32-02-copie.mp4?_=3\" \/><a href=\"https:\/\/mariechristineaubert.com\/wp-content\/uploads\/2026\/03\/VIDEO-2026-02-17-08-32-02-copie.mp4\">https:\/\/mariechristineaubert.com\/wp-content\/uploads\/2026\/03\/VIDEO-2026-02-17-08-32-02-copie.mp4<\/a><\/video><\/div>\n<p><em>Vid\u00e9o de Jean-Fran\u00e7ois Thi\u00e9bo<\/em><\/p>\n<p><strong><span style=\"font-size: 20px; color: #0000ff;\">Le carnaval de Basse-Terre : une \u00e9nergie collective, \u00e0 la fois apollinienne et dionysiaque<\/span><\/strong><\/p>\n<p>Dans ces trois vid\u00e9os, Jean-Fran\u00e7ois Thi\u00e9bo saisit la magie et l&rsquo;exub\u00e9rance dionysiaque, mais aussi la splendide harmonie et \u00a0la fascinante lumi\u00e8re d&rsquo;un carnaval aux multiples visages.<\/p>\n<p>La nuit s&rsquo;ach\u00e8ve, et longtemps r\u00e9sonne encore en nous le battement des tambours, comme une obs\u00e9dante m\u00e9lodie.<\/p>\n<p>Le carnaval n&rsquo;est pas seulement un spectacle f\u00e9\u00e9rique : c&rsquo;est une \u00e9nergie collective qui traverse les corps et les esprits.<\/p>\n<p>&nbsp;<\/p>\n<p>\u2728 Ce site n\u2019est pas interactif. Mais je serai ravie de lire vos messages :\ud83d\udce7 <span style=\"color: #0000ff;\">auteur@mariechristineaubert.com<\/span><\/p>\n<p>&nbsp;<\/p>\n<p>Carnaval de Guadeloupe &#8211; I-le d\u00e9fil\u00e9 des marchandes : <span style=\"color: #0000ff;\">\u00a0<a style=\"color: #0000ff;\" href=\"https:\/\/mariechristineaubert.com\/index.php\/carnaval-de-guad\u2026s-nuits-de-folie\">https:\/\/mariechristineaubert.com\/index.php\/carnaval-de-guad\u2026s-nuits-de-folie<\/a><\/span><\/p>\n<p>Carnaval de Guadeloupe-II- Nos c\u0153urs battent au rythme du Gwoka :<span style=\"color: #0000ff;\">\u00a0<a style=\"color: #0000ff;\" href=\"https:\/\/mariechristineaubert.com\/index.php\/carnaval-de-guad\u2026-rythme-du-gwoka\/\">https:\/\/mariechristineaubert.com\/index.php\/carnaval-de-guad\u2026-rythme-du-gwoka\/<\/a><\/span><\/p>\n<p>Carnaval de Basse-Terre: Visages et corps de lumi\u00e8re <span style=\"color: #0000ff;\"><a style=\"color: #0000ff;\" href=\"https:\/\/mariechristineaubert.com\/index.php\/le-carnaval-de-b\u2026corps-de-lumiere\/\">https:\/\/mariechristineaubert.com\/index.php\/le-carnaval-de-b\u2026corps-de-lumiere\/<\/a><\/span><\/p>\n<p>Christine et sa vie d&rsquo;aventures dans les \u00eeles des la Lune :<img decoding=\"async\" class=\"an1\" draggable=\"false\" src=\"https:\/\/fonts.gstatic.com\/s\/e\/notoemoji\/16.0\/1f449\/32.png\" alt=\"\ud83d\udc49\" data-emoji=\"\ud83d\udc49\" aria-label=\"\ud83d\udc49\" \/><span style=\"font-size: 1rem;\"> <a style=\"color: #1a73e8; text-decoration: none; font-weight: 600;\" href=\"https:\/\/www.amazon.fr\/dp\/B0F1TSQ8TQ\" target=\"_blank\" rel=\"noopener nofollow sponsored\">Disponible en version broch\u00e9e, reli\u00e9e et num\u00e9rique sur Amazon<\/a><\/span><\/p>\n<p>&nbsp;<\/p>\n<p>&nbsp;<\/p>\n<p>&nbsp;<\/p>\n<p>&nbsp;<\/p>\n<p>&nbsp;<\/p>\n<p>&nbsp;<\/p>\n","protected":false},"excerpt":{"rendered":"<p>Carnaval de Guadeloupe &#8211; III- La parade nocturne Quand tombe la nuit, le carnaval change de visage. Les lumi\u00e8res s&rsquo;allument, les costumes prennent des reflets nouveaux et la foule se laisse emporter dans un autre rythme.\u00a0 La musique r\u00e9sonne dans les rues de Basse-Terre, et la f\u00eate continue, plus intense encore. Une \u00e9nergie collective indicible &hellip; <\/p>\n<p class=\"link-more\"><a href=\"https:\/\/mariechristineaubert.com\/index.php\/carnaval-de-guadeloupe-iii-la-parade-nocturne\/\" class=\"more-link\">Continuer la lecture<span class=\"screen-reader-text\"> de &laquo;&nbsp;Carnaval de Guadeloupe &#8211; III- La parade nocturne&nbsp;&raquo;<\/span><\/a><\/p>\n","protected":false},"author":1,"featured_media":0,"parent":0,"menu_order":0,"comment_status":"closed","ping_status":"closed","template":"","meta":{"footnotes":""},"class_list":["post-1797","page","type-page","status-publish","hentry"],"lang":"fr","translations":{"fr":1797},"pll_sync_post":[],"_links":{"self":[{"href":"https:\/\/mariechristineaubert.com\/index.php\/wp-json\/wp\/v2\/pages\/1797","targetHints":{"allow":["GET"]}}],"collection":[{"href":"https:\/\/mariechristineaubert.com\/index.php\/wp-json\/wp\/v2\/pages"}],"about":[{"href":"https:\/\/mariechristineaubert.com\/index.php\/wp-json\/wp\/v2\/types\/page"}],"author":[{"embeddable":true,"href":"https:\/\/mariechristineaubert.com\/index.php\/wp-json\/wp\/v2\/users\/1"}],"replies":[{"embeddable":true,"href":"https:\/\/mariechristineaubert.com\/index.php\/wp-json\/wp\/v2\/comments?post=1797"}],"version-history":[{"count":13,"href":"https:\/\/mariechristineaubert.com\/index.php\/wp-json\/wp\/v2\/pages\/1797\/revisions"}],"predecessor-version":[{"id":1896,"href":"https:\/\/mariechristineaubert.com\/index.php\/wp-json\/wp\/v2\/pages\/1797\/revisions\/1896"}],"wp:attachment":[{"href":"https:\/\/mariechristineaubert.com\/index.php\/wp-json\/wp\/v2\/media?parent=1797"}],"curies":[{"name":"wp","href":"https:\/\/api.w.org\/{rel}","templated":true}]}}