{"id":209,"date":"2025-08-20T10:13:37","date_gmt":"2025-08-20T08:13:37","guid":{"rendered":"https:\/\/mariechristineaubert.com\/?page_id=209"},"modified":"2026-03-06T12:51:42","modified_gmt":"2026-03-06T11:51:42","slug":"https-mariechristineaubert-com-index-php-bienvenue-sur-mon-site-officiel-mariechristineaubert-com-christine-et-sa-vie-daventures-dans-les-iles-de-la-lune","status":"publish","type":"page","link":"https:\/\/mariechristineaubert.com\/index.php\/bienvenue-sur-mon-site-officiel-mariechristineaubert-com\/https-mariechristineaubert-com-index-php-bienvenue-sur-mon-site-officiel-mariechristineaubert-com-christine-et-sa-vie-daventures-dans-les-iles-de-la-lune\/","title":{"rendered":"Christine et sa vie d&rsquo;aventures dans les \u00eeles de la lune"},"content":{"rendered":"<div class=\"relative flex basis-auto flex-col -mb-(--composer-overlap-px) [--composer-overlap-px:28px] grow overflow-hidden\">\n<div class=\"relative h-full\">\n<div class=\"flex h-full flex-col overflow-y-auto [scrollbar-gutter:stable_both-edges] @[84rem]\/thread:pt-(--header-height)\">\n<div class=\"@thread-xl\/thread:pt-header-height flex flex-col text-sm pb-25\">\n<article class=\"text-token-text-primary w-full focus:outline-none scroll-mt-[calc(var(--header-height)+min(200px,max(70px,20svh)))]\" dir=\"auto\" tabindex=\"-1\" data-turn-id=\"6a121217-44f3-4099-821c-5b6324fd74a8\" data-testid=\"conversation-turn-42\" data-scroll-anchor=\"true\" data-turn=\"assistant\">\n<div class=\"text-base my-auto mx-auto pb-10 [--thread-content-margin:--spacing(4)] @[37rem]:[--thread-content-margin:--spacing(6)] @[72rem]:[--thread-content-margin:--spacing(16)] px-(--thread-content-margin)\">\n<div class=\"[--thread-content-max-width:32rem] @[34rem]:[--thread-content-max-width:40rem] @[64rem]:[--thread-content-max-width:48rem] mx-auto max-w-(--thread-content-max-width) flex-1 group\/turn-messages focus-visible:outline-hidden relative flex w-full min-w-0 flex-col agent-turn\" tabindex=\"-1\">\n<div class=\"flex max-w-full flex-col grow\">\n<div class=\"min-h-8 text-message relative flex w-full flex-col items-end gap-2 text-start break-words whitespace-normal [.text-message+&amp;]:mt-5\" dir=\"auto\" data-message-author-role=\"assistant\" data-message-id=\"6a121217-44f3-4099-821c-5b6324fd74a8\" data-message-model-slug=\"gpt-5\">\n<div class=\"flex w-full flex-col gap-1 empty:hidden first:pt-[3px]\">\n<div class=\"markdown prose dark:prose-invert w-full break-words light markdown-new-styling\">\u00a0<\/div>\n<\/div>\n<\/div>\n<\/div>\n<\/div>\n<div class=\"[--thread-content-max-width:32rem] @[34rem]:[--thread-content-max-width:40rem] @[64rem]:[--thread-content-max-width:48rem] mx-auto max-w-(--thread-content-max-width) flex-1 group\/turn-messages focus-visible:outline-hidden relative flex w-full min-w-0 flex-col agent-turn\" tabindex=\"-1\">\n<div class=\"flex max-w-full flex-col grow\">\n<div class=\"min-h-8 text-message relative flex w-full flex-col items-end gap-2 text-start break-words whitespace-normal [.text-message+&amp;]:mt-5\" dir=\"auto\" data-message-author-role=\"assistant\" data-message-id=\"6a121217-44f3-4099-821c-5b6324fd74a8\" data-message-model-slug=\"gpt-5\">\n<h2 class=\"flex w-full flex-col gap-1 empty:hidden first:pt-[3px]\"><span style=\"color: #0000ff;\"><strong><span style=\"font-size: 32px;\"><span style=\"font-family: arial, helvetica, sans-serif;\">Christine<\/span> et sa vie d&rsquo;aventures dans les \u00eeles de la lune<\/span><\/strong><\/span><\/h2>\n<p><strong><span style=\"font-size: 24px;\">Le combat d&rsquo;une femme aux fronti\u00e8res de l&rsquo;Oc\u00e9an<\/span><\/strong><\/p>\n<figure id=\"attachment_211\" aria-describedby=\"caption-attachment-211\" style=\"width: 200px\" class=\"wp-caption aligncenter\"><img loading=\"lazy\" decoding=\"async\" class=\"wp-image-211 size-medium\" src=\"https:\/\/mariechristineaubert.com\/wp-content\/uploads\/2025\/08\/couverture_thumbnail-200x300.jpg\" alt=\"Christine et sa vie d'aventures dans les \u00celes de la Lune - Roman d'aventure, d'engagement et de conscience: un r\u00e9cit vibrant port\u00e9 par la force des convictions, le courage d'\u00eatre soi et la volont\u00e9 de se battre pour un monde meilleur. Une plong\u00e9e dans l'histoire et la culture de Mayotte et des Comores. \" width=\"200\" height=\"300\" srcset=\"https:\/\/mariechristineaubert.com\/wp-content\/uploads\/2025\/08\/couverture_thumbnail-200x300.jpg 200w, https:\/\/mariechristineaubert.com\/wp-content\/uploads\/2025\/08\/couverture_thumbnail.jpg 400w\" sizes=\"auto, (max-width: 200px) 100vw, 200px\" \/><figcaption id=\"caption-attachment-211\" class=\"wp-caption-text\">Christine et sa vie d&rsquo;aventures dans les \u00celes de la Lune &#8211; Le combat d&rsquo;une femme aux fronti\u00e8res de l&rsquo;Oc\u00e9an &#8211; Roman de Marie Christine Aubert &#8211; Horizons Libres Editions 2025.<\/figcaption><\/figure>\n<h1>\u00a0<\/h1>\n<h2 class=\"flex w-full flex-col gap-1 empty:hidden first:pt-[3px]\"><span style=\"font-family: arial, helvetica, sans-serif;\"><strong><span style=\"font-size: 24px;\">Un contexte historique unique \u00e0 Mayotte<\/span><\/strong><\/span><\/h2>\n<h1><span style=\"font-size: 14px; font-family: arial, helvetica, sans-serif;\">Mayotte, territoire de l&rsquo;archipel g\u00e9ographique des Comores , s&rsquo;est distingu\u00e9e par un choix historique singulier. A l&rsquo;heure o\u00f9 les \u00eeles s\u0153urs &#8211; Grande Comore, Moh\u00e9li et Anjouan &#8211; optaient pour l&rsquo;ind\u00e9pendance en 1974, Mayotte d\u00e9cide de rester fran\u00e7aise, exprimant son attachement profond \u00e0 la R\u00e9publique fran\u00e7aise et \u00e0 la d\u00e9mocratie \u00e0 rebours des d\u00e9colonisations environnantes. Des d\u00e9cennies plus tard, en 1997, l&rsquo;\u00eele d&rsquo;Anjouan fait s\u00e9cession, allant jusqu&rsquo;\u00e0 r\u00e9clamer son rattachement \u00e0 la France dans l&rsquo;espoir de suivre l&rsquo;exemple mahorais.<\/span><\/h1>\n<h2>\u00a0<\/h2>\n<p><span style=\"font-size: 24px; font-family: arial, helvetica, sans-serif;\"><strong>Bureaucratie et loyaut\u00e9 : le regard sur l&rsquo;administration<\/strong><\/span><\/p>\n<p><span style=\"font-size: 14px; font-family: arial, helvetica, sans-serif;\">Plong\u00e9e dans cette histoire mouvement\u00e9e, Christine &#8211; inspectrice venue de m\u00e9tropole &#8211; d\u00e9couvre le quotidien d&rsquo;une administration ultramarine avec ses exc\u00e8s et ses paradoxes.\u00a0 Pour autant, le tableau n&rsquo;est pas uniforme et r\u00e9servera bien des surprises.<\/span><\/p>\n<h4 class=\"flex w-full flex-col gap-1 empty:hidden first:pt-[3px]\"><span style=\"font-family: arial, helvetica, sans-serif;\"><strong><span style=\"font-size: 24px;\">Christine : premi\u00e8re femme \u00e0 diriger le service des\u00a0 Douanes de Mayotte\u00a0\u00a0<br \/>\n<\/span><\/strong><\/span><\/h4>\n<h2 data-start=\"734\" data-end=\"767\"><span style=\"font-family: arial, helvetica, sans-serif; font-size: 14px;\">Au c\u0153ur du r\u00e9cit, Christine, premi\u00e8re femme \u00e0 diriger le service des douanes de Mayotte arrive sur une \u00eele fa\u00e7onn\u00e9e par une beaut\u00e9 brute et des tensions sous-jacentes. Le lecteur embarque \u00e0 bord d&rsquo;une vedette des douanes, et participe aux op\u00e9rations d&rsquo;une brigade nautique hors du commun, lanc\u00e9e \u00e0 la poursuite des kwassa-kwassa, affrontant sous les cieux lunaires les p\u00e9rils de la mer et les d\u00e9fis complexes de l&rsquo;immigration clandestine.<\/span><\/h2>\n<p><span style=\"font-size: 14px;\"><strong><span style=\"font-family: arial, helvetica, sans-serif;\">Christine d\u00e9couvre un territoire, ses habitants, leur culture auxquels elle s&rsquo;attache et finit pas aimer cette terre intens\u00e9ment. De fonctionnaire ext\u00e9rieure, Christine devient mahoraise de c\u0153ur- une m\u00e9tamorphose int\u00e9rieure qui donne toute sa force humaine au roman.<\/span><\/strong><\/span><\/p>\n<\/div>\n<\/div>\n<div class=\"flex max-w-full flex-col grow\">\n<div class=\"min-h-8 text-message relative flex w-full flex-col items-end gap-2 text-start break-words whitespace-normal [.text-message+&amp;]:mt-5\" dir=\"auto\" data-message-author-role=\"assistant\" data-message-id=\"6a121217-44f3-4099-821c-5b6324fd74a8\" data-message-model-slug=\"gpt-5\">\n<h6 class=\"flex w-full flex-col gap-1 empty:hidden first:pt-[3px]\"><span style=\"font-family: arial, helvetica, sans-serif;\"><strong><span style=\"font-size: 24px;\">Femmes d&rsquo;ici et d&rsquo;ailleurs : la force des Bou\u00e9nis<\/span><\/strong><\/span><\/h6>\n<h2 data-start=\"734\" data-end=\"767\"><span style=\"font-size: 14px; font-family: arial, helvetica, sans-serif;\">Mayotte, parfois d\u00e9crite comme <em>\u00ab\u00a0l&rsquo;\u00eele des femmes qui d\u00e9cident, des femmes fortes&#8230;l&rsquo;\u00eele des combattantes<\/em><strong><em>\u00a0\u00bb (<\/em><\/strong>\u00a0selon les termes du documentaire <strong>SORODAS, les femmes de Mayotte<\/strong>, r\u00e9alis\u00e9 par Franck Grangette et diffus\u00e9 dans la collection Archipels sur France \u00d4 le 18 mai 2022) offre \u00e0 Christine un mod\u00e8le de r\u00e9silience et de fiert\u00e9 f\u00e9minine. Sans revendiquer ouvertement un discours f\u00e9ministe militant, le roman met en lumi\u00e8re la puissance d&rsquo;action et l&rsquo;importance des femmes dans la sph\u00e8re familiale, sociale ou politique. C&rsquo;est une r\u00e9flexion incarn\u00e9e sur le f\u00e9minin qui se d\u00e9ploie dans des contextes culturels diff\u00e9rents et nous invite \u00e0 d\u00e9passer les pr\u00e9jug\u00e9s de la culture patriarcale.<\/span><\/h2>\n<p>&nbsp;<\/p>\n<h6 class=\"flex w-full flex-col gap-1 empty:hidden first:pt-[3px]\"><span style=\"font-family: arial, helvetica, sans-serif;\"><strong><span style=\"font-size: 24px;\">Un r\u00e9cit sobre, lucide et profond\u00e9ment humain<\/span><\/strong><\/span><\/h6>\n<h2 data-start=\"734\" data-end=\"767\"><span style=\"font-family: arial, helvetica, sans-serif; font-size: 14px;\">Ni manifeste, ni pamphlet, ce roman est avant tout un r\u00e9cit profond\u00e9ment humain, port\u00e9 par une \u00e9criture lucide et pudique. Le style sobre et engag\u00e9 \u00e9vite le pathos tout en donnant \u00e0 voir sans fard la r\u00e9alit\u00e9 mahoraise. Les portraits de personnages sonnent vrais, les \u00e9motions affleurent avec retenue, et chaque page traduit un respect sinc\u00e8re pour le v\u00e9cu des Mahorais. Cette sobri\u00e9t\u00e9 narrative n&#8217;emp\u00eache pas la conviction : au contraire, elle la rend plus percutante. Le lecteur est invit\u00e9, avec empathie et clairvoyance, \u00e0 s&rsquo;immerger dans une histoire ancr\u00e9e dans une terre sp\u00e9cifique tout en en percevant les \u00e9chos plus larges.<\/span><\/h2>\n<p>&nbsp;<\/p>\n<p><span style=\"font-family: arial, helvetica, sans-serif; font-size: 24px;\"><strong>Des enjeux \u00e0 port\u00e9e universelle<\/strong><\/span><\/p>\n<p><span style=\"font-size: 14px;\"><span style=\"font-family: arial, helvetica, sans-serif;\">Au del\u00e0 de son ancrage territorial fort, le parcours de Christine renvoie \u00e0 des enjeux universels &#8211; La qu\u00eate de la justice, la loyaut\u00e9, le courage, la transformation par l&rsquo;\u00e9preuve, la d\u00e9mocratie et la libert\u00e9 conf\u00e9rant au r\u00e9cit une r\u00e9sonnance qui d\u00e9passe largement les rivages de l&rsquo;\u00eele.<\/span><\/span><\/p>\n<h2 data-start=\"734\" data-end=\"767\"><span style=\"font-family: arial, helvetica, sans-serif; font-size: 20px;\"><strong>Pourquoi lire ce roman ?\u00a0<\/strong><\/span><\/h2>\n<ul data-start=\"768\" data-end=\"1090\">\n<li data-start=\"768\" data-end=\"855\">\n<p data-start=\"770\" data-end=\"855\"><span style=\"font-family: arial, helvetica, sans-serif; font-size: 14px;\">\ud83c\udf0d Une plong\u00e9e authentique dans l\u2019histoire de Mayotte et de l\u2019archipel des Comores.<\/span><\/p>\n<\/li>\n<li data-start=\"856\" data-end=\"907\">\n<p data-start=\"858\" data-end=\"907\"><span style=\"font-family: arial, helvetica, sans-serif; font-size: 14px;\">\ud83d\udc69\u200d\ud83e\uddb1 Une h\u00e9ro\u00efne forte, sinc\u00e8re et attachante.<\/span><\/p>\n<\/li>\n<li data-start=\"908\" data-end=\"989\">\n<p data-start=\"910\" data-end=\"989\"><span style=\"font-family: arial, helvetica, sans-serif; font-size: 14px;\">\u2696\ufe0f Un r\u00e9cit o\u00f9 s\u2019entrelacent la beaut\u00e9 d&rsquo;un territoire, l&rsquo;engagement personnel et collectif, la lutte contre l\u2019injustice et l&rsquo;aspiration \u00e0 un monde meilleur.<\/span><\/p>\n<\/li>\n<li data-start=\"990\" data-end=\"1090\">\n<p data-start=\"992\" data-end=\"1090\"><span style=\"font-family: arial, helvetica, sans-serif; font-size: 14px;\">\ud83d\udcab Un souffle d\u2019espoir, port\u00e9 par la conviction que chacun peut \u00e9clairer le monde par ses actes.<\/span><\/p>\n<\/li>\n<\/ul>\n<hr data-start=\"1092\" data-end=\"1095\" \/>\n<h2 data-start=\"1097\" data-end=\"1113\"><span style=\"font-family: arial, helvetica, sans-serif; font-size: 14px;\"><strong data-start=\"1100\" data-end=\"1111\">Extrait<\/strong><\/span><\/h2>\n<p data-start=\"1114\" data-end=\"1283\"><span style=\"font-family: arial, helvetica, sans-serif; font-size: 14px;\"><em data-start=\"1114\" data-end=\"1281\">\u00ab\u00a0Christine leva les yeux. Des \u00e9toiles brillaient d\u00e9j\u00e0 dans le ciel. Parmi elles, certaines disparues depuis des mill\u00e9naires..<br data-start=\"1190\" data-end=\"1193\" \/><br \/>\n&#8230;et pourtant leur lumi\u00e8re portait un message venu du fond des \u00e2ges\u00a0\u00bb.<\/em><\/span><\/p>\n<hr data-start=\"1285\" data-end=\"1288\" \/>\n<h2 data-start=\"1290\" data-end=\"1321\"><span style=\"font-family: arial, helvetica, sans-serif; font-size: 14px;\"><strong data-start=\"1293\" data-end=\"1319\">Informations pratiques<\/strong><\/span><\/h2>\n<p data-start=\"1322\" data-end=\"1518\"><span style=\"font-family: arial, helvetica, sans-serif; font-size: 14px;\">\ud83d\udcd6 Roman publi\u00e9 aux <strong data-start=\"1342\" data-end=\"1370\">Horizons Libres \u00c9ditions<\/strong><\/span><br data-start=\"1370\" data-end=\"1373\" \/><br \/>\n<span style=\"font-size: 14px; font-family: arial, helvetica, sans-serif;\">\ud83d\udd8b\ufe0f Par <strong data-start=\"1381\" data-end=\"1418\">Marie-Christine AUBERT<\/strong><\/span><br data-start=\"1418\" data-end=\"1421\" \/><br \/>\n<span style=\"font-size: 14px; font-family: arial, helvetica, sans-serif;\">\ud83d\udcc5 Ann\u00e9e de publication : 2025<\/span><br data-start=\"1457\" data-end=\"1460\" \/><br \/>\n<span style=\"font-size: 14px;\"><span style=\"font-family: arial, helvetica, sans-serif;\">\ud83d\udcda<\/span><span style=\"font-family: arial, helvetica, sans-serif;\"><strong data-start=\"1528\" data-end=\"1547\">O\u00f9 le trouver ?<\/strong><\/span><\/span><\/p>\n<p><span style=\"font-size: 14px;\"><img decoding=\"async\" class=\"an1\" draggable=\"false\" src=\"https:\/\/fonts.gstatic.com\/s\/e\/notoemoji\/16.0\/1f449\/32.png\" alt=\"\ud83d\udc49\" data-emoji=\"\ud83d\udc49\" aria-label=\"\ud83d\udc49\" \/> Disponible sur]\u00a0<a style=\"box-shadow: rgba(0, 0, 0, 0) 0px 0px 0px inset, #000000 0px 3px 0px; color: #000000;\" href=\"https:\/\/www.amazon.fr\/s?k=marie+christine+aubert&amp;crid=2PJCDS8TMZDT5&amp;sprefix=%2Caps%2C107&amp;ref=nb_sb_ss_recent_2_0_recent\" target=\"_blank\" rel=\"noopener\">Amazon.fr : marie christine aubert<\/a><\/span><\/p>\n<p>&nbsp;<\/p>\n<p style=\"text-align: left; font-size: 16px; color: #1a73e8; margin-top: 4px;\"><span style=\"font-size: 14px;\"><a style=\"color: #1a73e8; text-decoration: none; font-weight: 600;\" href=\"https:\/\/www.amazon.fr\/dp\/B0F1TSQ8TQ\" target=\"_blank\" rel=\"noopener nofollow sponsored\"> Disponible en version broch\u00e9e, reli\u00e9e et num\u00e9rique sur Amazon <\/a><\/span><\/p>\n<p data-start=\"1322\" data-end=\"1518\">\u00a0<\/p>\n<hr data-start=\"1520\" data-end=\"1523\" \/>\n<div id=\":ol\" class=\"ii gt\">\n<div id=\":ok\" class=\"a3s aiL \">\n<div class=\"adL\">\n<p><span style=\"font-size: 14px;\">\u2728 Ce site n\u2019est pas interactif.<\/span><\/p>\n<p><span style=\"font-size: 14px;\">Mais je serai ravie de lire vos messages :\ud83d\udce7 <span style=\"color: #0000ff;\">auteur@mariechristineaubert.com<\/span><\/span><\/p>\n<\/div>\n<\/div>\n<\/div>\n<div class=\"WhmR8e\" data-hash=\"0\">\u00a0<\/div>\n<p data-start=\"1550\" data-end=\"1588\">\u00a0<\/p>\n<hr data-start=\"1590\" data-end=\"1593\" \/><\/div>\n<\/div>\n<div class=\"flex min-h-[46px] justify-start\">Bienvenue sur le site officiel de Marie Christine Aubert, romanci\u00e8re fran\u00e7aise : <span style=\"color: #0000ff;\"><a style=\"color: #0000ff;\" href=\"https:\/\/mariechristineaubert.com\/\">https:\/\/mariechristineaubert.com\/<\/a><\/span><\/div>\n<\/div>\n<\/div>\n<\/article>\n<div>\u00a0<\/div>\n<div>Extrait du chapitre 1 <span style=\"color: #0000ff;\">:<\/span><\/div>\n<div><span style=\"color: #0000ff;\"><a style=\"color: #0000ff;\" href=\"https:\/\/mariechristineaubert.com\/index.php\/extrait-du-premier-chapitre-clair-de-lune-sur-le-lagon-de-mayotte\/\">https:\/\/mariechristineaubert.com\/index.php\/extrait-du-premier-chapitre-clair-de-lune-sur-le-lagon-de-mayotte\/<\/a><\/span><\/div>\n<\/div>\n<\/div>\n<\/div>\n<\/div>\n<div id=\"thread-bottom-container\" class=\"relative isolate z-10 w-full basis-auto has-data-has-thread-error:pt-2 has-data-has-thread-error:[box-shadow:var(--sharp-edge-bottom-shadow)] md:border-transparent md:pt-0 dark:border-white\/20 md:dark:border-transparent content-fade single-line flex flex-col\">\n<div id=\"thread-bottom\">\n<div class=\"text-base mx-auto [--thread-content-margin:--spacing(4)] @[37rem]:[--thread-content-margin:--spacing(6)] @[72rem]:[--thread-content-margin:--spacing(16)] px-(--thread-content-margin)\">\n<div class=\"[--thread-content-max-width:32rem] @[34rem]:[--thread-content-max-width:40rem] @[64rem]:[--thread-content-max-width:48rem] mx-auto max-w-(--thread-content-max-width) flex-1\">\n<div class=\"flex justify-center empty:hidden\">\u00a0<\/div>\n<\/div>\n<\/div>\n<\/div>\n<div class=\"text-token-text-secondary relative mt-auto flex min-h-8 w-full items-center justify-center p-2 text-center text-xs md:px-[60px]\">\u00a0<\/div>\n<\/div>\n","protected":false},"excerpt":{"rendered":"<p>\u00a0 Christine et sa vie d&rsquo;aventures dans les \u00eeles de la lune Le combat d&rsquo;une femme aux fronti\u00e8res de l&rsquo;Oc\u00e9an \u00a0 Un contexte historique unique \u00e0 Mayotte Mayotte, territoire de l&rsquo;archipel g\u00e9ographique des Comores , s&rsquo;est distingu\u00e9e par un choix historique singulier. A l&rsquo;heure o\u00f9 les \u00eeles s\u0153urs &#8211; Grande Comore, Moh\u00e9li et Anjouan &#8211; &hellip; <\/p>\n<p class=\"link-more\"><a href=\"https:\/\/mariechristineaubert.com\/index.php\/bienvenue-sur-mon-site-officiel-mariechristineaubert-com\/https-mariechristineaubert-com-index-php-bienvenue-sur-mon-site-officiel-mariechristineaubert-com-christine-et-sa-vie-daventures-dans-les-iles-de-la-lune\/\" class=\"more-link\">Continuer la lecture<span class=\"screen-reader-text\"> de &laquo;&nbsp;Christine et sa vie d&rsquo;aventures dans les \u00eeles de la lune&nbsp;&raquo;<\/span><\/a><\/p>\n","protected":false},"author":1,"featured_media":0,"parent":39,"menu_order":0,"comment_status":"closed","ping_status":"closed","template":"","meta":{"footnotes":""},"class_list":["post-209","page","type-page","status-publish","hentry"],"lang":"fr","translations":{"fr":209,"es":252,"de":255,"en":258},"pll_sync_post":[],"_links":{"self":[{"href":"https:\/\/mariechristineaubert.com\/index.php\/wp-json\/wp\/v2\/pages\/209","targetHints":{"allow":["GET"]}}],"collection":[{"href":"https:\/\/mariechristineaubert.com\/index.php\/wp-json\/wp\/v2\/pages"}],"about":[{"href":"https:\/\/mariechristineaubert.com\/index.php\/wp-json\/wp\/v2\/types\/page"}],"author":[{"embeddable":true,"href":"https:\/\/mariechristineaubert.com\/index.php\/wp-json\/wp\/v2\/users\/1"}],"replies":[{"embeddable":true,"href":"https:\/\/mariechristineaubert.com\/index.php\/wp-json\/wp\/v2\/comments?post=209"}],"version-history":[{"count":32,"href":"https:\/\/mariechristineaubert.com\/index.php\/wp-json\/wp\/v2\/pages\/209\/revisions"}],"predecessor-version":[{"id":1892,"href":"https:\/\/mariechristineaubert.com\/index.php\/wp-json\/wp\/v2\/pages\/209\/revisions\/1892"}],"up":[{"embeddable":true,"href":"https:\/\/mariechristineaubert.com\/index.php\/wp-json\/wp\/v2\/pages\/39"}],"wp:attachment":[{"href":"https:\/\/mariechristineaubert.com\/index.php\/wp-json\/wp\/v2\/media?parent=209"}],"curies":[{"name":"wp","href":"https:\/\/api.w.org\/{rel}","templated":true}]}}