{"id":252,"date":"2025-08-20T10:14:16","date_gmt":"2025-08-20T08:14:16","guid":{"rendered":"https:\/\/mariechristineaubert.com\/?page_id=252"},"modified":"2026-03-06T13:21:12","modified_gmt":"2026-03-06T12:21:12","slug":"christine-y-su-vida-de-aventuras-en-las-islas-de-la-luna","status":"publish","type":"page","link":"https:\/\/mariechristineaubert.com\/index.php\/es\/bienvenida-a-mi-sitio-wel-official-mariechristineaubert-com\/christine-y-su-vida-de-aventuras-en-las-islas-de-la-luna\/","title":{"rendered":"Christine y su vida de aventuras en las Islas de la Luna"},"content":{"rendered":"<h1><span style=\"font-family: arial, helvetica, sans-serif; color: #0000ff;\"><strong>Christine y su vida de aventuras en las Islas de la Luna<\/strong><\/span><\/h1>\n<p><span style=\"font-family: arial, helvetica, sans-serif;\"><strong><span style=\"font-size: 20px;\">La lucha de una mujer en las fronteras del oc\u00e9ano<\/span><\/strong><\/span><\/p>\n<p><img loading=\"lazy\" decoding=\"async\" class=\"alignnone size-medium wp-image-356\" src=\"https:\/\/mariechristineaubert.com\/wp-content\/uploads\/2025\/08\/esp-jpg-200x300.png\" alt=\"\" width=\"200\" height=\"300\" srcset=\"https:\/\/mariechristineaubert.com\/wp-content\/uploads\/2025\/08\/esp-jpg-200x300.png 200w, https:\/\/mariechristineaubert.com\/wp-content\/uploads\/2025\/08\/esp-jpg-683x1024.png 683w, https:\/\/mariechristineaubert.com\/wp-content\/uploads\/2025\/08\/esp-jpg-768x1152.png 768w, https:\/\/mariechristineaubert.com\/wp-content\/uploads\/2025\/08\/esp-jpg.png 1024w\" sizes=\"auto, (max-width: 200px) 100vw, 200px\" \/><\/p>\n<p>&nbsp;<\/p>\n<p><span style=\"font-family: arial, helvetica, sans-serif; font-size: 24px;\"><strong>Un contexto hist\u00f3rico \u00fanico en Mayotte<\/strong><\/span><\/p>\n<p><span style=\"font-family: arial, helvetica, sans-serif; font-size: 20px;\">Mayotte, territorio del archipi\u00e9lago geogr\u00e1fico de las Comoras, se distingui\u00f3 por una elecci\u00f3n hist\u00f3rica singular. Mientras sus islas hermanas \u2014Gran Comora, Moh\u00e9li y Anjouan\u2014 optaban por la independencia en 1974, Mayotte decidi\u00f3 seguir siendo francesa, expresando as\u00ed su profundo apego a la Rep\u00fablica Francesa y a la democracia, en contra de las descolonizaciones circundantes. D\u00e9cadas m\u00e1s tarde, en 1997, la isla de Anjouan proclam\u00f3 su secesi\u00f3n, llegando incluso a solicitar su adhesi\u00f3n a Francia con la esperanza de seguir el ejemplo mahor\u00ed.<\/span><\/p>\n<p><span style=\"font-family: arial, helvetica, sans-serif; font-size: 20px;\"><strong>Burocracia y lealtad: la mirada sobre la administraci\u00f3n<\/strong><\/span><\/p>\n<p><span style=\"font-family: arial, helvetica, sans-serif; font-size: 20px;\">Sumergida en esta historia agitada, Christine \u2014inspectora de aduanas llegada de la Francia metropolitana\u2014 descubre el d\u00eda a d\u00eda de una administraci\u00f3n de ultramar con todos sus excesos y paradojas. Sin embargo, el panorama no es uniforme y reserva muchas sorpresas.<\/span><\/p>\n<p><span style=\"font-family: arial, helvetica, sans-serif; font-size: 24px;\"><strong>Christine: primera mujer en dirigir el servicio de Aduanas de Mayotte<\/strong><\/span><\/p>\n<p><span style=\"font-family: arial, helvetica, sans-serif; font-size: 20px;\">En el coraz\u00f3n del relato se encuentra Christine, la primera mujer en dirigir el servicio de aduanas de Mayotte. Llega a una isla marcada por una belleza salvaje y tensiones latentes. El lector se embarca en una patrullera de aduanas, participando en las operaciones de una brigada n\u00e1utica fuera de lo com\u00fan, lanzada en la persecuci\u00f3n de los <em>kwassa-kwassa<\/em>, afrontando bajo cielos lunares los peligros del mar y los complejos desaf\u00edos de la inmigraci\u00f3n clandestina.<\/span><\/p>\n<p><span style=\"font-size: 20px; font-family: arial, helvetica, sans-serif;\">Christine descubre una tierra, a sus habitantes, su cultura, a los que acaba por apegarse hasta amar intensamente esa isla. De funcionaria for\u00e1nea, Christine se convierte en mahore\u00f1a de coraz\u00f3n: una metamorfosis interior que otorga toda su fuerza humana a la novela.<\/span><\/p>\n<p><span style=\"font-family: arial, helvetica, sans-serif;\"><strong><span style=\"font-size: 24px;\">Mujeres de aqu\u00ed y de all\u00e1: la fuerza de las Bou\u00e9nis<\/span><\/strong><\/span><\/p>\n<p><span style=\"font-size: 20px; font-family: arial, helvetica, sans-serif;\">Mayotte, a veces descrita como \u201cla isla de las mujeres que deciden, de las mujeres fuertes\u2026 la isla de las luchadoras\u201d (seg\u00fan el documental <em>SORODAS, las mujeres de Mayotte<\/em>, realizado por Franck Grangette y emitido en la colecci\u00f3n <em>Archipels<\/em> en France \u00d4 el 18 de mayo de 2022), ofrece a Christine un modelo de resiliencia y orgullo femenino. Sin reivindicar abiertamente un discurso feminista militante, la novela pone de relieve el poder de acci\u00f3n y la importancia de las mujeres en la esfera familiar, social y pol\u00edtica. Es una reflexi\u00f3n encarnada sobre lo femenino que se despliega en contextos culturales distintos y nos invita a superar los prejuicios de la cultura patriarcal.<\/span><\/p>\n<p><span style=\"font-size: 24px; font-family: arial, helvetica, sans-serif;\"><strong>Un relato sobrio, l\u00facido y profundamente humano<\/strong><\/span><\/p>\n<p><span style=\"font-size: 20px; font-family: arial, helvetica, sans-serif;\">Ni manifiesto ni panfleto, esta novela es ante todo un relato profundamente humano, sostenido por una escritura l\u00facida y pudorosa. El estilo sobrio y comprometido evita el pathos, mostrando sin disfraz la realidad de la vida en Mayotte. Los retratos de personajes suenan aut\u00e9nticos, las emociones afloran con contenci\u00f3n, y cada p\u00e1gina transmite un respeto sincero por la experiencia de los mahor\u00edes. Esta sobriedad narrativa no resta convicci\u00f3n, al contrario: la hace m\u00e1s contundente. El lector est\u00e1 invitado, con empat\u00eda y claridad, a sumergirse en una historia anclada en una tierra espec\u00edfica, percibiendo al mismo tiempo sus ecos universales.<\/span><\/p>\n<p><span style=\"font-size: 24px; font-family: arial, helvetica, sans-serif;\"><strong>Temas de alcance universal<\/strong><\/span><\/p>\n<p><span style=\"font-size: 20px; font-family: arial, helvetica, sans-serif;\">M\u00e1s all\u00e1 de su fuerte arraigo territorial, el recorrido de Christine remite a temas universales: la b\u00fasqueda de la justicia, la lealtad, el coraje, la transformaci\u00f3n a trav\u00e9s de la prueba, la democracia y la libertad, otorgando al relato una resonancia que trasciende ampliamente las orillas de la isla.<\/span><\/p>\n<p><span style=\"font-size: 24px; font-family: arial, helvetica, sans-serif;\"><strong>\u00bfPor qu\u00e9 leer esta novela?<\/strong><\/span><\/p>\n<ul>\n<li><span style=\"font-size: 20px; font-family: arial, helvetica, sans-serif;\">Una aut\u00e9ntica inmersi\u00f3n en la historia de Mayotte y del archipi\u00e9lago de las Comoras.<\/span><\/li>\n<li><span style=\"font-size: 20px; font-family: arial, helvetica, sans-serif;\">Una hero\u00edna fuerte, sincera y entra\u00f1able.<\/span><\/li>\n<li><span style=\"font-size: 20px; font-family: arial, helvetica, sans-serif;\">Un relato en el que se entrelazan la belleza de un territorio, el compromiso personal y colectivo, la lucha contra la injusticia y la aspiraci\u00f3n a un mundo mejor.<\/span><\/li>\n<li><span style=\"font-size: 20px; font-family: arial, helvetica, sans-serif;\">Un soplo de esperanza, sostenido por la convicci\u00f3n de que cada uno puede iluminar el mundo con sus actos.<\/span><\/li>\n<\/ul>\n<p><span style=\"font-size: 24px; font-family: arial, helvetica, sans-serif;\"><strong>Extracto<\/strong><\/span><\/p>\n<p><span style=\"font-size: 20px; font-family: arial, helvetica, sans-serif;\">\u201cChristine alz\u00f3 los ojos. Ya brillaban estrellas en el cielo. Entre ellas, llevaban luz desde hace milenios\u2026<\/span><br \/>\n<span style=\"font-size: 20px; font-family: arial, helvetica, sans-serif;\">\u2026y, sin embargo, su luz transmit\u00eda un mensaje venido del fondo de los tiempos.\u201d<\/span><\/p>\n<p><span style=\"font-size: 24px; font-family: arial, helvetica, sans-serif;\"><strong>Informaci\u00f3n pr\u00e1ctica<\/strong><\/span><\/p>\n<ul>\n<li><span style=\"font-size: 20px; font-family: arial, helvetica, sans-serif;\">Publicado por Horizontes Libres \u00c9dititorial<\/span><\/li>\n<li><span style=\"font-size: 20px; font-family: arial, helvetica, sans-serif;\">Por Marie-Christine AUBERT<\/span><\/li>\n<li><span style=\"font-size: 20px; font-family: arial, helvetica, sans-serif;\">A\u00f1o de publicaci\u00f3n: 2025<\/span><\/li>\n<li><span style=\"font-size: 20px; font-family: arial, helvetica, sans-serif;\">Disponible en versi\u00f3n de bolsillo, tapa dura y digital en Amazon<\/span><\/li>\n<\/ul>\n<p><span style=\"font-size: 24px; font-family: arial, helvetica, sans-serif;\"><strong>\u00bfD\u00f3nde encontrarlo?<\/strong><\/span><\/p>\n<div class=\"adn ads\" data-message-id=\"#msg-a:r1952927715918670138\" data-legacy-message-id=\"198cd88b5920f3c3\">\n<div class=\"gs\">\n<div class=\"\">\n<div id=\":ol\" class=\"ii gt\">\n<div id=\":ok\" class=\"a3s aiL \">\n<div>\n<div>\n<p><img decoding=\"async\" class=\"an1\" draggable=\"false\" src=\"https:\/\/fonts.gstatic.com\/s\/e\/notoemoji\/16.0\/1f1ea_1f1f8\/32.png\" alt=\"\ud83c\uddea\ud83c\uddf8\" data-emoji=\"\ud83c\uddea\ud83c\uddf8\" aria-label=\"\ud83c\uddea\ud83c\uddf8\" \/>\u00a0<a href=\"https:\/\/amzn.eu\/d\/9EnlhAc\" target=\"_blank\" rel=\"noopener\"><span style=\"color: #0000ff;\"> Amazon.fr<\/span><\/a><\/p>\n<p><span style=\"color: #0000ff;\"><img decoding=\"async\" class=\"an1\" draggable=\"false\" src=\"https:\/\/fonts.gstatic.com\/s\/e\/notoemoji\/16.0\/1f449\/32.png\" alt=\"\ud83d\udc49\" data-emoji=\"\ud83d\udc49\" aria-label=\"\ud83d\udc49\" \/><a style=\"color: #0000ff;\" href=\"https:\/\/www.amazon.fr\/dp\/B0FKN3ZRLH?ref=cm_sw_r_ffobk_cp_ud_dp_8Q98NBG2E2EAZVB4PW1D&amp;ref_=cm_sw_r_ffobk_cp_ud_dp_8Q98NBG2E2EAZVB4PW1D&amp;social_share=cm_sw_r_ffobk_cp_ud_dp_8Q98NBG2E2EAZVB4PW1D&amp;bestFormat=true\" target=\"_blank\" rel=\"noopener\">\u00a0Disponible en Amazon en versi\u00f3n de tapa blanda, tapa dura y digital<\/a><\/span><\/p>\n<p>&nbsp;<\/p>\n<div class=\"yj6qo\"><a href=\"https:\/\/amzn.eu\/d\/jdIeFo8\" target=\"_blank\" rel=\"noopener\"><span style=\"color: #0000ff;\">Amazon.es<\/span><\/a><\/div>\n<div class=\"adL\"><img decoding=\"async\" class=\"an1\" draggable=\"false\" src=\"https:\/\/fonts.gstatic.com\/s\/e\/notoemoji\/16.0\/1f449\/32.png\" alt=\"\ud83d\udc49\" data-emoji=\"\ud83d\udc49\" aria-label=\"\ud83d\udc49\" \/><span style=\"color: #0000ff;\"><a style=\"color: #0000ff;\" href=\"https:\/\/www.amazon.es\/Christine-vida-aventuras-Islas-Luna\/dp\/B0FKSKS986\/ref=sr_1_1?__mk_es_ES=%C3%85M%C3%85%C5%BD%C3%95%C3%91&amp;crid=4O2NS9XZXRNQ&amp;dib=eyJ2IjoiMSJ9.pEfwYap8GvElMtOHRoX-sgarwlonrX1fH-6svK1VKI8uTXxOQe9U-X71AoPaokGuW1RuXbwloMH4GhRNqMX7hK3Pew1T4laTHxuvQskEqvk.Tpt_AYWZVar8b0M4A0ty9ugFuTpOgqKzLqhF1983-oY&amp;dib_tag=se&amp;keywords=marie+christine+aubert&amp;qid=1755850463&amp;sprefix=marie+christine+aubert%2Caps%2C68&amp;sr=8-1\" target=\"_blank\" rel=\"noopener\">\u00a0Disponible en Amazon en versi\u00f3n de tapa blanda, tapa dura y digital<\/a><\/span><\/div>\n<\/div>\n<div class=\"adL\">\u00a0<\/div>\n<\/div>\n<div class=\"adL\">\u00a0<\/div>\n<\/div>\n<\/div>\n<div class=\"WhmR8e\" data-hash=\"0\">\u00a0<\/div>\n<\/div>\n<\/div>\n<div class=\"ajx\">\u00a0<\/div>\n<\/div>\n<div class=\"gA gt acV\">\n<div class=\"gB xu\">\n<div class=\"mVCoBd\">\u00a0<\/div>\n<div class=\"ip iq\">\n<div class=\"bJvOmf\">\n<table class=\"cf wS\" style=\"width: 95.3448%; height: 36px;\" role=\"presentation\">\n<tbody>\n<tr>\n<td class=\"amq\">\n<p>\u2728 Este sitio no es interactivo.<\/p>\n<p>Pero me encantar\u00eda leer sus mensajes:<\/p>\n<p>\ud83d\udce7<span style=\"color: #0000ff;\"> auteur@mariechristineaubert.com<\/span><\/p>\n<\/td>\n<td class=\"amr\">\n<div class=\"nr wR\">\n<div class=\"amn\">\n<div class=\"wrsVRe\" data-position=\"dynamic\">\u00a0<\/div>\n<\/div>\n<\/div>\n<\/td>\n<\/tr>\n<\/tbody>\n<\/table>\n<\/div>\n<\/div>\n<\/div>\n<\/div>\n<p>&nbsp;<\/p>\n<p>&nbsp;<\/p>\n<p>&nbsp;<\/p>\n<p>&nbsp;<\/p>\n<p>&nbsp;<\/p>\n<p>&nbsp;<\/p>\n<p>&nbsp;<\/p>\n<p>&nbsp;<\/p>\n<p>&nbsp;<\/p>\n<p>&nbsp;<\/p>\n<p>&nbsp;<\/p>\n<p>&nbsp;<\/p>\n<p>&nbsp;<\/p>\n<p>&nbsp;<\/p>\n<p>&nbsp;<\/p>\n<p>&nbsp;<\/p>\n<p>&nbsp;<\/p>\n<p>&nbsp;<\/p>\n<p>&nbsp;<\/p>\n<p>&nbsp;<\/p>\n<p>&nbsp;<\/p>\n<p>&nbsp;<\/p>\n<p>&nbsp;<\/p>\n<p>&nbsp;<\/p>\n<p>&nbsp;<\/p>\n<p>&nbsp;<\/p>\n<p>&nbsp;<\/p>\n<p>&nbsp;<\/p>\n<p>&nbsp;<\/p>\n<p>&nbsp;<\/p>\n<p>&nbsp;<\/p>\n<p>&nbsp;<\/p>\n<p>&nbsp;<\/p>\n<p>&nbsp;<\/p>\n<p>&nbsp;<\/p>\n<p>&nbsp;<\/p>\n<p>&nbsp;<\/p>\n<p>&nbsp;<\/p>\n<p>&nbsp;<\/p>\n<p>&nbsp;<\/p>\n<p>&nbsp;<\/p>\n<p>&nbsp;<\/p>\n<p>&nbsp;<\/p>\n<p>&nbsp;<\/p>\n<p>&nbsp;<\/p>\n<p>&nbsp;<\/p>\n","protected":false},"excerpt":{"rendered":"<p>Christine y su vida de aventuras en las Islas de la Luna La lucha de una mujer en las fronteras del oc\u00e9ano &nbsp; Un contexto hist\u00f3rico \u00fanico en Mayotte Mayotte, territorio del archipi\u00e9lago geogr\u00e1fico de las Comoras, se distingui\u00f3 por una elecci\u00f3n hist\u00f3rica singular. Mientras sus islas hermanas \u2014Gran Comora, Moh\u00e9li y Anjouan\u2014 optaban por &hellip; <\/p>\n<p class=\"link-more\"><a href=\"https:\/\/mariechristineaubert.com\/index.php\/es\/bienvenida-a-mi-sitio-wel-official-mariechristineaubert-com\/christine-y-su-vida-de-aventuras-en-las-islas-de-la-luna\/\" class=\"more-link\">Continuer la lecture<span class=\"screen-reader-text\"> de &laquo;&nbsp;Christine y su vida de aventuras en las Islas de la Luna&nbsp;&raquo;<\/span><\/a><\/p>\n","protected":false},"author":1,"featured_media":0,"parent":59,"menu_order":0,"comment_status":"closed","ping_status":"closed","template":"","meta":{"footnotes":""},"class_list":["post-252","page","type-page","status-publish","hentry"],"lang":"es","translations":{"es":252,"fr":209,"de":255,"en":258},"pll_sync_post":[],"_links":{"self":[{"href":"https:\/\/mariechristineaubert.com\/index.php\/wp-json\/wp\/v2\/pages\/252","targetHints":{"allow":["GET"]}}],"collection":[{"href":"https:\/\/mariechristineaubert.com\/index.php\/wp-json\/wp\/v2\/pages"}],"about":[{"href":"https:\/\/mariechristineaubert.com\/index.php\/wp-json\/wp\/v2\/types\/page"}],"author":[{"embeddable":true,"href":"https:\/\/mariechristineaubert.com\/index.php\/wp-json\/wp\/v2\/users\/1"}],"replies":[{"embeddable":true,"href":"https:\/\/mariechristineaubert.com\/index.php\/wp-json\/wp\/v2\/comments?post=252"}],"version-history":[{"count":20,"href":"https:\/\/mariechristineaubert.com\/index.php\/wp-json\/wp\/v2\/pages\/252\/revisions"}],"predecessor-version":[{"id":1911,"href":"https:\/\/mariechristineaubert.com\/index.php\/wp-json\/wp\/v2\/pages\/252\/revisions\/1911"}],"up":[{"embeddable":true,"href":"https:\/\/mariechristineaubert.com\/index.php\/wp-json\/wp\/v2\/pages\/59"}],"wp:attachment":[{"href":"https:\/\/mariechristineaubert.com\/index.php\/wp-json\/wp\/v2\/media?parent=252"}],"curies":[{"name":"wp","href":"https:\/\/api.w.org\/{rel}","templated":true}]}}