{"id":255,"date":"2025-08-20T10:16:18","date_gmt":"2025-08-20T08:16:18","guid":{"rendered":"https:\/\/mariechristineaubert.com\/?page_id=255"},"modified":"2025-10-24T20:34:24","modified_gmt":"2025-10-24T18:34:24","slug":"christine-und-ihr-abenteuerleben-auf-den-mondinseln","status":"publish","type":"page","link":"https:\/\/mariechristineaubert.com\/index.php\/de\/willkommen-auf-meiner-offiziellen-website-mariechristineaubert-com\/christine-und-ihr-abenteuerleben-auf-den-mondinseln\/","title":{"rendered":"Christine und ihr Abenteuerleben auf den Mondinseln"},"content":{"rendered":"<p><span style=\"color: #0000ff;\"><strong><span style=\"font-size: 24px;\">Christine<\/span><span style=\"font-size: 24px;\"> und ihr Abenteuerleben auf den Mondinseln<\/span><\/strong><\/span><\/p>\n<p><span style=\"font-size: 20px;\">Der Kampf einer Frau an den Grenzen des Ozeans<\/span><\/p>\n<p>&nbsp;<\/p>\n<p><img loading=\"lazy\" decoding=\"async\" class=\"alignnone size-medium wp-image-405\" src=\"https:\/\/mariechristineaubert.com\/wp-content\/uploads\/2025\/08\/cover_german_300dpi-3-200x300.png\" alt=\"\" width=\"200\" height=\"300\" srcset=\"https:\/\/mariechristineaubert.com\/wp-content\/uploads\/2025\/08\/cover_german_300dpi-3-200x300.png 200w, https:\/\/mariechristineaubert.com\/wp-content\/uploads\/2025\/08\/cover_german_300dpi-3-683x1024.png 683w, https:\/\/mariechristineaubert.com\/wp-content\/uploads\/2025\/08\/cover_german_300dpi-3-768x1152.png 768w, https:\/\/mariechristineaubert.com\/wp-content\/uploads\/2025\/08\/cover_german_300dpi-3.png 1024w\" sizes=\"auto, (max-width: 200px) 100vw, 200px\" \/><\/p>\n<p>&nbsp;<\/p>\n<p>&nbsp;<\/p>\n<p><span style=\"font-size: 24px; font-family: arial, helvetica, sans-serif;\"><strong>Ein einzigartiger historisher Kontext auf Mayotte<\/strong><\/span><\/p>\n<p><span style=\"font-size: 20px; font-family: arial, helvetica, sans-serif;\">Mayotte, Teil des geographischen Archipels der Komoren, zeichnete sich durch eine einzigartige historische Entscheidung aus. W\u00e4hrend die Schwesterinseln \u2013 Grande Comore, Moh\u00e9li und Anjouan \u2013 1974 die Unabh\u00e4ngigkeit w\u00e4hlten, entschied sich Mayotte, franz\u00f6sisch zu bleiben, und bekundete damit seine tiefe Verbundenheit mit der Franz\u00f6sischen Republik und der Demokratie, entgegen dem damaligen Trend zur Entkolonialisierung. Jahrzehnte sp\u00e4ter, 1997, erkl\u00e4rte Anjouan die Sezession und ging so weit, den Anschluss an Frankreich zu fordern \u2013 in der Hoffnung, dem Beispiel Mayottes zu folgen.<\/span><\/p>\n<p><span style=\"font-size: 24px; font-family: arial, helvetica, sans-serif;\"><strong>B\u00fcrokratie und Loyalit\u00e4t: Der Blick auf die Verwaltung<\/strong><\/span><\/p>\n<p><span style=\"font-size: 20px; font-family: arial, helvetica, sans-serif;\">Eingetaucht in diese bewegte Geschichte entdeckt Christine \u2013 eine Zollinspektorin aus dem franz\u00f6sischen Mutterland \u2013 den Alltag einer \u00dcbersee-Verwaltung mit all ihren Exzessen und Paradoxien. Doch das Bild ist nicht einheitlich und h\u00e4lt manche \u00dcberraschung bereit.<\/span><\/p>\n<p><span style=\"font-size: 24px; font-family: arial, helvetica, sans-serif;\"><strong>Christine: Erste Frau an der Spitze des Zollamtes von Mayotte<\/strong><\/span><\/p>\n<p><span style=\"font-family: arial, helvetica, sans-serif;\">Im Mittelpunkt der Erz\u00e4hlung steht Christine, die erste Frau, die den Zoll von Mayotte leitet. Sie kommt auf eine Insel, gepr\u00e4gt von rauer Sch\u00f6nheit und unterschwelligen Spannungen. Die Leserin, der Leser, geht an Bord eines Zollbootes, begleitet eine au\u00dfergew\u00f6hnliche nautische Brigade, die <em>Dhaus<\/em> und <em>Kwassa-Kwassa<\/em> verfolgt, den Gefahren des Meeres trotzt und unter mondhellen Himmeln den komplexen Herausforderungen der illegalen Migration begegnet.<\/span><\/p>\n<p><span style=\"font-family: arial, helvetica, sans-serif;\">Christine entdeckt ein Land, seine Bewohner, seine Kultur \u2013 und sie w\u00e4chst ihnen so sehr ans Herz, dass sie diese Erde intensiv zu lieben beginnt. Aus einer Au\u00dfenstehenden wird Christine im Herzen zur Mahoranerin \u2013 eine innere Metamorphose, die dem Roman seine menschliche Kraft verleiht.<\/span><\/p>\n<p><strong><span style=\"font-size: 24px;\"><span style=\"font-family: arial, helvetica, sans-serif;\">Frauen von hier und anderswo: Die St\u00e4rke d<\/span>er Bou\u00e9nis<\/span><\/strong><\/p>\n<p>Mayotte wird oft beschrieben als \u201edie Insel der Frauen, die entscheiden, der starken Frauen\u2026 die Insel der K\u00e4mpferinnen\u201c (so im Dokumentarfilm <em>SORODAS, Die Frauen von Mayotte<\/em>, von Franck Grangette, ausgestrahlt in der Reihe <em>Archipels<\/em> auf France \u00d4 am 18. Mai 2022). Sie bietet Christine ein Vorbild an Widerstandskraft und weiblichem Stolz. Ohne sich einer offen militanten feministischen Haltung zu verschreiben, hebt der Roman die Handlungsf\u00e4higkeit und die Bedeutung der Frauen im famili\u00e4ren, sozialen und politischen Leben hervor. Es ist eine verk\u00f6rperte Reflexion \u00fcber Weiblichkeit, die sich in verschiedenen kulturellen Kontexten entfaltet und uns dazu einl\u00e4dt, die Vorurteile der patriarchalen Kultur zu \u00fcberwinden.<\/p>\n<p><strong><span style=\"font-size: 24px;\">Eine schlichte, klare und zutiefst menschliche Erz\u00e4hlung<\/span><\/strong><\/p>\n<p><span style=\"font-size: 20px;\">Weder Manifest noch Pamphlet \u2013 dieser Roman ist vor allem eine zutiefst menschliche Geschichte, getragen von einem klaren und zur\u00fcckhaltenden Stil. Die schlichte, engagierte Sprache vermeidet Pathos und zeigt unverstellt die Realit\u00e4t des Lebens auf Mayotte. Die Figurenportr\u00e4ts wirken authentisch, Gef\u00fchle treten mit Zur\u00fcckhaltung hervor, und jede Seite vermittelt ehrlichen Respekt f\u00fcr die Erfahrungen der Mahoraner. Diese narrative Schlichtheit mindert die \u00dcberzeugungskraft nicht \u2013 im Gegenteil, sie verst\u00e4rkt sie. Die Leserin, der Leser, wird eingeladen, sich mit Empathie und Klarheit in eine Geschichte hineinzuversetzen, die in einer spezifischen Erde verwurzelt ist und doch weit dar\u00fcber hinaus hallt.<\/span><\/p>\n<p><strong><span style=\"font-size: 24px;\">Themen von universeller Tragweite<\/span><\/strong><\/p>\n<p><span style=\"font-size: 20px;\">\u00dcber ihre starke territoriale Verwurzelung hinaus verweist Christines Weg auf universelle Themen \u2013 die Suche nach Gerechtigkeit, Loyalit\u00e4t, Mut, Verwandlung durch Pr\u00fcfungen, Demokratie und Freiheit. All dies verleiht der Erz\u00e4hlung eine Resonanz, die weit \u00fcber die K\u00fcsten der Insel hinausreicht.<\/span><\/p>\n<p><strong><span style=\"font-size: 24px;\">Warum diesen Roman lesen?<\/span><\/strong><\/p>\n<ul>\n<li>Ein authentisches Eintauchen in die Geschichte von Mayotte und des Komoren-Archipels.<\/li>\n<li>Eine starke, aufrichtige und ber\u00fchrende Heldin.<\/li>\n<li>Eine Erz\u00e4hlung, in der sich die Sch\u00f6nheit einer Landschaft mit pers\u00f6nlichem und kollektivem Engagement, dem Kampf gegen Ungerechtigkeit und der Sehnsucht nach einer besseren Welt verkn\u00fcpft.<\/li>\n<li>Ein Hauch von Hoffnung, getragen von der \u00dcberzeugung, dass jeder Mensch die Welt mit seinen Taten erhellen kann.<\/li>\n<\/ul>\n<p><span style=\"font-size: 24px;\"><strong>Auszug<\/strong><\/span><\/p>\n<p>\u201eChristine hob den Blick. Sterne funkelten bereits am Himmel. Unter ihnen manche, die seit Jahrtausenden erloschen waren\u2026<br \/>\n\u2026und doch trug ihr Licht eine Botschaft aus den Tiefen der Zeit.\u201c<\/p>\n<p><span style=\"font-size: 24px;\"><strong>Praktische Informationen<\/strong><\/span><\/p>\n<ul>\n<li>Verlag: Freie Horizonte Verlag<\/li>\n<li>Autorin: Marie-Christine AUBERT<\/li>\n<li>Erscheinungsjahr: 2025<\/li>\n<li>Erh\u00e4ltlich als Taschenbuch, Hardcover und Kindle-Ausgabe bei Amazon<\/li>\n<\/ul>\n<p><span style=\"font-size: 24px;\"><strong>Wo erh\u00e4ltlich?<\/strong><\/span><\/p>\n<div class=\"adn ads\" data-message-id=\"#msg-a:r1952927715918670138\" data-legacy-message-id=\"198cd88b5920f3c3\">\n<div class=\"gs\">\n<div class=\"\">\n<div id=\":ol\" class=\"ii gt\">\n<div id=\":ok\" class=\"a3s aiL \">\n<div>\n<div>\n<p><img decoding=\"async\" class=\"an1\" draggable=\"false\" src=\"https:\/\/fonts.gstatic.com\/s\/e\/notoemoji\/16.0\/1f1e9_1f1ea\/32.png\" alt=\"\ud83c\udde9\ud83c\uddea\" data-emoji=\"\ud83c\udde9\ud83c\uddea\" aria-label=\"\ud83c\udde9\ud83c\uddea\" \/><span style=\"color: #00ccff;\">\u00a0<span style=\"color: #3366ff;\"> <a style=\"color: #3366ff;\" href=\"https:\/\/amzn.eu\/d\/eIovtjI\" target=\"_blank\" rel=\"noopener\">amazon.de<\/a><\/span><\/span><\/p>\n<p><img decoding=\"async\" class=\"an1\" draggable=\"false\" src=\"https:\/\/fonts.gstatic.com\/s\/e\/notoemoji\/16.0\/1f449\/32.png\" alt=\"\ud83d\udc49\" data-emoji=\"\ud83d\udc49\" aria-label=\"\ud83d\udc49\" \/>\u00a0<span style=\"color: #0000ff;\"><a style=\"color: #0000ff;\" href=\"https:\/\/www.amazon.de\/Christine-ihr-Abenteuerleben-auf-Mondinseln\/dp\/B0FGQG792K\/ref=sr_1_2?__mk_de_DE=%C3%85M%C3%85%C5%BD%C3%95%C3%91&amp;crid=3N029X3GK7ZF1&amp;dib=eyJ2IjoiMSJ9.K8XxvQ9rco9_ADGvidBRMyet0SjyR7NghT1lW6p78_JW8QdHXIHwfJm6qGpZzC2IXVYHR_GmDqCeOz5BhiREfV-g7aOIkQtykQwQhZbcfJelDrkHkfhBd5YtW7_rFjx1-IJw2igii6cJ7DzvMMuL1ArLbD0OKrqLkrmAbTQQyAxgbx6xi47MRko86N1PDH_g0XTRbpQ0zxFwEzlPhqRxfHkZpawuEcSimGJpelay0VY.IsU7dwkGgb27xET5FRPxQfOVBOGP8zmnCrO0Wd3iFfg&amp;dib_tag=se&amp;keywords=marie+christine+aubert&amp;qid=1755805729&amp;sprefix=marie+christine+aubert+%2Caps%2C92&amp;sr=8-2\" target=\"_blank\" rel=\"noopener\">Auf Amazon erh\u00e4ltlich als Taschenbuch, gebundene Ausgabe und Kindle-Edition<\/a><\/span><\/p>\n<div class=\"yj6qo\">\u00a0<\/div>\n<div class=\"adL\"><span style=\"color: #3366ff;\"><a style=\"color: #3366ff;\" href=\"https:\/\/amzn.eu\/d\/diEgFOE\" target=\"_blank\" rel=\"noopener\">Amazon<\/a> .fr<\/span><\/div>\n<\/div>\n<div class=\"adL\">\u00a0<\/div>\n<\/div>\n<div class=\"adL\">\u00a0<span style=\"color: #0000ff;\">Auf Amazon erh\u00e4ltlich als <a style=\"color: #0000ff;\" href=\"https:\/\/www.amazon.fr\/dp\/B0FGQG792K?ref=cm_sw_r_ffobk_cp_ud_dp_YEN5A2T5MD353HPSQVCS&amp;ref_=cm_sw_r_ffobk_cp_ud_dp_YEN5A2T5MD353HPSQVCS&amp;social_share=cm_sw_r_ffobk_cp_ud_dp_YEN5A2T5MD353HPSQVCS&amp;bestFormat=true\" target=\"_blank\" rel=\"noopener\">Taschenbuch,<\/a> gebundene Ausgabe und Kindle-Edition<\/span><\/div>\n<\/div>\n<\/div>\n<div class=\"WhmR8e\" data-hash=\"0\">\u00a0<\/div>\n<\/div>\n<\/div>\n<div class=\"ajx\">\u00a0<\/div>\n<\/div>\n<div class=\"gA gt acV\">\n<div class=\"gB xu\">\n<div class=\"mVCoBd\">\u00a0<\/div>\n<div class=\"ip iq\">\n<div class=\"bJvOmf\">\n<table class=\"cf wS\" role=\"presentation\">\n<tbody>\n<tr>\n<td class=\"amq\">\n<div class=\"I_ZiTj5d C_1GbO8e W_6D6F D_F ek_BB z_n m_22RyjK em_N O_0 ah_16P6j9 ai_Zc7bQR\" role=\"region\" data-test-id=\"message-view-body\" aria-labelledby=\"message-view-body-landmark\">\n<div class=\"msg-body mq_AS\" data-test-id=\"message-view-body-content\">\n<div class=\"je_2kCCw7 jb_dm5 X_7sfl N_7sfl\">\n<div>\n<div id=\"yiv0540993592\">\n<div>\n<p>\u2728 Diese Website ist nicht interaktiv.<\/p>\n<p>Aber ich w\u00fcrde mich sehr freuen, Ihre Nachrichten zu lesen:<\/p>\n<p>\ud83d\udce7<span style=\"color: #000080;\"> contact@mariechristineaubert.com<\/span><\/p>\n<\/div>\n<\/div>\n<\/div>\n<\/div>\n<\/div>\n<\/div>\n<\/td>\n<td class=\"amr\">\n<div class=\"nr wR\">\n<div class=\"amn\">\n<div class=\"wrsVRe\" data-position=\"dynamic\">\u00a0<\/div>\n<\/div>\n<\/div>\n<\/td>\n<\/tr>\n<\/tbody>\n<\/table>\n<\/div>\n<\/div>\n<\/div>\n<\/div>\n","protected":false},"excerpt":{"rendered":"<p>Christine und ihr Abenteuerleben auf den Mondinseln Der Kampf einer Frau an den Grenzen des Ozeans &nbsp; &nbsp; &nbsp; Ein einzigartiger historisher Kontext auf Mayotte Mayotte, Teil des geographischen Archipels der Komoren, zeichnete sich durch eine einzigartige historische Entscheidung aus. W\u00e4hrend die Schwesterinseln \u2013 Grande Comore, Moh\u00e9li und Anjouan \u2013 1974 die Unabh\u00e4ngigkeit w\u00e4hlten, entschied &hellip; <\/p>\n<p class=\"link-more\"><a href=\"https:\/\/mariechristineaubert.com\/index.php\/de\/willkommen-auf-meiner-offiziellen-website-mariechristineaubert-com\/christine-und-ihr-abenteuerleben-auf-den-mondinseln\/\" class=\"more-link\">Continuer la lecture<span class=\"screen-reader-text\"> de &laquo;&nbsp;Christine und ihr Abenteuerleben auf den Mondinseln&nbsp;&raquo;<\/span><\/a><\/p>\n","protected":false},"author":1,"featured_media":0,"parent":72,"menu_order":0,"comment_status":"closed","ping_status":"closed","template":"","meta":{"footnotes":""},"class_list":["post-255","page","type-page","status-publish","hentry"],"lang":"de","translations":{"de":255,"es":252,"fr":209,"en":258},"pll_sync_post":[],"_links":{"self":[{"href":"https:\/\/mariechristineaubert.com\/index.php\/wp-json\/wp\/v2\/pages\/255","targetHints":{"allow":["GET"]}}],"collection":[{"href":"https:\/\/mariechristineaubert.com\/index.php\/wp-json\/wp\/v2\/pages"}],"about":[{"href":"https:\/\/mariechristineaubert.com\/index.php\/wp-json\/wp\/v2\/types\/page"}],"author":[{"embeddable":true,"href":"https:\/\/mariechristineaubert.com\/index.php\/wp-json\/wp\/v2\/users\/1"}],"replies":[{"embeddable":true,"href":"https:\/\/mariechristineaubert.com\/index.php\/wp-json\/wp\/v2\/comments?post=255"}],"version-history":[{"count":19,"href":"https:\/\/mariechristineaubert.com\/index.php\/wp-json\/wp\/v2\/pages\/255\/revisions"}],"predecessor-version":[{"id":1087,"href":"https:\/\/mariechristineaubert.com\/index.php\/wp-json\/wp\/v2\/pages\/255\/revisions\/1087"}],"up":[{"embeddable":true,"href":"https:\/\/mariechristineaubert.com\/index.php\/wp-json\/wp\/v2\/pages\/72"}],"wp:attachment":[{"href":"https:\/\/mariechristineaubert.com\/index.php\/wp-json\/wp\/v2\/media?parent=255"}],"curies":[{"name":"wp","href":"https:\/\/api.w.org\/{rel}","templated":true}]}}