{"id":362,"date":"2025-08-22T22:12:31","date_gmt":"2025-08-22T20:12:31","guid":{"rendered":"https:\/\/mariechristineaubert.com\/?page_id=362"},"modified":"2026-03-06T12:59:08","modified_gmt":"2026-03-06T11:59:08","slug":"extrait-du-premier-chapitre-clair-de-lune-sur-le-lagon-de-mayotte","status":"publish","type":"page","link":"https:\/\/mariechristineaubert.com\/index.php\/extrait-du-premier-chapitre-clair-de-lune-sur-le-lagon-de-mayotte\/","title":{"rendered":"Extrait du Premier chapitre Clair de lune sur le lagon de Mayotte"},"content":{"rendered":"<p><img loading=\"lazy\" decoding=\"async\" class=\"alignnone size-medium wp-image-394\" src=\"https:\/\/mariechristineaubert.com\/wp-content\/uploads\/2025\/08\/photo-sans-texte-4-300x300.jpg\" alt=\"\" width=\"300\" height=\"300\" srcset=\"https:\/\/mariechristineaubert.com\/wp-content\/uploads\/2025\/08\/photo-sans-texte-4-300x300.jpg 300w, https:\/\/mariechristineaubert.com\/wp-content\/uploads\/2025\/08\/photo-sans-texte-4-150x150.jpg 150w, https:\/\/mariechristineaubert.com\/wp-content\/uploads\/2025\/08\/photo-sans-texte-4-768x768.jpg 768w, https:\/\/mariechristineaubert.com\/wp-content\/uploads\/2025\/08\/photo-sans-texte-4-100x100.jpg 100w, https:\/\/mariechristineaubert.com\/wp-content\/uploads\/2025\/08\/photo-sans-texte-4.jpg 1024w\" sizes=\"auto, (max-width: 300px) 100vw, 300px\" \/><\/p>\n<p>Extrait &#8211; I-\u00a0 Clair de lune sur le lagon de Mayotte.<\/p>\n<p style=\"text-align: left;\">La tactique des passeurs pour \u00e9chapper \u00e0 tout contr\u00f4le consistait \u00e0 \u00ab\u00a0faire le mort\u00a0\u00bb: moteur stopp\u00e9 et tous feux \u00e9teints \u00e0 l&rsquo;approche des douaniers pour se fondre dans la nuit. Il fallait passer inaper\u00e7u pour ne pas se faire rep\u00e9rer d\u00e8s que l&rsquo;on croyait apercevoir la lumi\u00e8re d&rsquo;un navire ou entendre le moindre bruit de moteur. Le petit moteur de dix chevaux, utilis\u00e9 sur les kwassa-kwassa, \u00e9tait bien moins bruyant que les deux moteurs de cent chevaux de la vedette des douanes. Pourtant , malgr\u00e9 cette diff\u00e9rence, Samy percevait le bruit de ce petit moteur bien avant que les passeurs aient pu se douter de la pr\u00e9sence des douanes, et m\u00eame bien avant l&rsquo;apparition d&rsquo;un petit point repr\u00e9sentant la kwassa-kwassa sur l&rsquo;\u00e9cran du radar.\u00a0<\/p>\n<p>Il fallait \u00eatre assis \u00e0 c\u00f4t\u00e9 de Samy, dans la vedette qui fon\u00e7ait \u00e0 toute allure sur le lagon, avec ces deux moteurs qui d\u00e9chiraient le silence de la nuit, et voir soudain Samy lever la main et indiquer d&rsquo;un doigt le sens \u00e0 prendre pour suivre une embarcation qu&rsquo;il venait de d\u00e9tecter. Quelques minutes plus tard, Samy pr\u00e9venait que la barque venait de s&rsquo;arr\u00eater car il n&rsquo;entendait plus le bruit de son moteur. C&rsquo;\u00e9tait alors au tour des douaniers de se fondre dans la nuit. Si la barque avait stopp\u00e9, c&rsquo;est que les passeurs avaient entendu la vedette ou aper\u00e7u ses lumi\u00e8res. Il fallait \u00e0 son tour ne plus se manifester : tout \u00e9teindre, ne plus faire de bruit et patienter en silence, en guettant la red\u00e9marrage de l&#8217;embarcation.<\/p>\n<p>Les passeurs \u00e9taient tr\u00e8s m\u00e9fiants, et l&rsquo;attente s&rsquo;allongeait parfois ind\u00e9finiment. Quand la barque repartait, c&rsquo;\u00e9tait souvent dans une autre direction, mais Samy ne se trompait jamais. Ce petit jeu du chat et de la souris, fait de marches arr\u00eats successifs, ne pouvait gu\u00e8re durer tr\u00e8s longtemps parce qu&rsquo;aucune barque ne pouvait rivaliser avec la vedette la plus rapide de l&rsquo;\u00eele. D\u00e8s que Samy d\u00e9tectait une kwassa-kwassa, elle ne pouvait plus leur \u00e9chapper : c&rsquo;\u00e9tait juste une question de temps.<\/p>\n<p>Une autre tactique des passeurs pour \u00e9viter de se faire intercepter, consistait \u00e0 se diriger sur les hauts fonds \u00e0 mar\u00e9e basse. L&rsquo;avantage des barques \u00e0 fond plat est de pouvoir passer presque partout. Les passeurs savaient que les autres bateaux ne pouvaient les suivre en raison de leur tirant d&rsquo;eau. Mais c&rsquo;\u00e9tait sans compter sur Samy et Allan qui pouvaient mettre les gaz \u00e0 fond et stopper net juste \u00e0 temps, quand il le fallait, gr\u00e2ce \u00e0 ce sens d\u00e9velopp\u00e9 de l&rsquo;odorat qui leur permettait de d\u00e9celer la pr\u00e9sence des hauts fonds \u00e0 mar\u00e9e basse.<\/p>\n<p><img decoding=\"async\" class=\"an1\" draggable=\"false\" src=\"https:\/\/fonts.gstatic.com\/s\/e\/notoemoji\/16.0\/1f449\/32.png\" alt=\"\ud83d\udc49\" data-emoji=\"\ud83d\udc49\" aria-label=\"\ud83d\udc49\" \/> Disponible sur]\u00a0<a href=\"https:\/\/www.amazon.fr\/s?k=marie+christine+aubert&amp;crid=2PJCDS8TMZDT5&amp;sprefix=%2Caps%2C107&amp;ref=nb_sb_ss_recent_2_0_recent\" target=\"_blank\" rel=\"noopener\">Amazon.fr : marie christine aubert<\/a><\/p>\n<div id=\":ol\" class=\"ii gt\">\n<div id=\":ok\" class=\"a3s aiL \">\n<div class=\"adL\">\n<p>\u2728 Ce site n\u2019est pas interactif.<\/p>\n<p>Mais je serai ravie de lire vos messages :\ud83d\udce7<span style=\"color: #000080;\"> auteur@mariechristineaubert.com<\/span><\/p>\n<\/div>\n<\/div>\n<\/div>\n<div class=\"WhmR8e\" data-hash=\"0\">\u00a0<\/div>\n","protected":false},"excerpt":{"rendered":"<p>Extrait &#8211; I-\u00a0 Clair de lune sur le lagon de Mayotte. La tactique des passeurs pour \u00e9chapper \u00e0 tout contr\u00f4le consistait \u00e0 \u00ab\u00a0faire le mort\u00a0\u00bb: moteur stopp\u00e9 et tous feux \u00e9teints \u00e0 l&rsquo;approche des douaniers pour se fondre dans la nuit. Il fallait passer inaper\u00e7u pour ne pas se faire rep\u00e9rer d\u00e8s que l&rsquo;on croyait &hellip; <\/p>\n<p class=\"link-more\"><a href=\"https:\/\/mariechristineaubert.com\/index.php\/extrait-du-premier-chapitre-clair-de-lune-sur-le-lagon-de-mayotte\/\" class=\"more-link\">Continuer la lecture<span class=\"screen-reader-text\"> de &laquo;&nbsp;Extrait du Premier chapitre Clair de lune sur le lagon de Mayotte&nbsp;&raquo;<\/span><\/a><\/p>\n","protected":false},"author":1,"featured_media":0,"parent":0,"menu_order":0,"comment_status":"closed","ping_status":"closed","template":"","meta":{"footnotes":""},"class_list":["post-362","page","type-page","status-publish","hentry"],"lang":"fr","translations":{"fr":362,"de":365,"en":372,"es":378},"pll_sync_post":[],"_links":{"self":[{"href":"https:\/\/mariechristineaubert.com\/index.php\/wp-json\/wp\/v2\/pages\/362","targetHints":{"allow":["GET"]}}],"collection":[{"href":"https:\/\/mariechristineaubert.com\/index.php\/wp-json\/wp\/v2\/pages"}],"about":[{"href":"https:\/\/mariechristineaubert.com\/index.php\/wp-json\/wp\/v2\/types\/page"}],"author":[{"embeddable":true,"href":"https:\/\/mariechristineaubert.com\/index.php\/wp-json\/wp\/v2\/users\/1"}],"replies":[{"embeddable":true,"href":"https:\/\/mariechristineaubert.com\/index.php\/wp-json\/wp\/v2\/comments?post=362"}],"version-history":[{"count":8,"href":"https:\/\/mariechristineaubert.com\/index.php\/wp-json\/wp\/v2\/pages\/362\/revisions"}],"predecessor-version":[{"id":1886,"href":"https:\/\/mariechristineaubert.com\/index.php\/wp-json\/wp\/v2\/pages\/362\/revisions\/1886"}],"wp:attachment":[{"href":"https:\/\/mariechristineaubert.com\/index.php\/wp-json\/wp\/v2\/media?parent=362"}],"curies":[{"name":"wp","href":"https:\/\/api.w.org\/{rel}","templated":true}]}}