{"id":39,"date":"2025-08-15T17:18:55","date_gmt":"2025-08-15T15:18:55","guid":{"rendered":"https:\/\/mariechristineaubert.com\/?page_id=39"},"modified":"2026-03-06T12:50:58","modified_gmt":"2026-03-06T11:50:58","slug":"bienvenue-sur-mon-site-officiel-mariechristineaubert-com","status":"publish","type":"page","link":"https:\/\/mariechristineaubert.com\/","title":{"rendered":"Bienvenue sur le site officiel de Marie Christine Aubert, romanci\u00e8re fran\u00e7aise"},"content":{"rendered":"<h1>\r\n<\/h1>\r\n<h1 class=\"wp-block-heading\">Marie Christine Aubert &#8211; Romanci\u00e8re fran\u00e7aise, entre voyages et lumi\u00e8re des mots.<\/h1>\r\n\r\n\r\n\r\n<p class=\"has-base-background-color has-background\">Ici, je partage l&rsquo;univers qui m&rsquo;inspire et me porte: mes romans, mes voyages d&rsquo;\u00e9criture et les histoires vraies ou r\u00eav\u00e9es qui les nourrissent. Vous y d\u00e9couvrirez mes livres, mes actualit\u00e9s et l&rsquo;aventure litt\u00e9raire qui continue de s&rsquo;\u00e9crire chaque jour.<\/p>\r\n\r\n\r\n<p class=\"has-base-background-color has-background\">Ici les mots sont une passerelle entre mes univers imaginaires et ceux qui prennent vie en vous. Que vous veniez par curiosit\u00e9 ou par fid\u00e9lit\u00e9, j&rsquo;esp\u00e8re que chaque visite sera comme une invitation au voyage, vers d&rsquo;autres horizons -y compris un voyage int\u00e9rieur au plus profond de soi.<\/p>\r\n\r\n\r\n<p>&nbsp;<\/p>\r\n\r\n<div class=\"wp-block-image\">\r\n<figure class=\"aligncenter size-full is-resized\"><img loading=\"lazy\" decoding=\"async\" width=\"432\" height=\"576\" class=\"wp-image-24\" style=\"aspect-ratio: 0.7500059066745423; width: 496px; height: auto;\" src=\"https:\/\/mariechristineaubert.com\/wp-content\/uploads\/2025\/08\/IMG_8499-MCA-3.png\" alt=\"\" srcset=\"https:\/\/mariechristineaubert.com\/wp-content\/uploads\/2025\/08\/IMG_8499-MCA-3.png 432w, https:\/\/mariechristineaubert.com\/wp-content\/uploads\/2025\/08\/IMG_8499-MCA-3-225x300.png 225w\" sizes=\"auto, (max-width: 432px) 100vw, 432px\" \/><\/figure><\/div>\r\n\r\n\r\n<div class=\"wp-block-group\"><div class=\"wp-block-group__inner-container is-layout-constrained wp-block-group-is-layout-constrained\">\r\n<p>\u00a0 \u00a0 \u00a0 \u00a0 \u00a0Guid\u00e9e par l&rsquo;amour des voyages, de l&rsquo;histoire et des rencontres humaines, j&rsquo; invite mes lecteurs \u00e0 larguer les amarres vers Mayotte et l&rsquo;archipel des Comores, au fil d&rsquo; un roman vibrant de r\u00e9alisme et d&rsquo;\u00e9motion.<\/p>\r\n\r\n\r\n<p>N\u00e9 en fran\u00e7ais, ce livre franchit aujourd&rsquo;hui les fronti\u00e8res gr\u00e2ce \u00e0 ses traductions en anglais, allemand et espagnol, pour que chacun, o\u00f9 qu&rsquo;il se trouve, puisse en partager l&rsquo;aventure.<\/p>\r\n\r\n\r\n<p><span style=\"font-size: 24px;\"><strong>Bienvenue dans l&rsquo;univers de<em> Christine et sa vie d&rsquo;aventures dans les \u00eeles de la Lune<\/em><\/strong><\/span><\/p>\r\n\r\n\r\n<p>Sous le soleil \u00e9clatant de Mayotte, les eaux du lagon se teintent de turquoise et d&rsquo;\u00e9meraude. Les boutres apparaissent \u00e0 l&rsquo;horizon, portant, avec eux les \u00e9chos d&rsquo;histoires anciennes, de luttes pacifiques et de r\u00eaves d&rsquo;avenir.<\/p>\r\n\r\n\r\n<p>C&rsquo;est dans ce cadre enchanteur que Christine fonctionnaire passionn\u00e9e et femme de convictions, poursuit sa route au c\u0153ur d&rsquo;un monde o\u00f9 l&rsquo;engagement se vit chaque jour.<\/p>\r\n<p><img decoding=\"async\" class=\"an1\" draggable=\"false\" src=\"https:\/\/fonts.gstatic.com\/s\/e\/notoemoji\/16.0\/1f449\/32.png\" alt=\"\ud83d\udc49\" data-emoji=\"\ud83d\udc49\" aria-label=\"\ud83d\udc49\" \/> Disponible sur]\u00a0<a href=\"https:\/\/www.amazon.fr\/s?k=marie+christine+aubert&amp;crid=2PJCDS8TMZDT5&amp;sprefix=%2Caps%2C107&amp;ref=nb_sb_ss_recent_2_0_recent\" target=\"_blank\" rel=\"noopener\">Amazon.fr : marie christine aubert<\/a><\/p>\r\n<\/div><\/div>\r\n\r\n<p><img decoding=\"async\" class=\"an1\" draggable=\"false\" src=\"https:\/\/fonts.gstatic.com\/s\/e\/notoemoji\/16.0\/1f449\/32.png\" alt=\"\ud83d\udc49\" data-emoji=\"\ud83d\udc49\" aria-label=\"\ud83d\udc49\" \/><span style=\"font-size: 1rem;\"> <a style=\"color: #1a73e8; text-decoration: none; font-weight: 600;\" href=\"https:\/\/www.amazon.fr\/dp\/B0F1TSQ8TQ\" target=\"_blank\" rel=\"noopener nofollow sponsored\">Disponible en version broch\u00e9e, reli\u00e9e et num\u00e9rique sur Amazon<\/a><\/span><\/p>\r\n<p>&nbsp;<\/p>\r\n<p>&nbsp;<\/p>\r\n<p>D\u00e9couvrez mon roman : <span style=\"color: #0000ff;\">:\u00a0\u00a0<\/span>Extrait du chapitre I :<span style=\"color: #0000ff;\"> \u00a0<span id=\"sample-permalink\"><a style=\"color: #0000ff;\" href=\"https:\/\/mariechristineaubert.com\/index.php\/extrait-du-premier-chapitre-clair-de-lune-sur-le-lagon-de-mayotte\/\">https:\/\/mariechristineaubert.com\/index.php\/<span id=\"editable-post-name\">extrait-du-premi\u2026lagon-de-mayotte<\/span>\/<\/a><\/span>\u00a0\u200e<\/span><\/p>\r\n<p>Partons en voyage\u00a0 :\u00a0 <span style=\"color: #0000ff;\"><a style=\"color: #0000ff;\" href=\"https:\/\/mariechristineaubert.com\/index.php\/petit-tour-a-sydney\/\">https:\/\/mariechristineaubert.com\/index.php\/petit-tour-a-sydney\/<\/a><\/span><\/p>\r\n<p><span style=\"color: #0000ff;\"><span style=\"color: #000000;\"><a href=\"https:\/\/mariechristineaubert.com\/index.php\/https-mariechristineaubert-com-index-php-escapade-polynesienne-bora-bora-et-rangiroa\/\">Escapade polyn\u00e9sienne \u2013 Bora-Bora et Rangiroa<\/a><\/span> <a style=\"color: #0000ff;\" href=\"https:\/\/mariechristineaubert.com\/index.php\/escapade-polynesienne\/\">https:\/\/mariechristineaubert.com\/index.php\/escapade-polynesienne\/<\/a><\/span><\/p>\r\n<p>&nbsp;<\/p>\r\n<p>\u2728 Ce site n\u2019est pas interactif. Mais je serai ravie de lire vos messages :\ud83d\udce7 <span style=\"color: #0000ff;\">auteur@mariechristineaubert.com<\/span><\/p>","protected":false},"excerpt":{"rendered":"<p>Marie Christine Aubert &#8211; Romanci\u00e8re fran\u00e7aise, entre voyages et lumi\u00e8re des mots. Ici, je partage l&rsquo;univers qui m&rsquo;inspire et me porte: mes romans, mes voyages d&rsquo;\u00e9criture et les histoires vraies ou r\u00eav\u00e9es qui les nourrissent. Vous y d\u00e9couvrirez mes livres, mes actualit\u00e9s et l&rsquo;aventure litt\u00e9raire qui continue de s&rsquo;\u00e9crire chaque jour. Ici les mots sont &hellip; <\/p>\n<p class=\"link-more\"><a href=\"https:\/\/mariechristineaubert.com\/\" class=\"more-link\">Continuer la lecture<span class=\"screen-reader-text\"> de &laquo;&nbsp;Bienvenue sur le site officiel de Marie Christine Aubert, romanci\u00e8re fran\u00e7aise&nbsp;&raquo;<\/span><\/a><\/p>\n","protected":false},"author":1,"featured_media":0,"parent":0,"menu_order":0,"comment_status":"closed","ping_status":"closed","template":"","meta":{"footnotes":""},"class_list":["post-39","page","type-page","status-publish","hentry"],"lang":"fr","translations":{"fr":39,"en":52,"es":59,"de":72},"pll_sync_post":[],"_links":{"self":[{"href":"https:\/\/mariechristineaubert.com\/index.php\/wp-json\/wp\/v2\/pages\/39","targetHints":{"allow":["GET"]}}],"collection":[{"href":"https:\/\/mariechristineaubert.com\/index.php\/wp-json\/wp\/v2\/pages"}],"about":[{"href":"https:\/\/mariechristineaubert.com\/index.php\/wp-json\/wp\/v2\/types\/page"}],"author":[{"embeddable":true,"href":"https:\/\/mariechristineaubert.com\/index.php\/wp-json\/wp\/v2\/users\/1"}],"replies":[{"embeddable":true,"href":"https:\/\/mariechristineaubert.com\/index.php\/wp-json\/wp\/v2\/comments?post=39"}],"version-history":[{"count":50,"href":"https:\/\/mariechristineaubert.com\/index.php\/wp-json\/wp\/v2\/pages\/39\/revisions"}],"predecessor-version":[{"id":1891,"href":"https:\/\/mariechristineaubert.com\/index.php\/wp-json\/wp\/v2\/pages\/39\/revisions\/1891"}],"wp:attachment":[{"href":"https:\/\/mariechristineaubert.com\/index.php\/wp-json\/wp\/v2\/media?parent=39"}],"curies":[{"name":"wp","href":"https:\/\/api.w.org\/{rel}","templated":true}]}}