{"id":407,"date":"2025-08-24T10:24:12","date_gmt":"2025-08-24T08:24:12","guid":{"rendered":"https:\/\/mariechristineaubert.com\/?page_id=407"},"modified":"2025-09-14T23:54:27","modified_gmt":"2025-09-14T21:54:27","slug":"le-message-des-etoiles-disparues","status":"publish","type":"page","link":"https:\/\/mariechristineaubert.com\/index.php\/le-message-des-etoiles-disparues\/","title":{"rendered":"Le message des \u00e9toiles disparues"},"content":{"rendered":"<h1><em><img loading=\"lazy\" decoding=\"async\" class=\"size-medium wp-image-408 aligncenter\" src=\"https:\/\/mariechristineaubert.com\/wp-content\/uploads\/2025\/08\/1CDB0291-E3B8-4972-99CA-32F1DBBFBB23-1-300x200.png\" alt=\"\" width=\"300\" height=\"200\" srcset=\"https:\/\/mariechristineaubert.com\/wp-content\/uploads\/2025\/08\/1CDB0291-E3B8-4972-99CA-32F1DBBFBB23-1-300x200.png 300w, https:\/\/mariechristineaubert.com\/wp-content\/uploads\/2025\/08\/1CDB0291-E3B8-4972-99CA-32F1DBBFBB23-1-1024x683.png 1024w, https:\/\/mariechristineaubert.com\/wp-content\/uploads\/2025\/08\/1CDB0291-E3B8-4972-99CA-32F1DBBFBB23-1-768x512.png 768w, https:\/\/mariechristineaubert.com\/wp-content\/uploads\/2025\/08\/1CDB0291-E3B8-4972-99CA-32F1DBBFBB23-1.png 1536w\" sizes=\"auto, (max-width: 300px) 100vw, 300px\" \/><\/em><\/h1>\n<h1 style=\"text-align: center;\"><span style=\"color: #000000;\"><strong>Le message des \u00e9toiles disparues\u00a0<\/strong><\/span><\/h1>\n<p style=\"text-align: left;\">Il arrive que les \u0153uvres se r\u00e9pondent \u00e0 travers le temps. Mon premier livre \u00e9tait un roman, une histoire incarn\u00e9e, port\u00e9e par des personnages, qui se terminait sous le signe d\u2019une image\u00a0; celle des \u00e9toiles disparues.<\/p>\n<p style=\"text-align: left;\">Ces \u00e9toiles, bien que mortes depuis des mill\u00e9naires, continuent de nous envoyer leur lumi\u00e8re. Elles rappellent que la clart\u00e9 des Lumi\u00e8res, l&rsquo;amour de la tol\u00e9rance, l\u2019\u00e9lan de la d\u00e9mocratie, la force de la libert\u00e9, survivent aux d\u00e9faites apparentes et aux injustices pr\u00e9sentes.<\/p>\n<p style=\"text-align: left;\">Aujourd&rsquo;hui je commence mon deuxi\u00e8me livre qui ne sera pas un roman mais un essai philosophique intitul\u00e9 le message des \u00e9toiles disparues, \u00e0 l&rsquo;instar du titre du dernier chapitre de mon roman <em>\u00a0\u00bb Christine et sa vie d&rsquo;aventures dans les \u00eeles de la lune\u00a0\u00bb<\/em>. En prolongeant cette intuition, cet essai cherchera \u00e0 mettre en lumi\u00e8re ce message des \u00e9toiles disparues. : celui des penseurs, des peuples et des h\u00e9ros qui, \u00e0 travers les si\u00e8cles, ont d\u00e9fendu la libert\u00e9 contre la tyrannie, la tol\u00e9rance contre le fanatisme, la justice contre l\u2019arbitraire. Leur combat n\u2019a pas \u00e9t\u00e9 vain : il nous \u00e9claire encore et nous oblige.<\/p>\n<p style=\"text-align: left;\">L\u2019h\u00e9ritage des Lumi\u00e8res c\u2019est le message qui nous parvient de la profondeur du temps, et qui peut guider nos pas, aujourd\u2019hui face aux menaces de notre temps\u00a0: dictatures, mafias, corruption, impuissance politique, manipulations num\u00e9riques, crise \u00e9cologique, fanatisme \u2026<\/p>\n<p style=\"text-align: left;\">Cet essai ne sera\u00a0 pas un trait\u00e9 acad\u00e9mique mais une m\u00e9ditation personnelle, une tentative de relier l\u2019h\u00e9ritage des Anciens \u00e0 notre pr\u00e9sent incertain. Mon ambition est modeste : montrer que la philosophie n\u2019est pas morte, qu\u2019elle est encore capable de nous guider, et que la lumi\u00e8re des \u00e9toiles disparues brille toujours au-dessus de nous et peut guider nos pas pour trouver le chemin de la justice et de la libert\u00e9, celui d\u2019une vie accomplie, et que nos Anciens appelaient d\u00e9j\u00e0 le bonheur.<\/p>\n<p style=\"text-align: left;\"><em><img decoding=\"async\" class=\"an1 alignleft\" draggable=\"false\" src=\"https:\/\/fonts.gstatic.com\/s\/e\/notoemoji\/16.0\/2728\/32.png\" alt=\"\u2728\" data-emoji=\"\u2728\" aria-label=\"\u2728\" \/>\u00a0Ce projet est pour moi une nouvelle aventure, plus philosophique, mais toujours guid\u00e9e par la lumi\u00e8re fragile et tenace des \u00e9toiles disparues.<\/em><\/p>\n<p style=\"text-align: left;\"><em>Je vous invite \u00e0 marcher avec moi sur ce chemin o\u00f9 la litt\u00e9rature rencontre la philosophie pour chercher ensemble \u00e0 garder vivante la clart\u00e9 des Lumi\u00e8res.<\/em><\/p>\n<p>\u2728 Ce site n\u2019est pas interactif.<\/p>\n<p>Mais je serai ravie de lire vos messages :\ud83d\udce7<span style=\"color: #000080;\"> auteur@mariechristineaubert.com<\/span><\/p>\n","protected":false},"excerpt":{"rendered":"<p>Le message des \u00e9toiles disparues\u00a0 Il arrive que les \u0153uvres se r\u00e9pondent \u00e0 travers le temps. Mon premier livre \u00e9tait un roman, une histoire incarn\u00e9e, port\u00e9e par des personnages, qui se terminait sous le signe d\u2019une image\u00a0; celle des \u00e9toiles disparues. Ces \u00e9toiles, bien que mortes depuis des mill\u00e9naires, continuent de nous envoyer leur lumi\u00e8re. &hellip; <\/p>\n<p class=\"link-more\"><a href=\"https:\/\/mariechristineaubert.com\/index.php\/le-message-des-etoiles-disparues\/\" class=\"more-link\">Continuer la lecture<span class=\"screen-reader-text\"> de &laquo;&nbsp;Le message des \u00e9toiles disparues&nbsp;&raquo;<\/span><\/a><\/p>\n","protected":false},"author":1,"featured_media":0,"parent":0,"menu_order":0,"comment_status":"closed","ping_status":"closed","template":"","meta":{"footnotes":""},"class_list":["post-407","page","type-page","status-publish","hentry"],"lang":"fr","translations":{"fr":407,"en":411,"de":414,"es":418},"pll_sync_post":[],"_links":{"self":[{"href":"https:\/\/mariechristineaubert.com\/index.php\/wp-json\/wp\/v2\/pages\/407","targetHints":{"allow":["GET"]}}],"collection":[{"href":"https:\/\/mariechristineaubert.com\/index.php\/wp-json\/wp\/v2\/pages"}],"about":[{"href":"https:\/\/mariechristineaubert.com\/index.php\/wp-json\/wp\/v2\/types\/page"}],"author":[{"embeddable":true,"href":"https:\/\/mariechristineaubert.com\/index.php\/wp-json\/wp\/v2\/users\/1"}],"replies":[{"embeddable":true,"href":"https:\/\/mariechristineaubert.com\/index.php\/wp-json\/wp\/v2\/comments?post=407"}],"version-history":[{"count":10,"href":"https:\/\/mariechristineaubert.com\/index.php\/wp-json\/wp\/v2\/pages\/407\/revisions"}],"predecessor-version":[{"id":872,"href":"https:\/\/mariechristineaubert.com\/index.php\/wp-json\/wp\/v2\/pages\/407\/revisions\/872"}],"wp:attachment":[{"href":"https:\/\/mariechristineaubert.com\/index.php\/wp-json\/wp\/v2\/media?parent=407"}],"curies":[{"name":"wp","href":"https:\/\/api.w.org\/{rel}","templated":true}]}}