{"id":414,"date":"2025-08-24T10:27:56","date_gmt":"2025-08-24T08:27:56","guid":{"rendered":"https:\/\/mariechristineaubert.com\/?page_id=414"},"modified":"2025-09-14T23:48:20","modified_gmt":"2025-09-14T21:48:20","slug":"die-botschaft-der-verschwundenen-sterne","status":"publish","type":"page","link":"https:\/\/mariechristineaubert.com\/index.php\/de\/die-botschaft-der-verschwundenen-sterne\/","title":{"rendered":"Die Botschaft der verschwundenen Sterne"},"content":{"rendered":"<div class=\"adn ads\" data-message-id=\"#msg-a:r-8202629868140270511\" data-legacy-message-id=\"198db0b56e2bde7a\">\n<div class=\"gs\">\n<div class=\"\">\n<div id=\":ox\" class=\"ii gt\">\n<div id=\":oy\" class=\"a3s aiL \">\n<div>\n<div>\n<h1 style=\"text-align: center;\"><strong>\u00ab\u00a0Es gibt kein gl\u00fcck ohne Freiheit und keine Freiheit ohne Mut.\u00a0\u00bb\u00a0 Pericl\u00e8s<\/strong><\/h1>\n<p><img loading=\"lazy\" decoding=\"async\" class=\"size-medium wp-image-415 aligncenter\" src=\"https:\/\/mariechristineaubert.com\/wp-content\/uploads\/2025\/08\/PERICLES-2-228x300.jpeg\" alt=\"\" width=\"228\" height=\"300\" srcset=\"https:\/\/mariechristineaubert.com\/wp-content\/uploads\/2025\/08\/PERICLES-2-228x300.jpeg 228w, https:\/\/mariechristineaubert.com\/wp-content\/uploads\/2025\/08\/PERICLES-2.jpeg 474w\" sizes=\"auto, (max-width: 228px) 100vw, 228px\" \/><\/p>\n<p style=\"text-align: center;\">B\u00fcste des Perikles mit korinthischem Helm &#8211; r\u00f6mische Kopie nach einem Original von Kresilas (um 430 v. Chr.)<\/p>\n<h1 style=\"text-align: center;\"><strong>Die Botschaft der verschwundenen Sterne<\/strong><\/h1>\n<p style=\"text-align: left;\">Manchmal antworten sich Werke \u00fcber die Zeiten hinweg. Mein erstes Buch war ein Roman, eine verk\u00f6rperte Geschichte, getragen von Figuren, die unter dem Zeichen eines Bildes endete: dem der verschwundenen Sterne.<\/p>\n<p style=\"text-align: left;\">Diese Sterne, obwohl seit Jahrtausenden erloschen, senden uns immer noch ihr Licht. Sie erinnern uns daran, dass die Klarheit der Aufkl\u00e4rung, der Impuls der Demokratie, die Kraft der Freiheit die scheinbaren Niederlagen und gegenw\u00e4rtigen Ungerechtigkeiten \u00fcberdauern.<\/p>\n<p style=\"text-align: left;\">Heute beginne ich mein zweites Buch. Es wird kein Roman sein, sondern ein philosophischer Essay mit dem Titel Die Botschaft der verschwundenen Sterne, in Anlehnung an das letzte Kapitel meines ersten Werkes Christine und ihr Leben voller Abenteuer auf den Mondinseln. Dieser Essay will die Botschaft der verschwundenen Sterne ins Licht r\u00fccken: die der Denker, V\u00f6lker und Helden, die im Laufe der Jahrhunderte die Freiheit gegen die Tyrannei, die Toleranz gegen den Fanatismus und die Gerechtigkeit gegen die Willk\u00fcr verteidigt haben. Ihr Kampf war nicht vergeblich: Er erleuchtet uns noch heute und verpflichtet uns.<\/p>\n<p style=\"text-align: left;\">Das Erbe der Aufkl\u00e4rung ist diese Botschaft, die uns aus der Tiefe der Zeit erreicht und unsere Schritte heute angesichts der Bedrohungen unserer Epoche leiten kann: Diktaturen, Mafias, Korruption, politische Ohnmacht, digitale Manipulation, \u00f6kologische Krise, Fanatismus\u2026<\/p>\n<p style=\"text-align: left;\">Dieser Essay wird keine akademische Abhandlung sein, sondern eine pers\u00f6nliche Meditation, ein Versuch, das Erbe der Alten mit unserer unsicheren Gegenwart zu verbinden. Mein Anspruch ist bescheiden: zu zeigen, dass die Philosophie nicht tot ist, dass sie uns noch f\u00fchren kann und dass das Licht der verschwundenen Sterne immer noch \u00fcber uns leuchtet. Es kann unsere Schritte leiten auf den Weg zur Gerechtigkeit und Freiheit, zu einem erf\u00fcllten Leben \u2014 dem, was die Alten schon das Gl\u00fcck nannten.<\/p>\n<p style=\"text-align: left;\"><img decoding=\"async\" class=\"an1\" draggable=\"false\" src=\"https:\/\/fonts.gstatic.com\/s\/e\/notoemoji\/16.0\/2728\/32.png\" alt=\"\u2728\" data-emoji=\"\u2728\" aria-label=\"\u2728\" \/>\u00a0Dieses Projekt ist f\u00fcr mich ein neues Abenteuer: philosophischer, aber immer noch geleitet vom fragilen und best\u00e4ndigen Licht der verschwundenen Sterne. Ich lade Sie ein, mit mir diesen Weg zu gehen, auf dem sich Literatur und Philosophie begegnen, um die Klarheit der Aufkl\u00e4rung lebendig zu erhalten.<\/p>\n<div class=\"yj6qo\" style=\"text-align: left;\">\u00a0<\/div>\n<div class=\"adL\" style=\"text-align: left;\">\u00a0<\/div>\n<\/div>\n<div class=\"adL\" style=\"text-align: left;\">\u00a0<\/div>\n<\/div>\n<div class=\"adL\" style=\"text-align: left;\">\u00a0<\/div>\n<\/div>\n<\/div>\n<div class=\"WhmR8e\" style=\"text-align: left;\" data-hash=\"0\">\u00a0<\/div>\n<\/div>\n<\/div>\n<\/div>\n<div class=\"gA gt acV\">\n<div class=\"gB xu\">\n<div class=\"mVCoBd\">\n<table class=\"cf wS alignleft\" style=\"font-size: 1rem; width: 100.862%; height: 148px;\" role=\"presentation\">\n<tbody>\n<tr style=\"height: 148px;\">\n<td class=\"amq\" style=\"height: 148px;\">\n<div class=\"I_ZiTj5d C_1GbO8e W_6D6F D_F ek_BB z_n m_22RyjK em_N O_0 ah_16P6j9 ai_Zc7bQR\" role=\"region\" data-test-id=\"message-view-body\" aria-labelledby=\"message-view-body-landmark\">\n<div class=\"msg-body mq_AS\" data-test-id=\"message-view-body-content\">\n<div class=\"je_2kCCw7 jb_dm5 X_7sfl N_7sfl\">\n<div>\n<div id=\"yiv0540993592\">\n<div>\n<p>\u2728 Diese Website ist nicht interaktiv.<\/p>\n<p>Aber ich w\u00fcrde mich sehr freuen, Ihre Nachrichten zu lesen:<\/p>\n<p>\ud83d\udce7 <span style=\"color: #000080;\">auteur@mariechristineaubert.com<\/span><\/p>\n<\/div>\n<\/div>\n<\/div>\n<\/div>\n<\/div>\n<\/div>\n<div class=\"D_F eo_HB U_0 ab_C gl_C crqN_6Fd5 H_3n93F\" data-test-id=\"reply-toolbar\">\u00a0<\/div>\n<\/td>\n<td class=\"amr\" style=\"height: 148px;\">\n<div class=\"nr wR\">\n<div class=\"amn\">\n<div class=\"wrsVRe\" data-position=\"dynamic\">\u00a0<\/div>\n<\/div>\n<\/div>\n<\/td>\n<\/tr>\n<\/tbody>\n<\/table>\n<\/div>\n<\/div>\n<\/div>\n","protected":false},"excerpt":{"rendered":"<p>\u00ab\u00a0Es gibt kein gl\u00fcck ohne Freiheit und keine Freiheit ohne Mut.\u00a0\u00bb\u00a0 Pericl\u00e8s B\u00fcste des Perikles mit korinthischem Helm &#8211; r\u00f6mische Kopie nach einem Original von Kresilas (um 430 v. Chr.) Die Botschaft der verschwundenen Sterne Manchmal antworten sich Werke \u00fcber die Zeiten hinweg. Mein erstes Buch war ein Roman, eine verk\u00f6rperte Geschichte, getragen von Figuren, &hellip; <\/p>\n<p class=\"link-more\"><a href=\"https:\/\/mariechristineaubert.com\/index.php\/de\/die-botschaft-der-verschwundenen-sterne\/\" class=\"more-link\">Continuer la lecture<span class=\"screen-reader-text\"> de &laquo;&nbsp;Die Botschaft der verschwundenen Sterne&nbsp;&raquo;<\/span><\/a><\/p>\n","protected":false},"author":1,"featured_media":0,"parent":0,"menu_order":0,"comment_status":"closed","ping_status":"closed","template":"","meta":{"footnotes":""},"class_list":["post-414","page","type-page","status-publish","hentry"],"lang":"de","translations":{"de":414,"en":411,"fr":407,"es":418},"pll_sync_post":[],"_links":{"self":[{"href":"https:\/\/mariechristineaubert.com\/index.php\/wp-json\/wp\/v2\/pages\/414","targetHints":{"allow":["GET"]}}],"collection":[{"href":"https:\/\/mariechristineaubert.com\/index.php\/wp-json\/wp\/v2\/pages"}],"about":[{"href":"https:\/\/mariechristineaubert.com\/index.php\/wp-json\/wp\/v2\/types\/page"}],"author":[{"embeddable":true,"href":"https:\/\/mariechristineaubert.com\/index.php\/wp-json\/wp\/v2\/users\/1"}],"replies":[{"embeddable":true,"href":"https:\/\/mariechristineaubert.com\/index.php\/wp-json\/wp\/v2\/comments?post=414"}],"version-history":[{"count":9,"href":"https:\/\/mariechristineaubert.com\/index.php\/wp-json\/wp\/v2\/pages\/414\/revisions"}],"predecessor-version":[{"id":870,"href":"https:\/\/mariechristineaubert.com\/index.php\/wp-json\/wp\/v2\/pages\/414\/revisions\/870"}],"wp:attachment":[{"href":"https:\/\/mariechristineaubert.com\/index.php\/wp-json\/wp\/v2\/media?parent=414"}],"curies":[{"name":"wp","href":"https:\/\/api.w.org\/{rel}","templated":true}]}}