{"id":418,"date":"2025-08-24T10:27:17","date_gmt":"2025-08-24T08:27:17","guid":{"rendered":"https:\/\/mariechristineaubert.com\/?page_id=418"},"modified":"2026-03-06T13:23:13","modified_gmt":"2026-03-06T12:23:13","slug":"el-mensaje-de-las-estrellas-desaparecidas","status":"publish","type":"page","link":"https:\/\/mariechristineaubert.com\/index.php\/es\/el-mensaje-de-las-estrellas-desaparecidas\/","title":{"rendered":"El mensaje de las estrellas desaparecidas"},"content":{"rendered":"<p>&nbsp;<\/p>\n<h1 style=\"text-align: center;\"><strong><span style=\"color: #000000;\">\u00ab\u00a0No hay felicidad sin libertad, ni libertad sin coraje.\u00a0\u00bb\u00a0 \u00a0Pericles<\/span><\/strong><\/h1>\n<p><img loading=\"lazy\" decoding=\"async\" class=\"alignnone size-medium wp-image-419 aligncenter\" src=\"https:\/\/mariechristineaubert.com\/wp-content\/uploads\/2025\/08\/PERICLES-3-228x300.jpeg\" alt=\"\" width=\"228\" height=\"300\" srcset=\"https:\/\/mariechristineaubert.com\/wp-content\/uploads\/2025\/08\/PERICLES-3-228x300.jpeg 228w, https:\/\/mariechristineaubert.com\/wp-content\/uploads\/2025\/08\/PERICLES-3.jpeg 474w\" sizes=\"auto, (max-width: 228px) 100vw, 228px\" \/><\/p>\n<p style=\"text-align: center;\">Busto de Pericles, con casto corintio &#8211; copia romana de un original de Cresilias (hacia 430a.C.)<\/p>\n<p style=\"text-align: center;\"><span style=\"font-size: 24px;\"><strong>El mensaje de las estrellas desaparecidas<\/strong><\/span><\/p>\n<p style=\"text-align: left;\">A veces las obras se responden a trav\u00e9s del tiempo. Mi primer libro fue una novela, una historia encarnada, llevada por personajes, que terminaba bajo el signo de una imagen: la de las estrellas desaparecidas.<\/p>\n<p style=\"text-align: left;\">Estas estrellas, aunque muertas desde hace milenios, a\u00fan nos env\u00edan su luz. Nos recuerdan que la claridad de la Ilustraci\u00f3n, el amor a la tolerancia, el impulso de la democracia y la fuerza de la libertad sobreviven a las derrotas aparentes y a las injusticias presentes.<\/p>\n<p style=\"text-align: left;\">Hoy comienzo mi segundo libro. No ser\u00e1 una novela, sino un ensayo filos\u00f3fico titulado El mensaje de las estrellas desaparecidas, retomando el \u00faltimo cap\u00edtulo de mi primera obra Christine y su vida de aventuras en las islas de la luna. Este ensayo intentar\u00e1 iluminar ese mensaje de las estrellas desaparecidas: el de los pensadores, pueblos y h\u00e9roes que, a lo largo de los siglos, han defendido la libertad contra la tiran\u00eda, la tolerancia contra el fanatismo y la justicia contra la arbitrariedad. Su lucha no fue en vano: a\u00fan nos ilumina y nos obliga.<\/p>\n<p style=\"text-align: left;\">La herencia de la Ilustraci\u00f3n es este mensaje que nos llega desde la profundidad del tiempo y que puede guiar nuestros pasos hoy frente a las amenazas de nuestra \u00e9poca: dictaduras, mafias, corrupci\u00f3n, impotencia pol\u00edtica, manipulaciones digitales, crisis ecol\u00f3gica, fanatismo\u2026<\/p>\n<p style=\"text-align: left;\">Este ensayo no ser\u00e1 un tratado acad\u00e9mico, sino una meditaci\u00f3n personal, un intento de vincular la herencia de los Antiguos con nuestro presente incierto. Mi ambici\u00f3n es modesta: mostrar que la filosof\u00eda no est\u00e1 muerta, que todav\u00eda puede guiarnos y que la luz de las estrellas desaparecidas sigue brillando sobre nosotros. Puede guiarnos hacia la justicia y la libertad, hacia una vida plena, lo que los Antiguos ya llamaban la felicidad.<\/p>\n<p style=\"text-align: left;\"><img decoding=\"async\" class=\"an1\" draggable=\"false\" src=\"https:\/\/fonts.gstatic.com\/s\/e\/notoemoji\/16.0\/2728\/32.png\" alt=\"\u2728\" data-emoji=\"\u2728\" aria-label=\"\u2728\" \/><em>\u00a0Este proyecto es para m\u00ed una nueva aventura: m\u00e1s filos\u00f3fica, pero siempre guiada por la luz fr\u00e1gil y persistente de las estrellas desaparecidas. Los invito a caminar conmigo en este camino, donde la literatura se encuentra con la filosof\u00eda, para mantener viva la claridad de la Ilustraci\u00f3n.<\/em><\/p>\n<p style=\"text-align: center;\">\u00a0<\/p>\n<p>\u2728 Este sitio no es interactivo.Pero me encantar\u00eda leer sus mensajes:\ud83d\udce7 <span style=\"color: #000080;\">auteur@mariechristineaubert.com<\/span><\/p>\n","protected":false},"excerpt":{"rendered":"<p>&nbsp; \u00ab\u00a0No hay felicidad sin libertad, ni libertad sin coraje.\u00a0\u00bb\u00a0 \u00a0Pericles Busto de Pericles, con casto corintio &#8211; copia romana de un original de Cresilias (hacia 430a.C.) El mensaje de las estrellas desaparecidas A veces las obras se responden a trav\u00e9s del tiempo. Mi primer libro fue una novela, una historia encarnada, llevada por personajes, &hellip; <\/p>\n<p class=\"link-more\"><a href=\"https:\/\/mariechristineaubert.com\/index.php\/es\/el-mensaje-de-las-estrellas-desaparecidas\/\" class=\"more-link\">Continuer la lecture<span class=\"screen-reader-text\"> de &laquo;&nbsp;El mensaje de las estrellas desaparecidas&nbsp;&raquo;<\/span><\/a><\/p>\n","protected":false},"author":1,"featured_media":0,"parent":0,"menu_order":0,"comment_status":"closed","ping_status":"closed","template":"","meta":{"footnotes":""},"class_list":["post-418","page","type-page","status-publish","hentry"],"lang":"es","translations":{"es":418,"en":411,"fr":407,"de":414},"pll_sync_post":[],"_links":{"self":[{"href":"https:\/\/mariechristineaubert.com\/index.php\/wp-json\/wp\/v2\/pages\/418","targetHints":{"allow":["GET"]}}],"collection":[{"href":"https:\/\/mariechristineaubert.com\/index.php\/wp-json\/wp\/v2\/pages"}],"about":[{"href":"https:\/\/mariechristineaubert.com\/index.php\/wp-json\/wp\/v2\/types\/page"}],"author":[{"embeddable":true,"href":"https:\/\/mariechristineaubert.com\/index.php\/wp-json\/wp\/v2\/users\/1"}],"replies":[{"embeddable":true,"href":"https:\/\/mariechristineaubert.com\/index.php\/wp-json\/wp\/v2\/comments?post=418"}],"version-history":[{"count":11,"href":"https:\/\/mariechristineaubert.com\/index.php\/wp-json\/wp\/v2\/pages\/418\/revisions"}],"predecessor-version":[{"id":1914,"href":"https:\/\/mariechristineaubert.com\/index.php\/wp-json\/wp\/v2\/pages\/418\/revisions\/1914"}],"wp:attachment":[{"href":"https:\/\/mariechristineaubert.com\/index.php\/wp-json\/wp\/v2\/media?parent=418"}],"curies":[{"name":"wp","href":"https:\/\/api.w.org\/{rel}","templated":true}]}}