{"id":528,"date":"2025-09-08T19:50:01","date_gmt":"2025-09-08T17:50:01","guid":{"rendered":"https:\/\/mariechristineaubert.com\/?page_id=528"},"modified":"2025-09-17T09:30:05","modified_gmt":"2025-09-17T07:30:05","slug":"petit-tour-a-sydney","status":"publish","type":"page","link":"https:\/\/mariechristineaubert.com\/index.php\/petit-tour-a-sydney\/","title":{"rendered":"Je vous emm\u00e8ne en voyage"},"content":{"rendered":"<p>Aujourd&rsquo;hui, chers amis, partons ensemble&#8230;<\/p>\n<p>Donnez- moi votre main, laissez-vous conduire en fermant les yeux un instant.<\/p>\n<p>C&rsquo;est magique !\u00a0<img decoding=\"async\" class=\"an1\" draggable=\"false\" src=\"https:\/\/fonts.gstatic.com\/s\/e\/notoemoji\/16.0\/2728\/32.png\" alt=\"\u2728\" data-emoji=\"\u2728\" aria-label=\"\u2728\" \/> Nous voil\u00e0 transport\u00e9s aux antipodes, en Australie, \u00e0 Sydney, cette ville vibrant de lumi\u00e8re et d&rsquo;histoires.<\/p>\n<p>Ouvrez les yeux et laissez-vous emporter.\u00a0 Devant nous se dresse l&rsquo;Op\u00e9ra, ses voiles blanches ouvertes sur l&rsquo;horizon. Non loin, le Harbour Bridge d\u00e9ploie son arche d&rsquo;acier, vigie fi\u00e8re reliant deux rives baign\u00e9es de lumi\u00e8re. Tout pr\u00e8s, les Rocks, plus vieux quartier de la ville, murmurent le souvenir des marins et des colons britanniques arriv\u00e9s en 1788 avec la <em>First Fleet, cette flotte de onze navires qui fonda la colonie de Sydney.<\/em><\/p>\n<p>Avan\u00e7ons dans ses ruelles, berceau colonial de Sydney et\u00a0 ancien quartier populaire, marqu\u00e9 par ses marins ivres, ses bagarres et ses ruelles sombres, il est aujourd&rsquo;hui devenu un lieu culturel et touristique avec ses march\u00e9s, mus\u00e9es, pubs et vues superbes sur l&rsquo;Op\u00e9ra et le Harbour Bridge. Les caf\u00e9s\u00a0 et les salons de th\u00e9 vibrent de conversations venues du monde entier. Plus loin, les gratte-ciel scintillent comme des miroirs dress\u00e9s face au ciel austral, o\u00f9 la lumi\u00e8re danse d&rsquo;une intensit\u00e9 unique.<\/p>\n<p>&nbsp;<\/p>\n<div style=\"width: 480px;\" class=\"wp-video\"><video class=\"wp-video-shortcode\" id=\"video-528-1\" width=\"480\" height=\"848\" preload=\"metadata\" controls=\"controls\"><source type=\"video\/mp4\" src=\"https:\/\/mariechristineaubert.com\/wp-content\/uploads\/2025\/09\/VIDEO-2023-09-17-08-16-52.mp4?_=1\" \/><a href=\"https:\/\/mariechristineaubert.com\/wp-content\/uploads\/2025\/09\/VIDEO-2023-09-17-08-16-52.mp4\">https:\/\/mariechristineaubert.com\/wp-content\/uploads\/2025\/09\/VIDEO-2023-09-17-08-16-52.mp4<\/a><\/video><\/div>\n<div class=\"tVu25\">\n<div class=\"nH\">\n<div class=\"nH\">\n<div class=\"nH aqk aql bkL\">\n<div class=\"nH bkK\">\n<div class=\"nH\">\n<div class=\"nH ar4 z\">\n<div class=\"aeI\">\n<div class=\"AO\">\n<div id=\":3\" class=\"Tm aeJ\">\n<div id=\":1\" class=\"aeF\">\n<div class=\"nH\">\n<div class=\"nH\" role=\"main\">\n<div class=\"nH g\">\n<div class=\"nH a98 iY\">\n<div class=\"nH\">\n<div role=\"list\">\n<div class=\"h7 ie\" tabindex=\"-1\" role=\"listitem\" aria-expanded=\"true\">\n<div class=\"Bk\">\n<div class=\"G3 G2\">\n<div id=\":yt\">\n<div class=\"adn ads\" data-message-id=\"#msg-a:r-3110908239059037700\" data-legacy-message-id=\"199287cdc0887fff\">\n<div class=\"gs\">\n<div class=\"\">\n<div id=\":w3\" class=\"ii gt\">\n<div id=\":w4\" class=\"a3s aiL \">\n<div>\n<div>\n<p>Sydney, c\u2019est un po\u00e8me vivant, \u00e9crit entre la mer et le ciel, une ville o\u00f9 chaque pas m\u00eale l\u2019histoire \u00e0 l\u2019avenir. <em>Un artiste surgit, et l&rsquo;espace d&rsquo;un instant enchante notre quotidien,\u00a0 touche nos c\u0153urs, puis disparait incognito &#8211; ombre fugitive, parfum d&rsquo;une douce m\u00e9lancolie.<\/em><\/p>\n<\/div>\n<\/div>\n<\/div>\n<\/div>\n<\/div>\n<\/div>\n<div class=\"gs\">\n<div class=\"\">\n<div id=\":w3\" class=\"ii gt\">\n<div style=\"width: 525px;\" class=\"wp-video\"><video class=\"wp-video-shortcode\" id=\"video-528-2\" width=\"525\" height=\"297\" preload=\"metadata\" controls=\"controls\"><source type=\"video\/mp4\" src=\"https:\/\/mariechristineaubert.com\/wp-content\/uploads\/2025\/09\/musicien-dans-les-rues-de-Sydney-1.mp4?_=2\" \/><a href=\"https:\/\/mariechristineaubert.com\/wp-content\/uploads\/2025\/09\/musicien-dans-les-rues-de-Sydney-1.mp4\">https:\/\/mariechristineaubert.com\/wp-content\/uploads\/2025\/09\/musicien-dans-les-rues-de-Sydney-1.mp4<\/a><\/video><\/div>\n<p>Au d\u00e9tour d&rsquo;une salle de l&rsquo;Australian Mus\u00e9um, dans ce lieu d\u00e9di\u00e9 aux sciences naturelles, voil\u00e0 qu&rsquo;appara\u00eet une expo-photo inattendue.<\/p>\n<p>R\u00e9v\u00e9lation d&rsquo;une rare beaut\u00e9 artistique : la profondeur des regards, la magie des couleurs, la dignit\u00e9 des postures, la po\u00e9sie de la nature et du surnaturel, l&rsquo;incommensurable monde des esprits et des traditions ancestrales.<\/p>\n<p>Laissons-nous emporter en Papouasie-Nouvelle Guin\u00e9e dans la danse des images saisissantes de Wylda Bayron. Voyageuse infatigable, immense artiste, fabuleuse exploratrice de cultures et d&rsquo;humanit\u00e9.<\/p>\n<div id=\":w4\" class=\"a3s aiL \">\u00a0<\/div>\n<\/div>\n<div class=\"WhmR8e\" data-hash=\"0\">\u00a0<\/div>\n<\/div>\n<\/div>\n<div class=\"ajx\">\u00a0<\/div>\n<\/div>\n<div class=\"gA gt acV\">\n<div class=\"gB xu\">\n<div class=\"mVCoBd\">\n<table class=\"cf wS\" style=\"font-size: 1rem;\" role=\"presentation\">\n<tbody>\n<tr>\n<td class=\"amq\"><img loading=\"lazy\" decoding=\"async\" class=\"alignnone size-medium wp-image-541\" src=\"https:\/\/mariechristineaubert.com\/wp-content\/uploads\/2025\/09\/welcome-ausralian-museum-225x300.jpg\" alt=\"\" width=\"225\" height=\"300\" srcset=\"https:\/\/mariechristineaubert.com\/wp-content\/uploads\/2025\/09\/welcome-ausralian-museum-225x300.jpg 225w, https:\/\/mariechristineaubert.com\/wp-content\/uploads\/2025\/09\/welcome-ausralian-museum.jpg 768w\" sizes=\"auto, (max-width: 225px) 100vw, 225px\" \/><img loading=\"lazy\" decoding=\"async\" class=\"alignnone size-medium wp-image-543\" src=\"https:\/\/mariechristineaubert.com\/wp-content\/uploads\/2025\/09\/Bilas-2-225x300.jpg\" alt=\"\" width=\"225\" height=\"300\" srcset=\"https:\/\/mariechristineaubert.com\/wp-content\/uploads\/2025\/09\/Bilas-2-225x300.jpg 225w, https:\/\/mariechristineaubert.com\/wp-content\/uploads\/2025\/09\/Bilas-2.jpg 768w\" sizes=\"auto, (max-width: 225px) 100vw, 225px\" \/><\/td>\n<td class=\"amr\">\u00a0<\/td>\n<\/tr>\n<\/tbody>\n<\/table>\n<\/div>\n<\/div>\n<\/div>\n<\/div>\n<\/div>\n<\/div>\n<\/div>\n<\/div>\n<p class=\"aHU hx\"><img loading=\"lazy\" decoding=\"async\" class=\"alignnone size-medium wp-image-542\" src=\"https:\/\/mariechristineaubert.com\/wp-content\/uploads\/2025\/09\/Bilas5-225x300.jpg\" alt=\"\" width=\"225\" height=\"300\" srcset=\"https:\/\/mariechristineaubert.com\/wp-content\/uploads\/2025\/09\/Bilas5-225x300.jpg 225w, https:\/\/mariechristineaubert.com\/wp-content\/uploads\/2025\/09\/Bilas5.jpg 768w\" sizes=\"auto, (max-width: 225px) 100vw, 225px\" \/><img loading=\"lazy\" decoding=\"async\" class=\"alignnone size-medium wp-image-551\" src=\"https:\/\/mariechristineaubert.com\/wp-content\/uploads\/2025\/09\/Bilas-3-225x300.jpg\" alt=\"\" width=\"225\" height=\"300\" srcset=\"https:\/\/mariechristineaubert.com\/wp-content\/uploads\/2025\/09\/Bilas-3-225x300.jpg 225w, https:\/\/mariechristineaubert.com\/wp-content\/uploads\/2025\/09\/Bilas-3.jpg 768w\" sizes=\"auto, (max-width: 225px) 100vw, 225px\" \/><\/p>\n<\/div>\n<p class=\"nH\"><img loading=\"lazy\" decoding=\"async\" class=\"alignnone size-medium wp-image-546\" src=\"https:\/\/mariechristineaubert.com\/wp-content\/uploads\/2025\/09\/barque-Bilas-225x300.jpg\" alt=\"\" width=\"225\" height=\"300\" srcset=\"https:\/\/mariechristineaubert.com\/wp-content\/uploads\/2025\/09\/barque-Bilas-225x300.jpg 225w, https:\/\/mariechristineaubert.com\/wp-content\/uploads\/2025\/09\/barque-Bilas.jpg 768w\" sizes=\"auto, (max-width: 225px) 100vw, 225px\" \/><img loading=\"lazy\" decoding=\"async\" class=\"alignnone size-medium wp-image-547\" src=\"https:\/\/mariechristineaubert.com\/wp-content\/uploads\/2025\/09\/text-bilas-225x300.jpg\" alt=\"\" width=\"225\" height=\"300\" srcset=\"https:\/\/mariechristineaubert.com\/wp-content\/uploads\/2025\/09\/text-bilas-225x300.jpg 225w, https:\/\/mariechristineaubert.com\/wp-content\/uploads\/2025\/09\/text-bilas.jpg 768w\" sizes=\"auto, (max-width: 225px) 100vw, 225px\" \/><img loading=\"lazy\" decoding=\"async\" class=\"alignnone size-medium wp-image-548\" src=\"https:\/\/mariechristineaubert.com\/wp-content\/uploads\/2025\/09\/carte-bilas-225x300.jpg\" alt=\"\" width=\"225\" height=\"300\" srcset=\"https:\/\/mariechristineaubert.com\/wp-content\/uploads\/2025\/09\/carte-bilas-225x300.jpg 225w, https:\/\/mariechristineaubert.com\/wp-content\/uploads\/2025\/09\/carte-bilas.jpg 768w\" sizes=\"auto, (max-width: 225px) 100vw, 225px\" \/><img loading=\"lazy\" decoding=\"async\" class=\"alignnone size-medium wp-image-553\" src=\"https:\/\/mariechristineaubert.com\/wp-content\/uploads\/2025\/09\/Bilas-6-225x300.jpg\" alt=\"\" width=\"225\" height=\"300\" srcset=\"https:\/\/mariechristineaubert.com\/wp-content\/uploads\/2025\/09\/Bilas-6-225x300.jpg 225w, https:\/\/mariechristineaubert.com\/wp-content\/uploads\/2025\/09\/Bilas-6.jpg 768w\" sizes=\"auto, (max-width: 225px) 100vw, 225px\" \/><\/p>\n<p>\u00a0 \u00a0 \u00a0 <img loading=\"lazy\" decoding=\"async\" class=\"size-medium wp-image-670 alignright\" src=\"https:\/\/mariechristineaubert.com\/wp-content\/uploads\/2025\/09\/PHOTO-1-Bilas-2-225x300.jpg\" alt=\"\" width=\"225\" height=\"300\" srcset=\"https:\/\/mariechristineaubert.com\/wp-content\/uploads\/2025\/09\/PHOTO-1-Bilas-2-225x300.jpg 225w, https:\/\/mariechristineaubert.com\/wp-content\/uploads\/2025\/09\/PHOTO-1-Bilas-2.jpg 768w\" sizes=\"auto, (max-width: 225px) 100vw, 225px\" \/>\u00a0 \u00a0 \u00a0 \u00a0 \u00a0 \u00a0 \u00a0 \u00a0 \u00a0 \u00a0 \u00a0 \u00a0 \u00a0 \u00a0 \u00a0 \u00a0 \u00a0 \u00a0 \u00a0 \u00a0 \u00a0 \u00a0 \u00a0 \u00a0 \u00a0 \u00a0 \u00a0 \u00a0 \u00a0 \u00a0 \u00a0 \u00a0 \u00a0 \u00a0 \u00a0 \u00a0 \u00a0 \u00a0 \u00a0 \u00a0 \u00a0 \u00a0 \u00a0 \u00a0 \u00a0 \u00a0 \u00a0 \u00a0 \u00a0 \u00a0 \u00a0 \u00a0 \u00a0 \u00a0 \u00a0 \u00a0 \u00a0 \u00a0 \u00a0 \u00a0 \u00a0 \u00a0 \u00a0 \u00a0 \u00a0 \u00a0 \u00a0 \u00a0 \u00a0 \u00a0 \u00a0 \u00a0 \u00a0 \u00a0 \u00a0 \u00a0 \u00a0 \u00a0 \u00a0 \u00a0 \u00a0 \u00a0 \u00a0 \u00a0 \u00a0 \u00a0 \u00a0 \u00a0 \u00a0 \u00a0 \u00a0 \u00a0 \u00a0 \u00a0 \u00a0 \u00a0 \u00a0 \u00a0 \u00a0 \u00a0 \u00a0 \u00a0\u00a0 \u00a0 \u00a0 \u00a0 \u00a0 \u00a0 \u00a0 \u00a0 \u00a0 \u00a0 \u00a0 \u00a0 \u00a0 \u00a0 \u00a0 \u00a0 \u00a0 \u00a0 \u00a0 \u00a0 \u00a0 \u00a0 \u00a0 \u00a0 \u00a0 \u00a0 \u00a0 \u00a0 \u00a0 \u00a0 \u00a0 \u00a0 \u00a0 \u00a0 \u00a0 \u00a0 \u00a0 \u00a0 \u00a0 \u00a0 \u00a0 \u00a0 \u00a0 \u00a0 \u00a0 \u00a0 \u00a0 \u00a0 \u00a0 \u00a0 \u00a0 \u00a0 \u00a0 \u00a0 \u00a0 \u00a0 \u00a0 \u00a0 \u00a0 \u00a0 \u00a0 \u00a0 \u00a0 \u00a0 \u00a0 \u00a0 \u00a0 \u00a0 \u00a0 \u00a0 \u00a0 \u00a0 \u00a0 \u00a0 \u00a0 \u00a0 \u00a0 \u00a0 \u00a0 \u00a0 \u00a0 \u00a0 \u00a0 \u00a0 \u00a0 \u00a0 \u00a0 \u00a0 \u00a0 \u00a0 \u00a0 \u00a0 \u00a0 \u00a0 \u00a0 \u00a0 \u00a0 \u00a0 \u00a0 \u00a0 \u00a0 \u00a0 \u00a0 \u00a0 \u00a0 \u00a0 \u00a0 \u00a0 \u00a0 \u00a0 \u00a0 \u00a0 \u00a0 \u00a0 \u00a0 \u00a0 \u00a0 \u00a0 \u00a0 \u00a0 \u00a0 \u00a0 \u00a0 \u00a0 \u00a0 \u00a0 \u00a0 \u00a0 \u00a0 \u00a0 \u00a0 \u00a0 \u00a0 \u00a0 \u00a0 \u00a0 \u00a0 \u00a0 \u00a0 \u00a0\u00a0<\/div>\n<\/div>\n<\/div>\n<\/div>\n<\/div>\n<\/div>\n<\/div>\n<\/div>\n<\/div>\n<\/div>\n<\/div>\n<div class=\"nH\">\n<div class=\"aUx\">\n<div class=\"bAw bcf tRcrsc\">\n<div class=\"brC-aT5-aOt-Jw\" role=\"complementary\" aria-label=\"Panneau lat\u00e9ral\">\n<div class=\"brC-aT5-aOt-bsf-Jw\">\n<div class=\"brC-bsf-aT5-aOt\" tabindex=\"0\" role=\"tablist\">\n<div id=\"gsc-gab-6\" class=\"bse-bvF-I aT5-aOt-I bse-bvF-aLp\" role=\"tab\" data-guest-app-id=\"6\" aria-label=\"Agenda\" aria-disabled=\"false\" aria-selected=\"false\">\n<p class=\"aT5-aOt-I-JX-atM aT5-aOt-I-JX-atM-Kv\"><img loading=\"lazy\" decoding=\"async\" class=\"alignnone size-medium wp-image-554\" src=\"https:\/\/mariechristineaubert.com\/wp-content\/uploads\/2025\/09\/Bilas-indien-tete-300x225.jpg\" alt=\"\" width=\"300\" height=\"225\" srcset=\"https:\/\/mariechristineaubert.com\/wp-content\/uploads\/2025\/09\/Bilas-indien-tete-300x225.jpg 300w, https:\/\/mariechristineaubert.com\/wp-content\/uploads\/2025\/09\/Bilas-indien-tete-768x576.jpg 768w, https:\/\/mariechristineaubert.com\/wp-content\/uploads\/2025\/09\/Bilas-indien-tete.jpg 1024w\" sizes=\"auto, (max-width: 300px) 100vw, 300px\" \/><img loading=\"lazy\" decoding=\"async\" class=\"alignnone size-medium wp-image-555\" src=\"https:\/\/mariechristineaubert.com\/wp-content\/uploads\/2025\/09\/bilas-chef-entier--225x300.jpg\" alt=\"\" width=\"225\" height=\"300\" srcset=\"https:\/\/mariechristineaubert.com\/wp-content\/uploads\/2025\/09\/bilas-chef-entier--225x300.jpg 225w, https:\/\/mariechristineaubert.com\/wp-content\/uploads\/2025\/09\/bilas-chef-entier-.jpg 768w\" sizes=\"auto, (max-width: 225px) 100vw, 225px\" \/><\/p>\n<div style=\"width: 525px;\" class=\"wp-video\"><video class=\"wp-video-shortcode\" id=\"video-528-3\" width=\"525\" height=\"297\" preload=\"metadata\" controls=\"controls\"><source type=\"video\/mp4\" src=\"https:\/\/mariechristineaubert.com\/wp-content\/uploads\/2025\/09\/Bilas-Living-Culture-Papouasie-Nouvelle-Guinee-1.mp4?_=3\" \/><a href=\"https:\/\/mariechristineaubert.com\/wp-content\/uploads\/2025\/09\/Bilas-Living-Culture-Papouasie-Nouvelle-Guinee-1.mp4\">https:\/\/mariechristineaubert.com\/wp-content\/uploads\/2025\/09\/Bilas-Living-Culture-Papouasie-Nouvelle-Guinee-1.mp4<\/a><\/video><\/div>\n<\/div>\n<\/div>\n<\/div>\n<\/div>\n<\/div>\n<\/div>\n<\/div>\n<\/div>\n<\/div>\n<\/div>\n<\/div>\n<div class=\"aLF-aPX aLF-aPX-aLK-aPD-JE bhY bbM bbK bbG aLF-aPX-a9l-ax4 aLF-aPX-bhP aLF-aPX-bbE aLF-aPX-aw3\" tabindex=\"0\" role=\"dialog\" aria-label=\"La visionneuse est affich\u00e9e.\" aria-hidden=\"true\">\n<div class=\"aLF-aPX-aPU\" role=\"toolbar\">\n<div class=\"aLF-aPX-aPU-J6\">\n<div class=\"aLF-aPX-aPU-Ne-P6\">\n<div class=\"aLF-aPX-aPU-Kq-a1b-aPC\">\n<div class=\"aLF-aPX-aPU-aPC aLF-aPX-auO-I J-J5-Ji aLF-aPX-I\" tabindex=\"0\" role=\"button\" aria-expanded=\"false\" aria-haspopup=\"true\" data-tooltip-unhoverable=\"true\" data-tooltip-delay=\"500\" data-tooltip-class=\"aLF-aPX-T-ays\" data-tooltip-align=\"b,c\" data-tooltip-offset=\"-6\" aria-label=\"Ouvrir avec\" data-tooltip=\"Ouvrir avec\" aria-hidden=\"false\">\n<div class=\"aLF-aPX-aPU-Kq-axR\"><img loading=\"lazy\" decoding=\"async\" class=\"alignnone size-medium wp-image-534\" src=\"https:\/\/mariechristineaubert.com\/wp-content\/uploads\/2025\/09\/de-retour-a-Sydney-300x225.jpg\" alt=\"\" width=\"300\" height=\"225\" srcset=\"https:\/\/mariechristineaubert.com\/wp-content\/uploads\/2025\/09\/de-retour-a-Sydney-300x225.jpg 300w, https:\/\/mariechristineaubert.com\/wp-content\/uploads\/2025\/09\/de-retour-a-Sydney-1024x768.jpg 1024w, https:\/\/mariechristineaubert.com\/wp-content\/uploads\/2025\/09\/de-retour-a-Sydney-768x576.jpg 768w, https:\/\/mariechristineaubert.com\/wp-content\/uploads\/2025\/09\/de-retour-a-Sydney-1536x1152.jpg 1536w, https:\/\/mariechristineaubert.com\/wp-content\/uploads\/2025\/09\/de-retour-a-Sydney-2048x1536.jpg 2048w\" sizes=\"auto, (max-width: 300px) 100vw, 300px\" \/><\/p>\n<div style=\"width: 525px;\" class=\"wp-video\"><video class=\"wp-video-shortcode\" id=\"video-528-4\" width=\"525\" height=\"297\" preload=\"metadata\" controls=\"controls\"><source type=\"video\/mp4\" src=\"https:\/\/mariechristineaubert.com\/wp-content\/uploads\/2025\/09\/Port-de-Sydney-1.mp4?_=4\" \/><a href=\"https:\/\/mariechristineaubert.com\/wp-content\/uploads\/2025\/09\/Port-de-Sydney-1.mp4\">https:\/\/mariechristineaubert.com\/wp-content\/uploads\/2025\/09\/Port-de-Sydney-1.mp4<\/a><\/video><\/div>\n<\/div>\n<div class=\"aLF-aPX-aPU-aPC-J6\">\n<div class=\"aLF-aPX-aPU-aPC-K0\" tabindex=\"-1\">\n<div id=\":ol\" class=\"ii gt\">\n<div id=\":ok\" class=\"a3s aiL \">\n<div class=\"adL\">\n<p>\u2728 Ce site n\u2019est pas interactif.<\/p>\n<p>Mais je serai ravie de lire vos messages :\ud83d\udce7 <span style=\"color: #000080;\">auteur@mariechristineaubert.com<\/span><\/p>\n<\/div>\n<\/div>\n<\/div>\n<div class=\"WhmR8e\" data-hash=\"0\">\u00a0<\/div>\n<\/div>\n<div class=\"aLF-aPX-aPU-M-I-hFsbo\">\n<div class=\"aLF-aPX-JX\">\u00a0<\/div>\n<\/div>\n<\/div>\n<\/div>\n<\/div>\n<div class=\"aLF-aPX-aPU-Mw-P6\">\u00a0<\/div>\n<\/div>\n<div class=\"aLF-aPX-aPU-a6I-P6\">\n<div class=\"aLF-aPX-aPU-atn\">\n<div class=\"aLF-aPX-auO-I aLF-aPX-aPU-ato-ayr-aLF J-J5-Ji aLF-aPX-I\" tabindex=\"0\" role=\"button\" data-tooltip-unhoverable=\"true\" data-tooltip-delay=\"500\" data-tooltip-class=\"aLF-aPX-T-ays\" data-tooltip-align=\"b,c\" data-tooltip-offset=\"-6\" aria-hidden=\"false\" aria-label=\"Ajouter \u00e0 Mon\u00a0Drive\" aria-disabled=\"false\" data-tooltip=\"Ajouter \u00e0 Mon\u00a0Drive\">\n<div class=\"aLF-aPX-aPU-ato-ayr-a77-aLF-JX\">\u00a0<\/div>\n<\/div>\n<div class=\"aLF-aPX-aPU-Mw-P6\">\n<div class=\"aLF-aPX-auO-I aLF-aPX-Mw-I J-J5-Ji aLF-aPX-I aLF-aPX-Mw-I-ay5-JX\" tabindex=\"0\" role=\"button\" data-tooltip-unhoverable=\"true\" data-tooltip-delay=\"500\" data-tooltip-class=\"aLF-aPX-T-ays\" data-tooltip-align=\"b,c\" data-tooltip-offset=\"-6\" aria-label=\"T\u00e9l\u00e9charger\" aria-disabled=\"false\" aria-hidden=\"false\" data-tooltip=\"T\u00e9l\u00e9charger\">\n<div class=\"aLF-aPX-JX aLF-aPX-Mw-I-JX aLF-aPX-aYT-JX\">\u00a0<\/div>\n<\/div>\n<div class=\"aLF-aPX-Ng-I aLF-aPX-auO-I J-J5-Ji aLF-aPX-I\" tabindex=\"0\" role=\"button\" aria-expanded=\"false\" aria-haspopup=\"true\" data-tooltip-unhoverable=\"true\" data-tooltip-delay=\"500\" data-tooltip-class=\"aLF-aPX-T-ays\" data-tooltip-align=\"b,c\" data-tooltip-offset=\"-6\" aria-label=\"Autres actions\" data-tooltip=\"Autres actions\" aria-hidden=\"false\">\n<div class=\"aLF-aPX-JX\">\u00a0<\/div>\n<\/div>\n<\/div>\n<\/div>\n<\/div>\n<\/div>\n<\/div>\n<\/div>\n","protected":false},"excerpt":{"rendered":"<p>Aujourd&rsquo;hui, chers amis, partons ensemble&#8230; Donnez- moi votre main, laissez-vous conduire en fermant les yeux un instant. C&rsquo;est magique !\u00a0 Nous voil\u00e0 transport\u00e9s aux antipodes, en Australie, \u00e0 Sydney, cette ville vibrant de lumi\u00e8re et d&rsquo;histoires. Ouvrez les yeux et laissez-vous emporter.\u00a0 Devant nous se dresse l&rsquo;Op\u00e9ra, ses voiles blanches ouvertes sur l&rsquo;horizon. Non loin, &hellip; <\/p>\n<p class=\"link-more\"><a href=\"https:\/\/mariechristineaubert.com\/index.php\/petit-tour-a-sydney\/\" class=\"more-link\">Continuer la lecture<span class=\"screen-reader-text\"> de &laquo;&nbsp;Je vous emm\u00e8ne en voyage&nbsp;&raquo;<\/span><\/a><\/p>\n","protected":false},"author":1,"featured_media":0,"parent":0,"menu_order":0,"comment_status":"closed","ping_status":"closed","template":"","meta":{"footnotes":""},"class_list":["post-528","page","type-page","status-publish","hentry"],"lang":"fr","translations":{"fr":528,"es":559,"de":578,"en":592},"pll_sync_post":[],"_links":{"self":[{"href":"https:\/\/mariechristineaubert.com\/index.php\/wp-json\/wp\/v2\/pages\/528","targetHints":{"allow":["GET"]}}],"collection":[{"href":"https:\/\/mariechristineaubert.com\/index.php\/wp-json\/wp\/v2\/pages"}],"about":[{"href":"https:\/\/mariechristineaubert.com\/index.php\/wp-json\/wp\/v2\/types\/page"}],"author":[{"embeddable":true,"href":"https:\/\/mariechristineaubert.com\/index.php\/wp-json\/wp\/v2\/users\/1"}],"replies":[{"embeddable":true,"href":"https:\/\/mariechristineaubert.com\/index.php\/wp-json\/wp\/v2\/comments?post=528"}],"version-history":[{"count":20,"href":"https:\/\/mariechristineaubert.com\/index.php\/wp-json\/wp\/v2\/pages\/528\/revisions"}],"predecessor-version":[{"id":907,"href":"https:\/\/mariechristineaubert.com\/index.php\/wp-json\/wp\/v2\/pages\/528\/revisions\/907"}],"wp:attachment":[{"href":"https:\/\/mariechristineaubert.com\/index.php\/wp-json\/wp\/v2\/media?parent=528"}],"curies":[{"name":"wp","href":"https:\/\/api.w.org\/{rel}","templated":true}]}}