{"id":559,"date":"2025-09-08T19:50:01","date_gmt":"2025-09-08T17:50:01","guid":{"rendered":"https:\/\/mariechristineaubert.com\/?page_id=528"},"modified":"2025-10-23T23:05:42","modified_gmt":"2025-10-23T21:05:42","slug":"petit-tour-a-sydney","status":"publish","type":"page","link":"https:\/\/mariechristineaubert.com\/index.php\/es\/petit-tour-a-sydney\/","title":{"rendered":"Vamos de viaje"},"content":{"rendered":"<p>Hoy, queridos amigos, partamos juntos<\/p>\n<p>Dondequiera que est\u00e9n, d\u00e9jense llevar cerrando los ojos por un instante\u2026<\/p>\n<p><img decoding=\"async\" class=\"an1\" draggable=\"false\" src=\"https:\/\/fonts.gstatic.com\/s\/e\/notoemoji\/16.0\/2728\/32.png\" alt=\"\u2728\" data-emoji=\"\u2728\" aria-label=\"\u2728\" \/>\u00a0\u00a1Es m\u00e1gico! Aqu\u00ed estamos, transportados a los ant\u00edpodas, a Australia, a S\u00eddney, esta ciudad vibrante de luz e historias.<\/p>\n<p>Abrid los ojos y dejaos llevar: la \u00d3pera despliega sus velas blancas abiertas hacia el horizonte, mientras el Harbour Bridge alza su arco de acero, uniendo dos orillas ba\u00f1adas de luz. Muy cerca, The Rocks, el barrio m\u00e1s antiguo de la ciudad, susurran el recuerdo de los marineros y de los colonos brit\u00e1nicos llegados con la First Fleet en 1788.<\/p>\n<p>Adentr\u00e9monos en sus callejuelas: antiguo barrio popular, marcado por marineros ebrios, peleas y callejones oscuros, hoy se ha convertido en un lugar cultural y tur\u00edstico, con sus mercados, museos, pubs y espl\u00e9ndidas vistas sobre la bah\u00eda. Los caf\u00e9s y salones de t\u00e9 vibran con conversaciones venidas de todo el mundo. M\u00e1s all\u00e1, los rascacielos centellean como espejos levantados hacia el cielo austral, donde la luz danza con una intensidad \u00fanica.<\/p>\n<div style=\"width: 480px;\" class=\"wp-video\"><video class=\"wp-video-shortcode\" id=\"video-559-1\" width=\"480\" height=\"848\" preload=\"metadata\" controls=\"controls\"><source type=\"video\/mp4\" src=\"https:\/\/mariechristineaubert.com\/wp-content\/uploads\/2025\/09\/VIDEO-2023-09-17-08-16-52.mp4?_=1\" \/><a href=\"https:\/\/mariechristineaubert.com\/wp-content\/uploads\/2025\/09\/VIDEO-2023-09-17-08-16-52.mp4\">https:\/\/mariechristineaubert.com\/wp-content\/uploads\/2025\/09\/VIDEO-2023-09-17-08-16-52.mp4<\/a><\/video><\/div>\n<div class=\"tVu25\">\n<div class=\"nH\">\n<div class=\"nH\">\n<div class=\"nH aqk aql bkL\">\n<div class=\"nH bkK\">\n<div class=\"nH\">\n<div class=\"nH ar4 z\">\n<div class=\"aeI\">\n<div class=\"AO\">\n<div id=\":3\" class=\"Tm aeJ\">\n<div id=\":1\" class=\"aeF\">\n<div class=\"nH\">\n<div class=\"nH\" role=\"main\">\n<div class=\"nH g\">\n<div class=\"nH a98 iY\">\n<div class=\"nH\">\n<div class=\"aHU hx\">\n<div role=\"list\">\n<div class=\"h7 ie\" tabindex=\"-1\" role=\"listitem\" aria-expanded=\"true\">\n<div class=\"Bk\">\n<div class=\"G3 G2\">\n<div id=\":yt\">\n<div class=\"adn ads\" data-message-id=\"#msg-a:r-3110908239059037700\" data-legacy-message-id=\"199287cdc0887fff\">\n<div class=\"gs\">\n<div class=\"\">\n<div id=\":w3\" class=\"ii gt\">\n<div id=\":w4\" class=\"a3s aiL \">\n<p>Sydney, es un poema vivo, escrito entre el mar y el cielo, una ciudad donde cada paso mezcla la historia con el futuro.<\/p>\n<div class=\"adn ads\" data-message-id=\"#msg-a:r7651647320557107835\" data-legacy-message-id=\"19935891369070c3\">\n<div class=\"gs\">\n<div class=\"\">\n<div id=\":ol\" class=\"ii gt\">\n<div id=\":ok\" class=\"a3s aiL \">\n<div>\n<div>\n<p>Un artista surge, y en un instante fugaz encanta nuestra vida cotidiana, toca nuestros corazones y luego desaparece de inc\u00f3gnito \u2013 sombra fugitiva, perfume de una dulce melancol\u00eda.<\/p>\n<\/div>\n<\/div>\n<\/div>\n<\/div>\n<\/div>\n<\/div>\n<\/div>\n<\/div>\n<\/div>\n<\/div>\n<\/div>\n<div class=\"gs\">\n<div class=\"\">\n<div id=\":w3\" class=\"ii gt\">\n<div style=\"width: 525px;\" class=\"wp-video\"><video class=\"wp-video-shortcode\" id=\"video-559-2\" width=\"525\" height=\"297\" preload=\"metadata\" controls=\"controls\"><source type=\"video\/mp4\" src=\"https:\/\/mariechristineaubert.com\/wp-content\/uploads\/2025\/09\/musicien-dans-les-rues-de-Sydney-1.mp4?_=2\" \/><a href=\"https:\/\/mariechristineaubert.com\/wp-content\/uploads\/2025\/09\/musicien-dans-les-rues-de-Sydney-1.mp4\">https:\/\/mariechristineaubert.com\/wp-content\/uploads\/2025\/09\/musicien-dans-les-rues-de-Sydney-1.mp4<\/a><\/video><\/div>\n<div id=\":w4\" class=\"a3s aiL \">\n<div class=\"adn ads\" data-message-id=\"#msg-a:r-3834674190675618374\" data-legacy-message-id=\"19935854c5d9e279\">\n<div class=\"gs\">\n<div class=\"\">\n<div id=\":ol\" class=\"ii gt\">\n<div id=\":ok\" class=\"a3s aiL \">\n<div>\n<div>\n<p>Al doblar una sala del Australian Museum, en este lugar dedicado a las ciencias naturales, aparece una exposici\u00f3n fotogr\u00e1fica inesperada. Una revelaci\u00f3n de rara belleza art\u00edstica: la profundidad de las miradas, la magia de los colores, la dignidad de las posturas, la poes\u00eda de la naturaleza y lo sobrenatural, el inconmensurable mundo de los esp\u00edritus y de las tradiciones ancestrales. Dej\u00e9monos llevar a Pap\u00faa Nueva Guinea, en la danza de las im\u00e1genes sobrecogedoras de Wylda Bayron. Viajera incansable, gran artista, fabulosa exploradora de culturas y de humanidad.<\/p>\n<\/div>\n<\/div>\n<\/div>\n<\/div>\n<\/div>\n<\/div>\n<\/div>\n<\/div>\n<\/div>\n<\/div>\n<\/div>\n<\/div>\n<\/div>\n<\/div>\n<\/div>\n<\/div>\n<\/div>\n<p><img loading=\"lazy\" decoding=\"async\" class=\"alignnone size-medium wp-image-561\" src=\"https:\/\/mariechristineaubert.com\/wp-content\/uploads\/2025\/09\/welcome-ausralian-museum-225x300.jpg\" alt=\"\" width=\"225\" height=\"300\" srcset=\"https:\/\/mariechristineaubert.com\/wp-content\/uploads\/2025\/09\/welcome-ausralian-museum-225x300.jpg 225w, https:\/\/mariechristineaubert.com\/wp-content\/uploads\/2025\/09\/welcome-ausralian-museum.jpg 768w\" sizes=\"auto, (max-width: 225px) 100vw, 225px\" \/><img loading=\"lazy\" decoding=\"async\" class=\"alignnone size-medium wp-image-562\" src=\"https:\/\/mariechristineaubert.com\/wp-content\/uploads\/2025\/09\/Bilas5-225x300.jpg\" alt=\"\" width=\"225\" height=\"300\" srcset=\"https:\/\/mariechristineaubert.com\/wp-content\/uploads\/2025\/09\/Bilas5-225x300.jpg 225w, https:\/\/mariechristineaubert.com\/wp-content\/uploads\/2025\/09\/Bilas5.jpg 768w\" sizes=\"auto, (max-width: 225px) 100vw, 225px\" \/><img loading=\"lazy\" decoding=\"async\" class=\"alignnone size-medium wp-image-563\" src=\"https:\/\/mariechristineaubert.com\/wp-content\/uploads\/2025\/09\/Bilas-3-225x300.jpg\" alt=\"\" width=\"225\" height=\"300\" srcset=\"https:\/\/mariechristineaubert.com\/wp-content\/uploads\/2025\/09\/Bilas-3-225x300.jpg 225w, https:\/\/mariechristineaubert.com\/wp-content\/uploads\/2025\/09\/Bilas-3.jpg 768w\" sizes=\"auto, (max-width: 225px) 100vw, 225px\" \/><img loading=\"lazy\" decoding=\"async\" class=\"alignnone size-medium wp-image-564\" src=\"https:\/\/mariechristineaubert.com\/wp-content\/uploads\/2025\/09\/PHOTO-1-Bilas-225x300.jpg\" alt=\"\" width=\"225\" height=\"300\" srcset=\"https:\/\/mariechristineaubert.com\/wp-content\/uploads\/2025\/09\/PHOTO-1-Bilas-225x300.jpg 225w, https:\/\/mariechristineaubert.com\/wp-content\/uploads\/2025\/09\/PHOTO-1-Bilas.jpg 768w\" sizes=\"auto, (max-width: 225px) 100vw, 225px\" \/><\/div>\n<\/div>\n<p class=\"nH\"><img loading=\"lazy\" decoding=\"async\" class=\"alignnone size-medium wp-image-565\" src=\"https:\/\/mariechristineaubert.com\/wp-content\/uploads\/2025\/09\/barque-Bilas-225x300.jpg\" alt=\"\" width=\"225\" height=\"300\" srcset=\"https:\/\/mariechristineaubert.com\/wp-content\/uploads\/2025\/09\/barque-Bilas-225x300.jpg 225w, https:\/\/mariechristineaubert.com\/wp-content\/uploads\/2025\/09\/barque-Bilas.jpg 768w\" sizes=\"auto, (max-width: 225px) 100vw, 225px\" \/><img loading=\"lazy\" decoding=\"async\" class=\"alignnone size-medium wp-image-566\" src=\"https:\/\/mariechristineaubert.com\/wp-content\/uploads\/2025\/09\/text-bilas-225x300.jpg\" alt=\"\" width=\"225\" height=\"300\" srcset=\"https:\/\/mariechristineaubert.com\/wp-content\/uploads\/2025\/09\/text-bilas-225x300.jpg 225w, https:\/\/mariechristineaubert.com\/wp-content\/uploads\/2025\/09\/text-bilas.jpg 768w\" sizes=\"auto, (max-width: 225px) 100vw, 225px\" \/><img loading=\"lazy\" decoding=\"async\" class=\"alignnone size-medium wp-image-567\" src=\"https:\/\/mariechristineaubert.com\/wp-content\/uploads\/2025\/09\/carte-bilas-225x300.jpg\" alt=\"\" width=\"225\" height=\"300\" srcset=\"https:\/\/mariechristineaubert.com\/wp-content\/uploads\/2025\/09\/carte-bilas-225x300.jpg 225w, https:\/\/mariechristineaubert.com\/wp-content\/uploads\/2025\/09\/carte-bilas.jpg 768w\" sizes=\"auto, (max-width: 225px) 100vw, 225px\" \/><img loading=\"lazy\" decoding=\"async\" class=\"alignnone size-medium wp-image-568\" src=\"https:\/\/mariechristineaubert.com\/wp-content\/uploads\/2025\/09\/Bilas-6-225x300.jpg\" alt=\"\" width=\"225\" height=\"300\" srcset=\"https:\/\/mariechristineaubert.com\/wp-content\/uploads\/2025\/09\/Bilas-6-225x300.jpg 225w, https:\/\/mariechristineaubert.com\/wp-content\/uploads\/2025\/09\/Bilas-6.jpg 768w\" sizes=\"auto, (max-width: 225px) 100vw, 225px\" \/><\/p>\n<p>&nbsp;<\/p>\n<\/div>\n<\/div>\n<\/div>\n<\/div>\n<\/div>\n<\/div>\n<\/div>\n<\/div>\n<\/div>\n<\/div>\n<\/div>\n<div class=\"nH\">\n<div class=\"aUx\">\n<div class=\"bAw bcf tRcrsc\">\n<div class=\"brC-aT5-aOt-Jw\" role=\"complementary\" aria-label=\"Panneau lat\u00e9ral\">\n<div class=\"brC-aT5-aOt-bsf-Jw\">\n<div class=\"brC-bsf-aT5-aOt\" tabindex=\"0\" role=\"tablist\">\n<div id=\"gsc-gab-6\" class=\"bse-bvF-I aT5-aOt-I bse-bvF-aLp\" role=\"tab\" data-guest-app-id=\"6\" aria-label=\"Agenda\" aria-disabled=\"false\" aria-selected=\"false\">\n<p class=\"aT5-aOt-I-JX-atM aT5-aOt-I-JX-atM-Kv\"><img loading=\"lazy\" decoding=\"async\" class=\"alignnone size-medium wp-image-569\" src=\"https:\/\/mariechristineaubert.com\/wp-content\/uploads\/2025\/09\/Bilas-indien-tete-300x225.jpg\" alt=\"\" width=\"300\" height=\"225\" srcset=\"https:\/\/mariechristineaubert.com\/wp-content\/uploads\/2025\/09\/Bilas-indien-tete-300x225.jpg 300w, https:\/\/mariechristineaubert.com\/wp-content\/uploads\/2025\/09\/Bilas-indien-tete-768x576.jpg 768w, https:\/\/mariechristineaubert.com\/wp-content\/uploads\/2025\/09\/Bilas-indien-tete.jpg 1024w\" sizes=\"auto, (max-width: 300px) 100vw, 300px\" \/><img loading=\"lazy\" decoding=\"async\" class=\"alignnone size-medium wp-image-570\" src=\"https:\/\/mariechristineaubert.com\/wp-content\/uploads\/2025\/09\/bilas-chef-entier--225x300.jpg\" alt=\"\" width=\"225\" height=\"300\" srcset=\"https:\/\/mariechristineaubert.com\/wp-content\/uploads\/2025\/09\/bilas-chef-entier--225x300.jpg 225w, https:\/\/mariechristineaubert.com\/wp-content\/uploads\/2025\/09\/bilas-chef-entier-.jpg 768w\" sizes=\"auto, (max-width: 225px) 100vw, 225px\" \/><\/p>\n<div class=\"aT5-aOt-I-JX-Jw\"><img loading=\"lazy\" decoding=\"async\" class=\"alignnone size-medium wp-image-534\" src=\"https:\/\/mariechristineaubert.com\/wp-content\/uploads\/2025\/09\/de-retour-a-Sydney-300x225.jpg\" alt=\"\" width=\"300\" height=\"225\" srcset=\"https:\/\/mariechristineaubert.com\/wp-content\/uploads\/2025\/09\/de-retour-a-Sydney-300x225.jpg 300w, https:\/\/mariechristineaubert.com\/wp-content\/uploads\/2025\/09\/de-retour-a-Sydney-1024x768.jpg 1024w, https:\/\/mariechristineaubert.com\/wp-content\/uploads\/2025\/09\/de-retour-a-Sydney-768x576.jpg 768w, https:\/\/mariechristineaubert.com\/wp-content\/uploads\/2025\/09\/de-retour-a-Sydney-1536x1152.jpg 1536w, https:\/\/mariechristineaubert.com\/wp-content\/uploads\/2025\/09\/de-retour-a-Sydney-2048x1536.jpg 2048w\" sizes=\"auto, (max-width: 300px) 100vw, 300px\" \/><\/div>\n<\/div>\n<\/div>\n<div>\n<div style=\"width: 525px;\" class=\"wp-video\"><video class=\"wp-video-shortcode\" id=\"video-559-3\" width=\"525\" height=\"297\" preload=\"metadata\" controls=\"controls\"><source type=\"video\/mp4\" src=\"https:\/\/mariechristineaubert.com\/wp-content\/uploads\/2025\/09\/Port-de-Sydney-2.mp4?_=3\" \/><a href=\"https:\/\/mariechristineaubert.com\/wp-content\/uploads\/2025\/09\/Port-de-Sydney-2.mp4\">https:\/\/mariechristineaubert.com\/wp-content\/uploads\/2025\/09\/Port-de-Sydney-2.mp4<\/a><\/video><\/div>\n<\/div>\n<div class=\"brC-bsf-aT5-aOt\" tabindex=\"0\" role=\"tablist\">\n<div class=\"aT5-aOt-I-JX-atM aT5-aOt-I-JX-atM-Kv\">\n<p>\u2728 Este sitio no es interactivo.<\/p>\n<p>Pero me encantar\u00eda leer sus mensajes:<\/p>\n<p>\ud83d\udce7<span style=\"color: #000080;\"> auteur@mariechristineaubert.com<\/span><\/p>\n<\/div>\n<div id=\"gsc-gab-2\" class=\"bse-bvF-I aT5-aOt-I bse-bvF-a9p\" role=\"tab\" data-guest-app-id=\"2\" aria-label=\"Keep\" aria-disabled=\"false\" aria-selected=\"false\">\n<div class=\"aT5-aOt-I-JX-atM aT5-aOt-I-JX-atM-J6\">\u00a0<\/div>\n<div class=\"aT5-aOt-I-JX-Jw\">\u00a0<\/div>\n<\/div>\n<div id=\"gsc-gab-4\" class=\"bse-bvF-I aT5-aOt-I bse-bvF-aLp\" role=\"tab\" data-guest-app-id=\"4\" aria-label=\"Tasks\" aria-disabled=\"false\" aria-selected=\"false\">\n<div class=\"aT5-aOt-I-JX-atM aT5-aOt-I-JX-atM-Kv\">\u00a0<\/div>\n<div class=\"aT5-aOt-I-JX-atM aT5-aOt-I-JX-atM-J6\">\u00a0<\/div>\n<div class=\"aT5-aOt-I-JX-Jw\">\u00a0<\/div>\n<\/div>\n<div id=\"gsc-gab-9\" class=\"bse-bvF-I aT5-aOt-I bse-bvF-aLp\" role=\"tab\" data-guest-app-id=\"9\" aria-label=\"Contacts\" aria-disabled=\"false\" aria-selected=\"false\">\n<div class=\"aT5-aOt-I-JX-atM aT5-aOt-I-JX-atM-Kv\">\u00a0<\/div>\n<div class=\"aT5-aOt-I-JX-atM aT5-aOt-I-JX-atM-J6\">\u00a0<\/div>\n<div class=\"aT5-aOt-I-JX-Jw\">\u00a0<\/div>\n<\/div>\n<div id=\":nv\" class=\"brC-aT5-aOt-axR\" role=\"separator\" aria-hidden=\"false\" aria-disabled=\"true\">\u00a0<\/div>\n<div id=\"qJTzr\" class=\"bse-bvF-I aT5-aOt-I\" role=\"tab\" aria-label=\"T\u00e9l\u00e9charger des modules compl\u00e9mentaires\" aria-selected=\"false\">\n<div class=\"aT5-aOt-I-JX-atM aT5-aOt-I-JX-atM-Kv\">\u00a0<\/div>\n<div class=\"aT5-aOt-I-JX-atM aT5-aOt-I-JX-atM-J6\">\u00a0<\/div>\n<div class=\"aT5-aOt-I-JX-Jw\">\u00a0<\/div>\n<\/div>\n<\/div>\n<\/div>\n<\/div>\n<div class=\"brC-dA-I-Jw\">\n<div class=\"aT5-aOt-I brC-dA-I\" tabindex=\"0\" role=\"button\" aria-pressed=\"false\" aria-label=\"Masquer le panneau lat\u00e9ral\">\n<div class=\"aT5-aOt-I-JX-atM\">\u00a0<\/div>\n<div class=\"aT5-aOt-I-JX-Jw\">\u00a0<\/div>\n<\/div>\n<\/div>\n<\/div>\n<\/div>\n<\/div>\n<\/div>\n<\/div>\n<\/div>\n<\/div>\n<div class=\"vY nq\">\u00a0<\/div>\n<div>\n<div>\u00a0<\/div>\n<\/div>\n<div class=\"T-ays aLF-aPX-T-ays T-ays-avH\" role=\"tooltip\">\n<div class=\"T-ays-iP\">\u00a0<\/div>\n<\/div>\n<div class=\"aLF-aPX aLF-aPX-aLK-aPD-JE bhY bbM bbK bbG aLF-aPX-a9l-ax4 aLF-aPX-bhP aLF-aPX-bbE aLF-aPX-aw3\" tabindex=\"0\" role=\"dialog\" aria-label=\"La visionneuse est affich\u00e9e.\" aria-hidden=\"true\">\n<div class=\"aLF-aPX-auR\" tabindex=\"0\" aria-label=\"Un probl\u00e8me est survenu lors de la lecture de cette vid\u00e9o.\">\u00a0<\/div>\n<div class=\"aLF-aPX-aIC\">\u00a0<\/div>\n<div class=\"aLF-aPX-aPk\">\n<div class=\"aLF-aPX-axp-I aLF-aPX-I aLF-aPX-I-JE\" role=\"button\" aria-disabled=\"true\" data-tooltip-unhoverable=\"true\" data-tooltip-delay=\"500\" data-tooltip-class=\"aLF-aPX-T-ays\" data-tooltip-align=\"r,c\" data-tooltip-offset=\"-6\">\u00a0<\/div>\n<div class=\"aLF-aPX-awL-I aLF-aPX-I aLF-aPX-I-JE\" role=\"button\" aria-disabled=\"true\" data-tooltip-unhoverable=\"true\" data-tooltip-delay=\"500\" data-tooltip-class=\"aLF-aPX-T-ays\" data-tooltip-align=\"l,c\" data-tooltip-offset=\"-6\">\u00a0<\/div>\n<div class=\"aLF-aPX-bhN\">\u00a0<\/div>\n<\/div>\n<div class=\"aLF-aPX-aPU\" role=\"toolbar\">\n<div class=\"aLF-aPX-aPU-J6\">\n<div class=\"aLF-aPX-aPU-a6z\">\n<div class=\"aLF-aPX-Jq-I aLF-aPX-auO-I J-J5-Ji aLF-aPX-I\" tabindex=\"0\" role=\"button\" aria-keyshortcuts=\"Escape\" data-tooltip-unhoverable=\"true\" data-tooltip-delay=\"500\" data-tooltip-class=\"aLF-aPX-T-ays\" data-tooltip-align=\"b,c\" data-tooltip-offset=\"-6\" aria-label=\"Fermer\" data-tooltip=\"Fermer\">\n<div class=\"aLF-aPX-Km-JX\">\u00a0<\/div>\n<\/div>\n<div class=\"aLF-aPX-aPU-JX\" tabindex=\"-1\" role=\"img\" aria-label=\"Ic\u00f4ne Vid\u00e9o\">\u00a0<\/div>\n<div class=\"aLF-aPX-aPU-awu\" tabindex=\"-1\">\n<div class=\"aLF-aPX-aPU-awE\" data-tooltip-unhoverable=\"true\" data-tooltip-delay=\"500\" data-tooltip-class=\"aLF-aPX-T-ays\" data-tooltip-align=\"b,c\" data-tooltip-offset=\"-6\">\u00a0<\/div>\n<div class=\"aLF-aPX-aPU-awE aLF-aPX-aPU-awE-aPK\">\u00a0<\/div>\n<div class=\"aLF-aPX-aPU-biP-awE aLF-aPX-aPU-biP-awE-aPK\">\u00a0<\/div>\n<\/div>\n<div class=\"aLF-aPX-aPU-Mw-P6\">\u00a0<\/div>\n<\/div>\n<div class=\"aLF-aPX-aPU-Ne-P6\">\n<div class=\"aLF-aPX-aPU-Kq-a1b-aPC\">\n<div class=\"aLF-aPX-aPU-aPC aLF-aPX-auO-I J-J5-Ji aLF-aPX-I\" tabindex=\"0\" role=\"button\" aria-expanded=\"false\" aria-haspopup=\"true\" data-tooltip-unhoverable=\"true\" data-tooltip-delay=\"500\" data-tooltip-class=\"aLF-aPX-T-ays\" data-tooltip-align=\"b,c\" data-tooltip-offset=\"-6\" aria-label=\"Ouvrir avec\" data-tooltip=\"Ouvrir avec\" aria-hidden=\"false\">\n<div class=\"aLF-aPX-aPU-Kq-axR\">\u00a0<\/div>\n<div class=\"aLF-aPX-aPU-aPC-J6\">\n<div class=\"aLF-aPX-aPU-aPC-K0\" tabindex=\"-1\">\u00a0<\/div>\n<div class=\"aLF-aPX-aPU-M-I-hFsbo\">\n<div class=\"aLF-aPX-JX\">\u00a0<\/div>\n<\/div>\n<\/div>\n<\/div>\n<\/div>\n<div class=\"aLF-aPX-aPU-Mw-P6\">\u00a0<\/div>\n<\/div>\n<div class=\"aLF-aPX-aPU-a6I-P6\">\n<div class=\"aLF-aPX-aPU-atn\">\n<div class=\"aLF-aPX-auO-I aLF-aPX-aPU-ato-ayr-aLF J-J5-Ji aLF-aPX-I\" tabindex=\"0\" role=\"button\" data-tooltip-unhoverable=\"true\" data-tooltip-delay=\"500\" data-tooltip-class=\"aLF-aPX-T-ays\" data-tooltip-align=\"b,c\" data-tooltip-offset=\"-6\" aria-hidden=\"false\" aria-label=\"Ajouter \u00e0 Mon\u00a0Drive\" aria-disabled=\"false\" data-tooltip=\"Ajouter \u00e0 Mon\u00a0Drive\">\n<div class=\"aLF-aPX-aPU-ato-ayr-a77-aLF-JX\">\u00a0<\/div>\n<\/div>\n<div class=\"aLF-aPX-aPU-Mw-P6\">\n<div class=\"aLF-aPX-auO-I aLF-aPX-Mw-I J-J5-Ji aLF-aPX-I aLF-aPX-Mw-I-ay5-JX\" tabindex=\"0\" role=\"button\" data-tooltip-unhoverable=\"true\" data-tooltip-delay=\"500\" data-tooltip-class=\"aLF-aPX-T-ays\" data-tooltip-align=\"b,c\" data-tooltip-offset=\"-6\" aria-label=\"T\u00e9l\u00e9charger\" aria-disabled=\"false\" aria-hidden=\"false\" data-tooltip=\"T\u00e9l\u00e9charger\">\n<div class=\"aLF-aPX-JX aLF-aPX-Mw-I-JX aLF-aPX-aYT-JX\">\u00a0<\/div>\n<\/div>\n<div class=\"aLF-aPX-Ng-I aLF-aPX-auO-I J-J5-Ji aLF-aPX-I\" tabindex=\"0\" role=\"button\" aria-expanded=\"false\" aria-haspopup=\"true\" data-tooltip-unhoverable=\"true\" data-tooltip-delay=\"500\" data-tooltip-class=\"aLF-aPX-T-ays\" data-tooltip-align=\"b,c\" data-tooltip-offset=\"-6\" aria-label=\"Autres actions\" data-tooltip=\"Autres actions\" aria-hidden=\"false\">\n<div class=\"aLF-aPX-JX\">\u00a0<\/div>\n<\/div>\n<\/div>\n<\/div>\n<\/div>\n<\/div>\n<\/div>\n<\/div>\n","protected":false},"excerpt":{"rendered":"<p>Hoy, queridos amigos, partamos juntos Dondequiera que est\u00e9n, d\u00e9jense llevar cerrando los ojos por un instante\u2026 \u00a0\u00a1Es m\u00e1gico! Aqu\u00ed estamos, transportados a los ant\u00edpodas, a Australia, a S\u00eddney, esta ciudad vibrante de luz e historias. Abrid los ojos y dejaos llevar: la \u00d3pera despliega sus velas blancas abiertas hacia el horizonte, mientras el Harbour Bridge &hellip; <\/p>\n<p class=\"link-more\"><a href=\"https:\/\/mariechristineaubert.com\/index.php\/es\/petit-tour-a-sydney\/\" class=\"more-link\">Continuer la lecture<span class=\"screen-reader-text\"> de &laquo;&nbsp;Vamos de viaje&nbsp;&raquo;<\/span><\/a><\/p>\n","protected":false},"author":1,"featured_media":0,"parent":0,"menu_order":0,"comment_status":"closed","ping_status":"closed","template":"","meta":{"footnotes":""},"class_list":["post-559","page","type-page","status-publish","hentry"],"lang":"es","translations":{"es":559,"fr":528,"de":578,"en":592},"pll_sync_post":[],"_links":{"self":[{"href":"https:\/\/mariechristineaubert.com\/index.php\/wp-json\/wp\/v2\/pages\/559","targetHints":{"allow":["GET"]}}],"collection":[{"href":"https:\/\/mariechristineaubert.com\/index.php\/wp-json\/wp\/v2\/pages"}],"about":[{"href":"https:\/\/mariechristineaubert.com\/index.php\/wp-json\/wp\/v2\/types\/page"}],"author":[{"embeddable":true,"href":"https:\/\/mariechristineaubert.com\/index.php\/wp-json\/wp\/v2\/users\/1"}],"replies":[{"embeddable":true,"href":"https:\/\/mariechristineaubert.com\/index.php\/wp-json\/wp\/v2\/comments?post=559"}],"version-history":[{"count":16,"href":"https:\/\/mariechristineaubert.com\/index.php\/wp-json\/wp\/v2\/pages\/559\/revisions"}],"predecessor-version":[{"id":1012,"href":"https:\/\/mariechristineaubert.com\/index.php\/wp-json\/wp\/v2\/pages\/559\/revisions\/1012"}],"wp:attachment":[{"href":"https:\/\/mariechristineaubert.com\/index.php\/wp-json\/wp\/v2\/media?parent=559"}],"curies":[{"name":"wp","href":"https:\/\/api.w.org\/{rel}","templated":true}]}}