{"id":578,"date":"2025-09-08T20:05:38","date_gmt":"2025-09-08T18:05:38","guid":{"rendered":"https:\/\/mariechristineaubert.com\/?page_id=578"},"modified":"2025-10-23T23:17:42","modified_gmt":"2025-10-23T21:17:42","slug":"je-vous-emmene-en-voyage","status":"publish","type":"page","link":"https:\/\/mariechristineaubert.com\/index.php\/de\/je-vous-emmene-en-voyage\/","title":{"rendered":"Lass uns auf eine Reise gehen"},"content":{"rendered":"<p>Heute, liebe Freunde, brechen wir gemeinsam auf<\/p>\n<p>Wo auch immer ihr seid, lasst euch einen Augenblick lang mit geschlossenen Augen davontragen\u2026<\/p>\n<p><img decoding=\"async\" class=\"an1\" draggable=\"false\" src=\"https:\/\/fonts.gstatic.com\/s\/e\/notoemoji\/16.0\/2728\/32.png\" alt=\"\u2728\" data-emoji=\"\u2728\" aria-label=\"\u2728\" \/>\u00a0Es ist magisch! Wir sind an die andere Seite der Welt versetzt, nach Sydney, diese Stadt voller Licht und Geschichten.<\/p>\n<p>\u00d6ffnet die Augen und lasst euch treiben: das Opernhaus entfaltet seine wei\u00dfen Segel am Horizont, w\u00e4hrend die Harbour Bridge ihren Stahlbogen erhebt und zwei vom Licht durchflutete Ufer verbindet. Ganz in der N\u00e4he fl\u00fcstern die Rocks, das \u00e4lteste Viertel der Stadt, von den Seeleuten und britischen Siedlern, die 1788 mit der First Fleet ankamen.<\/p>\n<p>Gehen wir durch seine Gassen: Einst ein Arbeiterquartier, gepr\u00e4gt von betrunkenen Seeleuten, Schl\u00e4gereien und dunklen Gassen, ist es heute zu einem kulturellen und touristischen Zentrum geworden \u2013 mit M\u00e4rkten, Museen, Pubs und herrlichen Ausblicken auf die Bucht. In Caf\u00e9s und Teesalons summen Gespr\u00e4che aus aller Welt. Weiter entfernt glitzern die Wolkenkratzer wie Spiegel im s\u00fcdlichen Himmel, wo das Licht mit einzigartiger Intensit\u00e4t tanzt.<\/p>\n<p>&nbsp;<\/p>\n<div style=\"width: 480px;\" class=\"wp-video\"><video class=\"wp-video-shortcode\" id=\"video-578-1\" width=\"480\" height=\"848\" preload=\"metadata\" controls=\"controls\"><source type=\"video\/mp4\" src=\"https:\/\/mariechristineaubert.com\/wp-content\/uploads\/2025\/09\/Petit-tour-a-Sydney-.mp4?_=1\" \/><a href=\"https:\/\/mariechristineaubert.com\/wp-content\/uploads\/2025\/09\/Petit-tour-a-Sydney-.mp4\">https:\/\/mariechristineaubert.com\/wp-content\/uploads\/2025\/09\/Petit-tour-a-Sydney-.mp4<\/a><\/video><\/div>\n<p>Sydney ist ein lebendiges Gedicht, geschrieben zwischen Meer und Himmel, eine Stadt, in der jeder Schritt Geschichte und Zukunft verbindet.<\/p>\n<div class=\"adn ads\" data-message-id=\"#msg-a:r1937199393036734069\" data-legacy-message-id=\"19935875440c98de\">\n<div class=\"gs\">\n<div class=\"\">\n<div id=\":ol\" class=\"ii gt\">\n<div id=\":ok\" class=\"a3s aiL \">\n<div>\n<div>\n<p>Ein K\u00fcnstler tritt hervor und verzaubert f\u00fcr einen Augenblick unseren Alltag, ber\u00fchrt unsere Herzen und verschwindet dann inkognito \u2013 fl\u00fcchtiger Schatten, Duft einer sanften Melancholie.<\/p>\n<\/div>\n<\/div>\n<\/div>\n<\/div>\n<\/div>\n<\/div>\n<\/div>\n<div style=\"width: 525px;\" class=\"wp-video\"><video class=\"wp-video-shortcode\" id=\"video-578-2\" width=\"525\" height=\"297\" preload=\"metadata\" controls=\"controls\"><source type=\"video\/mp4\" src=\"https:\/\/mariechristineaubert.com\/wp-content\/uploads\/2025\/09\/musicien-dans-les-rues-de-Sydney-1-1.mp4?_=2\" \/><a href=\"https:\/\/mariechristineaubert.com\/wp-content\/uploads\/2025\/09\/musicien-dans-les-rues-de-Sydney-1-1.mp4\">https:\/\/mariechristineaubert.com\/wp-content\/uploads\/2025\/09\/musicien-dans-les-rues-de-Sydney-1-1.mp4<\/a><\/video><\/div>\n<p>\u00a0<img decoding=\"async\" class=\"an1\" draggable=\"false\" src=\"https:\/\/fonts.gstatic.com\/s\/e\/notoemoji\/16.0\/2728\/32.png\" alt=\"\u2728\" data-emoji=\"\u2728\" aria-label=\"\u2728\" \/><\/p>\n<div class=\"adn ads\" data-message-id=\"#msg-a:r6748909671008238668\" data-legacy-message-id=\"1992b10f42d8e6e5\">\n<div class=\"gs\">\n<div class=\"\">\n<div id=\":oy\" class=\"ii gt\">\n<div id=\":oz\" class=\"a3s aiL \">\n<div>\n<div>\n<div class=\"adn ads\" data-message-id=\"#msg-a:r-4940993966932746427\" data-legacy-message-id=\"1993584bce804d0a\">\n<div class=\"gs\">\n<div class=\"\">\n<div id=\":ol\" class=\"ii gt\">\n<div id=\":ok\" class=\"a3s aiL \">\n<div>\n<div>\n<p>Im Vor\u00fcbergehen in einem Saal des Australian Museum, in diesem Haus der Naturwissenschaften, erscheint eine unerwartete Fotoausstellung. Eine Offenbarung von seltener k\u00fcnstlerischer Sch\u00f6nheit: die Tiefe der Blicke, die Magie der Farben, die W\u00fcrde der Haltungen, die Poesie der Natur und des \u00dcbernat\u00fcrlichen, die unermessliche Welt der Geister und der \u00fcberlieferten Traditionen. Lassen wir uns nach Papua-Neuguinea entf\u00fchren, in den Tanz der eindringlichen Bilder von Wylda Bayron. Unerm\u00fcdliche Reisende, gro\u00dfe K\u00fcnstlerin, fabelhafte Entdeckerin von Kulturen und Menschlichkeit.<\/p>\n<\/div>\n<\/div>\n<\/div>\n<\/div>\n<\/div>\n<\/div>\n<\/div>\n<p class=\"yj6qo\"><img loading=\"lazy\" decoding=\"async\" class=\"alignnone size-medium wp-image-701\" src=\"https:\/\/mariechristineaubert.com\/wp-content\/uploads\/2025\/09\/welcome-ausralian-museum-3-225x300.jpg\" alt=\"\" width=\"225\" height=\"300\" srcset=\"https:\/\/mariechristineaubert.com\/wp-content\/uploads\/2025\/09\/welcome-ausralian-museum-3-225x300.jpg 225w, https:\/\/mariechristineaubert.com\/wp-content\/uploads\/2025\/09\/welcome-ausralian-museum-3.jpg 768w\" sizes=\"auto, (max-width: 225px) 100vw, 225px\" \/><img loading=\"lazy\" decoding=\"async\" class=\"alignnone size-medium wp-image-705\" src=\"https:\/\/mariechristineaubert.com\/wp-content\/uploads\/2025\/09\/Bilas-2-2-225x300.jpg\" alt=\"\" width=\"225\" height=\"300\" srcset=\"https:\/\/mariechristineaubert.com\/wp-content\/uploads\/2025\/09\/Bilas-2-2-225x300.jpg 225w, https:\/\/mariechristineaubert.com\/wp-content\/uploads\/2025\/09\/Bilas-2-2.jpg 768w\" sizes=\"auto, (max-width: 225px) 100vw, 225px\" \/><\/p>\n<div class=\"adL\"><img loading=\"lazy\" decoding=\"async\" class=\"size-medium wp-image-635 alignright\" src=\"https:\/\/mariechristineaubert.com\/wp-content\/uploads\/2025\/09\/PHOTO-1-Bilas-1-225x300.jpg\" alt=\"\" width=\"225\" height=\"300\" srcset=\"https:\/\/mariechristineaubert.com\/wp-content\/uploads\/2025\/09\/PHOTO-1-Bilas-1-225x300.jpg 225w, https:\/\/mariechristineaubert.com\/wp-content\/uploads\/2025\/09\/PHOTO-1-Bilas-1.jpg 768w\" sizes=\"auto, (max-width: 225px) 100vw, 225px\" \/><\/div>\n<\/div>\n<div class=\"adL\">\u00a0<\/div>\n<\/div>\n<div class=\"adL\"><img loading=\"lazy\" decoding=\"async\" class=\"alignnone size-medium wp-image-713\" src=\"https:\/\/mariechristineaubert.com\/wp-content\/uploads\/2025\/09\/barque-Bilas-2-225x300.jpg\" alt=\"\" width=\"225\" height=\"300\" srcset=\"https:\/\/mariechristineaubert.com\/wp-content\/uploads\/2025\/09\/barque-Bilas-2-225x300.jpg 225w, https:\/\/mariechristineaubert.com\/wp-content\/uploads\/2025\/09\/barque-Bilas-2.jpg 768w\" sizes=\"auto, (max-width: 225px) 100vw, 225px\" \/><\/div>\n<\/div>\n<\/div>\n<div class=\"WhmR8e\" data-hash=\"0\">\u00a0<\/div>\n<\/div>\n<\/div>\n<div class=\"ajx\"><img loading=\"lazy\" decoding=\"async\" class=\"size-medium wp-image-643 alignright\" src=\"https:\/\/mariechristineaubert.com\/wp-content\/uploads\/2025\/09\/text-bilas-1-225x300.jpg\" alt=\"\" width=\"225\" height=\"300\" srcset=\"https:\/\/mariechristineaubert.com\/wp-content\/uploads\/2025\/09\/text-bilas-1-225x300.jpg 225w, https:\/\/mariechristineaubert.com\/wp-content\/uploads\/2025\/09\/text-bilas-1.jpg 768w\" sizes=\"auto, (max-width: 225px) 100vw, 225px\" \/><\/div>\n<\/div>\n<div class=\"gA gt acV\">\n<div class=\"gB xu\">\n<p><img loading=\"lazy\" decoding=\"async\" class=\"alignnone size-medium wp-image-651\" src=\"https:\/\/mariechristineaubert.com\/wp-content\/uploads\/2025\/09\/Bilas-3-1-225x300.jpg\" alt=\"\" width=\"225\" height=\"300\" srcset=\"https:\/\/mariechristineaubert.com\/wp-content\/uploads\/2025\/09\/Bilas-3-1-225x300.jpg 225w, https:\/\/mariechristineaubert.com\/wp-content\/uploads\/2025\/09\/Bilas-3-1.jpg 768w\" sizes=\"auto, (max-width: 225px) 100vw, 225px\" \/><\/p>\n<p><img loading=\"lazy\" decoding=\"async\" class=\"alignnone size-medium wp-image-655\" src=\"https:\/\/mariechristineaubert.com\/wp-content\/uploads\/2025\/09\/bilas-chef-entier-1-1-225x300.jpg\" alt=\"\" width=\"225\" height=\"300\" srcset=\"https:\/\/mariechristineaubert.com\/wp-content\/uploads\/2025\/09\/bilas-chef-entier-1-1-225x300.jpg 225w, https:\/\/mariechristineaubert.com\/wp-content\/uploads\/2025\/09\/bilas-chef-entier-1-1.jpg 768w\" sizes=\"auto, (max-width: 225px) 100vw, 225px\" \/><img loading=\"lazy\" decoding=\"async\" class=\"alignnone size-medium wp-image-663\" src=\"https:\/\/mariechristineaubert.com\/wp-content\/uploads\/2025\/09\/Bilas-indien-tete-1-300x225.jpg\" alt=\"\" width=\"300\" height=\"225\" srcset=\"https:\/\/mariechristineaubert.com\/wp-content\/uploads\/2025\/09\/Bilas-indien-tete-1-300x225.jpg 300w, https:\/\/mariechristineaubert.com\/wp-content\/uploads\/2025\/09\/Bilas-indien-tete-1-768x576.jpg 768w, https:\/\/mariechristineaubert.com\/wp-content\/uploads\/2025\/09\/Bilas-indien-tete-1.jpg 1024w\" sizes=\"auto, (max-width: 300px) 100vw, 300px\" \/><img loading=\"lazy\" decoding=\"async\" class=\"alignnone size-medium wp-image-659\" src=\"https:\/\/mariechristineaubert.com\/wp-content\/uploads\/2025\/09\/carte-bilas-1-225x300.jpg\" alt=\"\" width=\"225\" height=\"300\" srcset=\"https:\/\/mariechristineaubert.com\/wp-content\/uploads\/2025\/09\/carte-bilas-1-225x300.jpg 225w, https:\/\/mariechristineaubert.com\/wp-content\/uploads\/2025\/09\/carte-bilas-1.jpg 768w\" sizes=\"auto, (max-width: 225px) 100vw, 225px\" \/><\/p>\n<\/div>\n<p><img loading=\"lazy\" decoding=\"async\" class=\"alignnone size-medium wp-image-534\" src=\"https:\/\/mariechristineaubert.com\/wp-content\/uploads\/2025\/09\/de-retour-a-Sydney-300x225.jpg\" alt=\"\" width=\"300\" height=\"225\" srcset=\"https:\/\/mariechristineaubert.com\/wp-content\/uploads\/2025\/09\/de-retour-a-Sydney-300x225.jpg 300w, https:\/\/mariechristineaubert.com\/wp-content\/uploads\/2025\/09\/de-retour-a-Sydney-1024x768.jpg 1024w, https:\/\/mariechristineaubert.com\/wp-content\/uploads\/2025\/09\/de-retour-a-Sydney-768x576.jpg 768w, https:\/\/mariechristineaubert.com\/wp-content\/uploads\/2025\/09\/de-retour-a-Sydney-1536x1152.jpg 1536w, https:\/\/mariechristineaubert.com\/wp-content\/uploads\/2025\/09\/de-retour-a-Sydney-2048x1536.jpg 2048w\" sizes=\"auto, (max-width: 300px) 100vw, 300px\" \/><\/p>\n<\/div>\n<div style=\"width: 525px;\" class=\"wp-video\"><video class=\"wp-video-shortcode\" id=\"video-578-3\" width=\"525\" height=\"297\" preload=\"metadata\" controls=\"controls\"><source type=\"video\/mp4\" src=\"https:\/\/mariechristineaubert.com\/wp-content\/uploads\/2025\/09\/Port-de-Sydney-2.mp4?_=3\" \/><a href=\"https:\/\/mariechristineaubert.com\/wp-content\/uploads\/2025\/09\/Port-de-Sydney-2.mp4\">https:\/\/mariechristineaubert.com\/wp-content\/uploads\/2025\/09\/Port-de-Sydney-2.mp4<\/a><\/video><\/div>\n<div class=\"gA gt acV\">\n<div class=\"gB xu\">\n<div class=\"I_ZiTj5d C_1GbO8e W_6D6F D_F ek_BB z_n m_22RyjK em_N O_0 ah_16P6j9 ai_Zc7bQR\" role=\"region\" data-test-id=\"message-view-body\" aria-labelledby=\"message-view-body-landmark\">\n<div class=\"msg-body mq_AS\" data-test-id=\"message-view-body-content\">\n<div class=\"je_2kCCw7 jb_dm5 X_7sfl N_7sfl\">\n<div>\n<div id=\"yiv0540993592\">\n<div>\n<p>\u2728 Diese Website ist nicht interaktiv.<\/p>\n<p>Aber ich w\u00fcrde mich sehr freuen, Ihre Nachrichten zu lesen:<\/p>\n<p>\ud83d\udce7 <span style=\"color: #000080;\">auteur@mariechristineaubert.com<\/span><\/p>\n<\/div>\n<\/div>\n<\/div>\n<\/div>\n<\/div>\n<\/div>\n<\/div>\n<\/div>\n","protected":false},"excerpt":{"rendered":"<p>Heute, liebe Freunde, brechen wir gemeinsam auf Wo auch immer ihr seid, lasst euch einen Augenblick lang mit geschlossenen Augen davontragen\u2026 \u00a0Es ist magisch! Wir sind an die andere Seite der Welt versetzt, nach Sydney, diese Stadt voller Licht und Geschichten. \u00d6ffnet die Augen und lasst euch treiben: das Opernhaus entfaltet seine wei\u00dfen Segel am &hellip; <\/p>\n<p class=\"link-more\"><a href=\"https:\/\/mariechristineaubert.com\/index.php\/de\/je-vous-emmene-en-voyage\/\" class=\"more-link\">Continuer la lecture<span class=\"screen-reader-text\"> de &laquo;&nbsp;Lass uns auf eine Reise gehen&nbsp;&raquo;<\/span><\/a><\/p>\n","protected":false},"author":1,"featured_media":0,"parent":0,"menu_order":0,"comment_status":"closed","ping_status":"closed","template":"","meta":{"footnotes":""},"class_list":["post-578","page","type-page","status-publish","hentry"],"lang":"de","translations":{"de":578,"fr":528,"es":559,"en":592},"pll_sync_post":[],"_links":{"self":[{"href":"https:\/\/mariechristineaubert.com\/index.php\/wp-json\/wp\/v2\/pages\/578","targetHints":{"allow":["GET"]}}],"collection":[{"href":"https:\/\/mariechristineaubert.com\/index.php\/wp-json\/wp\/v2\/pages"}],"about":[{"href":"https:\/\/mariechristineaubert.com\/index.php\/wp-json\/wp\/v2\/types\/page"}],"author":[{"embeddable":true,"href":"https:\/\/mariechristineaubert.com\/index.php\/wp-json\/wp\/v2\/users\/1"}],"replies":[{"embeddable":true,"href":"https:\/\/mariechristineaubert.com\/index.php\/wp-json\/wp\/v2\/comments?post=578"}],"version-history":[{"count":26,"href":"https:\/\/mariechristineaubert.com\/index.php\/wp-json\/wp\/v2\/pages\/578\/revisions"}],"predecessor-version":[{"id":1020,"href":"https:\/\/mariechristineaubert.com\/index.php\/wp-json\/wp\/v2\/pages\/578\/revisions\/1020"}],"wp:attachment":[{"href":"https:\/\/mariechristineaubert.com\/index.php\/wp-json\/wp\/v2\/media?parent=578"}],"curies":[{"name":"wp","href":"https:\/\/api.w.org\/{rel}","templated":true}]}}