{"id":59,"date":"2025-08-15T18:18:35","date_gmt":"2025-08-15T16:18:35","guid":{"rendered":"https:\/\/mariechristineaubert.com\/?page_id=59"},"modified":"2026-03-06T13:22:03","modified_gmt":"2026-03-06T12:22:03","slug":"bienvenida-a-mi-sitio-wel-official-mariechristineaubert-com","status":"publish","type":"page","link":"https:\/\/mariechristineaubert.com\/index.php\/es\/bienvenida-a-mi-sitio-wel-official-mariechristineaubert-com\/","title":{"rendered":"Bienvenida al sitio oficial de Marie Christine Aubert, novelista francesa"},"content":{"rendered":"<p><\/p>\r\n<p><span style=\"font-size: 24px;\">Marie Christine AUBERT &#8211; Novelista francesa entre viajes y la luz de las palabras<\/span><\/p>\r\n<p>Aqu\u00ed comparto el mundo que me inspira y me sostiene: mis novelas, mis viajes de escritura y las historias verdaderas o imaginadas que las alimentan. Aqu\u00ed descubrir\u00e1 mis libros, mis \u00faltimas noticias y la aventura literaria que contin\u00faa desarroll\u00e1ndose d\u00eda tras d\u00eda.<\/p>\r\n\r\n\r\n<p>Las palabras aqu\u00ed son un puente entre mis mundos imaginarios y aquellos que cobran vida en usted. Ya venga por curiosidad o por fidelidad, espero que cada visita sea como una invitaci\u00f3n a viajar hacia otros horizontes, incluyendo un viaje interior a lo m\u00e1s profundo de uno mismo.<\/p>\r\n\r\n\r\n<figure class=\"wp-block-image size-full\"><img loading=\"lazy\" decoding=\"async\" width=\"432\" height=\"576\" class=\"wp-image-24\" src=\"https:\/\/mariechristineaubert.com\/wp-content\/uploads\/2025\/08\/IMG_8499-MCA-3.png\" alt=\"\" srcset=\"https:\/\/mariechristineaubert.com\/wp-content\/uploads\/2025\/08\/IMG_8499-MCA-3.png 432w, https:\/\/mariechristineaubert.com\/wp-content\/uploads\/2025\/08\/IMG_8499-MCA-3-225x300.png 225w\" sizes=\"auto, (max-width: 432px) 100vw, 432px\" \/><\/figure>\r\n\r\n\r\n<h2>Marie-Christine Aubert &#8211;\u00a0Autora de \u00ab\u00a0<em>Christine y su vida de aventuras en las Islas de la Luna\u00a0\u00bb<\/em><\/h2>\r\n\r\n\r\n<p>Guiada por el amor a los viajes, la historia y los encuentros humanos, invito a mis lectores a levar anclas rumbo a Mayotte y al archipi\u00e9lago de las Comoras, siguiendo la estela de una novela rebosante de realismo y emoci\u00f3n.<\/p>\r\n\r\n\r\n<p>Nacido en franc\u00e9s, este libro cruza hoy fronteras gracias a sus traducciones al ingl\u00e9s, alem\u00e1n y espa\u00f1ol, para que cualquiera, est\u00e9 donde est\u00e9, pueda compartir la aventura.<\/p>\r\n\r\n\r\n<p>Bienvenida al mundo de Christine y su vida de aventuras en las Islas de la Luna.<\/p>\r\n\r\n\r\n<p>Bajo el radiante sol de Mayotte, las aguas de la laguna se ti\u00f1en de tonos turquesa y esmeralda. En el horizonte aparecen los botres, portando los ecos de antiguas historias, luchas pac\u00edficas y sue\u00f1os de futuro.<\/p>\r\n\r\n\r\n<p>En este marco encantador, Christine \u2014funcionaria apasionada y mujer de convicciones\u2014 sigue su camino en el coraz\u00f3n de un mundo donde el compromiso se vive cada d\u00eda.<\/p>\r\n<div class=\"adn ads\" data-message-id=\"#msg-a:r1952927715918670138\" data-legacy-message-id=\"198cd88b5920f3c3\">\r\n<div class=\"gs\">\r\n<div class=\"\">\r\n<div id=\":ol\" class=\"ii gt\">\r\n<div id=\":ok\" class=\"a3s aiL \">\r\n<div>\r\n<div>\r\n<p><img decoding=\"async\" class=\"an1\" draggable=\"false\" src=\"https:\/\/fonts.gstatic.com\/s\/e\/notoemoji\/16.0\/1f1ea_1f1f8\/32.png\" alt=\"\ud83c\uddea\ud83c\uddf8\" data-emoji=\"\ud83c\uddea\ud83c\uddf8\" aria-label=\"\ud83c\uddea\ud83c\uddf8\" \/> <a href=\"https:\/\/amzn.eu\/d\/1Ljqkjq\" target=\"_blank\" rel=\"noopener\"><span style=\"color: #3366ff;\">Amazon.fr<\/span><\/a><img decoding=\"async\" class=\"an1\" draggable=\"false\" src=\"https:\/\/fonts.gstatic.com\/s\/e\/notoemoji\/16.0\/1f449\/32.png\" alt=\"\ud83d\udc49\" data-emoji=\"\ud83d\udc49\" aria-label=\"\ud83d\udc49\" \/><span style=\"color: #0000ff;\"><a style=\"color: #0000ff;\" href=\"https:\/\/amzn.eu\/d\/h92tx76\" target=\"_blank\" rel=\"noopener\">\u00a0Disponible en Amazon en versi\u00f3n de tapa blanda, tapa dura y digital<\/a><\/span><\/p>\r\n<div class=\"yj6qo\"><span style=\"color: #3366ff;\">\u00a0 \u00a0 \u00a0<a style=\"color: #3366ff;\" href=\"https:\/\/amzn.eu\/d\/0AUHqnE\" target=\"_blank\" rel=\"noopener\">Amazon.es<\/a><\/span><img decoding=\"async\" class=\"an1\" draggable=\"false\" src=\"https:\/\/fonts.gstatic.com\/s\/e\/notoemoji\/16.0\/1f449\/32.png\" alt=\"\ud83d\udc49\" data-emoji=\"\ud83d\udc49\" aria-label=\"\ud83d\udc49\" \/><span style=\"color: #0000ff;\">\u00a0<a style=\"color: #0000ff;\" href=\"https:\/\/amzn.eu\/d\/8dOWh2k\" target=\"_blank\" rel=\"noopener\">Disponible en Amazon en versi\u00f3n de tapa blanda, tapa dura y digital<\/a><\/span><\/div>\r\n<\/div>\r\n<div class=\"adL\">\u00a0<\/div>\r\n<\/div>\r\n<\/div>\r\n<\/div>\r\n<div class=\"WhmR8e\" data-hash=\"0\">Descubre mi novela :<span style=\"color: #0000ff;\">\u00a0<a style=\"color: #0000ff;\" href=\"https:\/\/mariechristineaubert.com\/index.php\/es\/bienvenida-a-mi-sitio-wel-official-mariechristineaubert-com\/christine-y-su-vida-de-aventuras-en-las-islas-de-la-luna\/\">https:\/\/mariechristineaubert.com\/index.php\/es\/bienvenida-a-mi-sitio-wel-official-mariechristineaubert-com\/christine-y-su-vida-de-aventuras-en-las-islas-de-la-luna\/<\/a><\/span><\/div>\r\n<\/div>\r\n<\/div>\r\n<div class=\"ajx\">\u00a0<\/div>\r\n<\/div>\r\n<div class=\"gA gt acV\">\r\n<div class=\"gB xu\">\r\n<div class=\"mVCoBd\">Extracto del capitulo 1 :<span style=\"color: #0000ff;\"><a style=\"color: #0000ff;\" href=\"https:\/\/mariechristineaubert.com\/index.php\/es\/extracto-i-claro-de-luna-sobre-la-laguna-de-mayotte\/\">https:\/\/mariechristineaubert.com\/index.php\/es\/extracto-i-claro-de-luna-sobre-la-laguna-de-mayotte\/<\/a><\/span><\/div>\r\n<\/div>\r\n<\/div>\r\n<p>&nbsp;<\/p>\r\n<p>Vamos de viaje :\u00a0<span style=\"color: #0000ff;\">\u00a0<a style=\"color: #0000ff;\" href=\"https:\/\/mariechristineaubert.com\/index.php\/es\/petit-tour-a-sydney\/\">https:\/\/mariechristineaubert.com\/index.php\/es\/petit-tour-a-sydney\/<\/a><\/span><\/p>\r\n<p><span style=\"color: #0000ff;\"><a style=\"color: #0000ff;\" href=\"https:\/\/mariechristineaubert.com\/index.php\/es\/pequeno-desvio-por-bora-bora-y-rangiroa\/\">https:\/\/mariechristineaubert.com\/index.php\/es\/pequeno-desvio-por-bora-bora-y-rangiroa\/<\/a><\/span><\/p>\r\n<div class=\"gA gt acV\">\r\n<div class=\"gB xu\">\r\n<div class=\"ip iq\">\r\n<div class=\"bJvOmf\">\r\n<p>&nbsp;<\/p>\r\n<p>\u2728 Este sitio no es interactivo.Pero me encantar\u00eda leer sus mensajes:\ud83d\udce7<span style=\"color: #0000ff;\"> auteur@mariechristineaubert.com<\/span><\/p>\r\n<p>&nbsp;<\/p>\r\n<div>\u00a0<\/div>\r\n<table class=\"cf wS\" style=\"width: 105.862%; height: 32px;\" role=\"presentation\">\r\n<tbody>\r\n<tr>\r\n<td class=\"amq\">\u00a0<\/td>\r\n<td class=\"amr\">\r\n<div class=\"nr wR\">\r\n<div class=\"amn\">\r\n<div class=\"wrsVRe\" data-position=\"dynamic\">\u00a0<\/div>\r\n<\/div>\r\n<\/div>\r\n<\/td>\r\n<\/tr>\r\n<\/tbody>\r\n<\/table>\r\n<\/div>\r\n<\/div>\r\n<\/div>\r\n<\/div>\r\n","protected":false},"excerpt":{"rendered":"<p>Marie Christine AUBERT &#8211; Novelista francesa entre viajes y la luz de las palabras Aqu\u00ed comparto el mundo que me inspira y me sostiene: mis novelas, mis viajes de escritura y las historias verdaderas o imaginadas que las alimentan. Aqu\u00ed descubrir\u00e1 mis libros, mis \u00faltimas noticias y la aventura literaria que contin\u00faa desarroll\u00e1ndose d\u00eda tras &hellip; <\/p>\n<p class=\"link-more\"><a href=\"https:\/\/mariechristineaubert.com\/index.php\/es\/bienvenida-a-mi-sitio-wel-official-mariechristineaubert-com\/\" class=\"more-link\">Continuer la lecture<span class=\"screen-reader-text\"> de &laquo;&nbsp;Bienvenida al sitio oficial de Marie Christine Aubert, novelista francesa&nbsp;&raquo;<\/span><\/a><\/p>\n","protected":false},"author":1,"featured_media":0,"parent":0,"menu_order":0,"comment_status":"closed","ping_status":"closed","template":"","meta":{"footnotes":""},"class_list":["post-59","page","type-page","status-publish","hentry"],"lang":"es","translations":{"es":59,"en":52,"fr":39,"de":72},"pll_sync_post":[],"_links":{"self":[{"href":"https:\/\/mariechristineaubert.com\/index.php\/wp-json\/wp\/v2\/pages\/59","targetHints":{"allow":["GET"]}}],"collection":[{"href":"https:\/\/mariechristineaubert.com\/index.php\/wp-json\/wp\/v2\/pages"}],"about":[{"href":"https:\/\/mariechristineaubert.com\/index.php\/wp-json\/wp\/v2\/types\/page"}],"author":[{"embeddable":true,"href":"https:\/\/mariechristineaubert.com\/index.php\/wp-json\/wp\/v2\/users\/1"}],"replies":[{"embeddable":true,"href":"https:\/\/mariechristineaubert.com\/index.php\/wp-json\/wp\/v2\/comments?post=59"}],"version-history":[{"count":27,"href":"https:\/\/mariechristineaubert.com\/index.php\/wp-json\/wp\/v2\/pages\/59\/revisions"}],"predecessor-version":[{"id":1912,"href":"https:\/\/mariechristineaubert.com\/index.php\/wp-json\/wp\/v2\/pages\/59\/revisions\/1912"}],"wp:attachment":[{"href":"https:\/\/mariechristineaubert.com\/index.php\/wp-json\/wp\/v2\/media?parent=59"}],"curies":[{"name":"wp","href":"https:\/\/api.w.org\/{rel}","templated":true}]}}