{"id":72,"date":"2025-08-15T22:30:20","date_gmt":"2025-08-15T20:30:20","guid":{"rendered":"https:\/\/mariechristineaubert.com\/?page_id=72"},"modified":"2026-03-06T13:15:34","modified_gmt":"2026-03-06T12:15:34","slug":"willkommen-auf-meiner-offiziellen-website-mariechristineaubert-com","status":"publish","type":"page","link":"https:\/\/mariechristineaubert.com\/index.php\/de\/willkommen-auf-meiner-offiziellen-website-mariechristineaubert-com\/","title":{"rendered":"Willkommen auf der offiziellen Website von Marie Christine Aubert, franz\u00f6sische Schriftstellerin"},"content":{"rendered":"\r\n<p><span style=\"font-size: 24px;\">Marie Christine Aubert &#8211; Franz\u00f6sische Schiftstellerin zwischen Reisen und dem Licht der Worte.<\/span><\/p>\r\n<p>Hier teile ich das Universum, das mich inspiriert und tr\u00e4gt: meine Romane, meine Schreibreisen und die wahren oder ertr\u00e4umten Geschichten, die sie n\u00e4hren.<\/p>\r\n\r\n\r\n<p>Hier entdecken Sie meine B\u00fccher, meine Neuigkeiten und das literarische Abenteuer, das sich Tag f\u00fcr Tag weiterschreibt.<\/p>\r\n\r\n\r\n<p>Hier sind Worte eine Br\u00fccke zwischen meinen imagin\u00e4ren Welten und jenen, die in Ihnen zum Leben erwachen.<\/p>\r\n\r\n\r\n<p>Ob Sie aus Neugier oder aus Treue vorbeischauen \u2013 ich hoffe, dass jeder Besuch wie eine Einladung zu einer Reise ist, zu anderen Horizonten \u2013 einschlie\u00dflich einer inneren Reise in die eigenen Tiefen.<\/p>\r\n\r\n\r\n<figure class=\"wp-block-image size-full\"><img loading=\"lazy\" decoding=\"async\" width=\"432\" height=\"576\" class=\"wp-image-76\" src=\"https:\/\/mariechristineaubert.com\/wp-content\/uploads\/2025\/08\/IMG_8499-MCA-1.png\" alt=\"\" srcset=\"https:\/\/mariechristineaubert.com\/wp-content\/uploads\/2025\/08\/IMG_8499-MCA-1.png 432w, https:\/\/mariechristineaubert.com\/wp-content\/uploads\/2025\/08\/IMG_8499-MCA-1-225x300.png 225w\" sizes=\"auto, (max-width: 432px) 100vw, 432px\" \/><\/figure>\r\n\r\n\r\n<p><strong><span style=\"font-size: 12px;\">Marie-Christine Aubert &#8211; Franz\u00f6sische Schiftstellerin. \u00a0<em>Autorin von \u00ab\u00a0Christine und ihr Abenteuerleben auf den Mondinseln.<\/em>\u00ab\u00a0<\/span><\/strong><\/p>\r\n\r\n\r\n\r\n<p>Geleitet von der Liebe zu Reisen, zur Geschichte und zu menschlichen Begegnungen lade ich meine Leser ein, die Leinen zu l\u00f6sen und Kurs auf Mayotte und den Archipel der Komoren zu nehmen \u2013 auf den Spuren eines Romans, der vor Realismus und Emotionen pulsiert.<\/p>\r\n\r\n\r\n<p>In franz\u00f6sischer Sprache geboren, \u00fcberschreitet dieses Buch heute Grenzen dank seiner \u00dcbersetzungen ins Englische, Deutsche und Spanische, damit jeder \u2013 wo auch immer er sich befindet \u2013 dieses Abenteuer teilen kann.<\/p>\r\n\r\n\r\n<h2><span style=\"font-size: 24px;\">Willkommen in der Welt von \u00a0\u00bb <em>Christine und ihr Abenteuerleben auf den Mondinseln<\/em>\u00a0\u00bb.<\/span><\/h2>\r\n\r\n\r\n<p>Unter der strahlenden Sonne von Mayotte schimmern die Lagunen in T\u00fcrkis und Smaragd.<\/p>\r\n\r\n\r\n<p>Die Dhaus erscheinen am Horizont und tragen den Widerhall alter Geschichten, friedlicher K\u00e4mpfe und Zukunftstr\u00e4ume.<\/p>\r\n\r\n\r\n<p>In diesem zauberhaften Rahmen setzt Christine \u2013 leidenschaftliche Beamtin und Frau mit \u00dcberzeugungen \u2013 ihren Weg fort, im Herzen einer Welt, in der Engagement Tag f\u00fcr Tag gelebt wird.<\/p>\r\n<div class=\"adn ads\" data-message-id=\"#msg-a:r1952927715918670138\" data-legacy-message-id=\"198cd88b5920f3c3\">\r\n<div class=\"gs\">\r\n<div class=\"\">\r\n<div id=\":ol\" class=\"ii gt\">\r\n<div id=\":ok\" class=\"a3s aiL \">\r\n<div>\r\n<p><img decoding=\"async\" class=\"an1\" draggable=\"false\" src=\"https:\/\/fonts.gstatic.com\/s\/e\/notoemoji\/16.0\/1f1e9_1f1ea\/32.png\" alt=\"\ud83c\udde9\ud83c\uddea\" data-emoji=\"\ud83c\udde9\ud83c\uddea\" aria-label=\"\ud83c\udde9\ud83c\uddea\" \/><span style=\"color: #3366ff;\"><a href=\"https:\/\/amzn.eu\/d\/eIovtjI\" target=\"_blank\" rel=\"noopener\">amazon.de<\/a><\/span><img decoding=\"async\" class=\"an1\" draggable=\"false\" src=\"https:\/\/fonts.gstatic.com\/s\/e\/notoemoji\/16.0\/1f449\/32.png\" alt=\"\ud83d\udc49\" data-emoji=\"\ud83d\udc49\" aria-label=\"\ud83d\udc49\" \/><span style=\"color: #0000ff;\"><a style=\"color: #0000ff;\" href=\"https:\/\/www.amazon.de\/Christine-ihr-Abenteuerleben-auf-Mondinseln\/dp\/B0FGQG792K\/ref=sr_1_2?__mk_de_DE=%C3%85M%C3%85%C5%BD%C3%95%C3%91&amp;crid=3N029X3GK7ZF1&amp;dib=eyJ2IjoiMSJ9.K8XxvQ9rco9_ADGvidBRMyet0SjyR7NghT1lW6p78_JW8QdHXIHwfJm6qGpZzC2IXVYHR_GmDqCeOz5BhiREfV-g7aOIkQtykQwQhZbcfJelDrkHkfhBd5YtW7_rFjx1-IJw2igii6cJ7DzvMMuL1ArLbD0OKrqLkrmAbTQQyAxgbx6xi47MRko86N1PDH_g0XTRbpQ0zxFwEzlPhqRxfHkZpawuEcSimGJpelay0VY.IsU7dwkGgb27xET5FRPxQfOVBOGP8zmnCrO0Wd3iFfg&amp;dib_tag=se&amp;keywords=marie+christine+aubert&amp;qid=1755805729&amp;sprefix=marie+christine+aubert+%2Caps%2C92&amp;sr=8-2\" target=\"_blank\" rel=\"noopener\">\u00a0Auf Amazon erh\u00e4ltlich als Taschenbuch, gebundene Ausgabe und Kindle-Edition<\/a><\/span><\/p>\r\n<div class=\"adL\"><span style=\"color: #3366ff;\"><a style=\"color: #3366ff;\" href=\"https:\/\/amzn.eu\/d\/gowunoV\" target=\"_blank\" rel=\"noopener\"><span style=\"color: #000000;\">amazon.fr<\/span><img decoding=\"async\" src=\"https:\/\/fonts.gstatic.com\/s\/e\/notoemoji\/16.0\/1f449\/32.png\" alt=\"\ud83d\udc49\" \/><\/a><\/span><span style=\"color: #0000ff;\">Auf Amazon erh\u00e4ltlich als <a style=\"color: #0000ff;\" href=\"https:\/\/amzn.eu\/d\/0IFOvVT\" target=\"_blank\" rel=\"noopener\">Taschenbuch,<\/a> gebundene Ausgabe und Kindle-Edition<\/span><\/div>\r\n<\/div>\r\n<\/div>\r\n<\/div>\r\n<\/div>\r\n<\/div>\r\n<\/div>\r\n<div class=\"WhmR8e\" data-hash=\"0\">\u00a0<\/div>\r\n<div data-hash=\"0\">Mein roman :\u00a0<span style=\"color: #0000ff;\"><a style=\"color: #0000ff;\" href=\"https:\/\/mariechristineaubert.com\/index.php\/de\/willkommen-auf-meiner-offiziellen-website-mariechristineaubert-com\/christine-und-ihr-abenteuerleben-auf-den-mondinseln\/\">https:\/\/mariechristineaubert.com\/index.php\/de\/willkommen-auf-meiner-offiziellen-website-mariechristineaubert-com\/christine-und-ihr-abenteuerleben-auf-den-mondinseln\/<\/a><\/span><\/div>\r\n<div data-hash=\"0\">\u00a0<\/div>\r\n<div data-hash=\"0\">Auszug aus Kapitel 1 :<a style=\"font-size: 1rem;\" href=\"https:\/\/mariechristineaubert.com\/index.php\/de\/auszug-i-mondschein-ueber-der-lagune-von-mayotte\/\"><span style=\"color: #0000ff;\">https:\/\/mariechristineaubert.com\/index.php\/de\/auszug-i-mondschein-ueber-der-lagune-von-mayotte\/<\/span><\/a><\/div>\r\n<div class=\"adn ads\" data-message-id=\"#msg-a:r1952927715918670138\" data-legacy-message-id=\"198cd88b5920f3c3\">\r\n<div>\u00a0<\/div>\r\n<div class=\"ajx\">Lass uns auf eine Reise <span style=\"color: #0000ff;\">:\u00a0<a style=\"color: #0000ff;\" href=\"https:\/\/mariechristineaubert.com\/index.php\/de\/je-vous-emmene-en-voyage\/\">https:\/\/mariechristineaubert.com\/index.php\/de\/je-vous-emmene-en-voyage\/<\/a><\/span><\/div>\r\n<div>\u00a0<\/div>\r\n<\/div>\r\n<div><span style=\"color: #0000ff;\"><a style=\"color: #0000ff;\" href=\"https:\/\/mariechristineaubert.com\/index.php\/de\/kleiner-abstecher-nach-bora-bora-und-rangiroa\/\">https:\/\/mariechristineaubert.com\/index.php\/de\/kleiner-abstecher-nach-bora-bora-und-rangiroa\/<\/a><\/span><\/div>\r\n<div class=\"gA gt acV\">\r\n<div class=\"gB xu\">\r\n<div class=\"mVCoBd\">\u00a0<\/div>\r\n<div class=\"ip iq\">\r\n<div class=\"bJvOmf\">\r\n<table class=\"cf wS\" style=\"width: 104.483%; height: 45px;\" role=\"presentation\">\r\n<tbody>\r\n<tr>\r\n<td class=\"amq\">\r\n<div class=\"I_ZiTj5d C_1GbO8e W_6D6F D_F ek_BB z_n m_22RyjK em_N O_0 ah_16P6j9 ai_Zc7bQR\" role=\"region\" data-test-id=\"message-view-body\" aria-labelledby=\"message-view-body-landmark\">\r\n<div class=\"msg-body mq_AS\" data-test-id=\"message-view-body-content\">\r\n<div class=\"je_2kCCw7 jb_dm5 X_7sfl N_7sfl\">\r\n<div>\r\n<div id=\"yiv0540993592\">\r\n<div>\r\n<p>\u2728 Diese Website ist nicht interaktiv. Aber ich w\u00fcrde mich sehr freuen, Ihre Nachrichten zu lesen:\ud83d\udce7<span style=\"color: #000080;\"> auteur@mariechristineaubert.com<\/span><\/p>\r\n<\/div>\r\n<\/div>\r\n<\/div>\r\n<\/div>\r\n<\/div>\r\n<\/div>\r\n<\/td>\r\n<td class=\"amr\">\r\n<div class=\"nr wR\">\r\n<div class=\"amn\">\r\n<div class=\"wrsVRe\" data-position=\"dynamic\">\u00a0<\/div>\r\n<\/div>\r\n<\/div>\r\n<\/td>\r\n<\/tr>\r\n<\/tbody>\r\n<\/table>\r\n<\/div>\r\n<\/div>\r\n<\/div>\r\n<\/div>\r\n","protected":false},"excerpt":{"rendered":"<p>Marie Christine Aubert &#8211; Franz\u00f6sische Schiftstellerin zwischen Reisen und dem Licht der Worte. Hier teile ich das Universum, das mich inspiriert und tr\u00e4gt: meine Romane, meine Schreibreisen und die wahren oder ertr\u00e4umten Geschichten, die sie n\u00e4hren. Hier entdecken Sie meine B\u00fccher, meine Neuigkeiten und das literarische Abenteuer, das sich Tag f\u00fcr Tag weiterschreibt. Hier sind &hellip; <\/p>\n<p class=\"link-more\"><a href=\"https:\/\/mariechristineaubert.com\/index.php\/de\/willkommen-auf-meiner-offiziellen-website-mariechristineaubert-com\/\" class=\"more-link\">Continuer la lecture<span class=\"screen-reader-text\"> de &laquo;&nbsp;Willkommen auf der offiziellen Website von Marie Christine Aubert, franz\u00f6sische Schriftstellerin&nbsp;&raquo;<\/span><\/a><\/p>\n","protected":false},"author":1,"featured_media":0,"parent":0,"menu_order":0,"comment_status":"closed","ping_status":"closed","template":"","meta":{"footnotes":""},"class_list":["post-72","page","type-page","status-publish","hentry"],"lang":"de","translations":{"de":72,"en":52,"fr":39,"es":59},"pll_sync_post":[],"_links":{"self":[{"href":"https:\/\/mariechristineaubert.com\/index.php\/wp-json\/wp\/v2\/pages\/72","targetHints":{"allow":["GET"]}}],"collection":[{"href":"https:\/\/mariechristineaubert.com\/index.php\/wp-json\/wp\/v2\/pages"}],"about":[{"href":"https:\/\/mariechristineaubert.com\/index.php\/wp-json\/wp\/v2\/types\/page"}],"author":[{"embeddable":true,"href":"https:\/\/mariechristineaubert.com\/index.php\/wp-json\/wp\/v2\/users\/1"}],"replies":[{"embeddable":true,"href":"https:\/\/mariechristineaubert.com\/index.php\/wp-json\/wp\/v2\/comments?post=72"}],"version-history":[{"count":26,"href":"https:\/\/mariechristineaubert.com\/index.php\/wp-json\/wp\/v2\/pages\/72\/revisions"}],"predecessor-version":[{"id":1908,"href":"https:\/\/mariechristineaubert.com\/index.php\/wp-json\/wp\/v2\/pages\/72\/revisions\/1908"}],"wp:attachment":[{"href":"https:\/\/mariechristineaubert.com\/index.php\/wp-json\/wp\/v2\/media?parent=72"}],"curies":[{"name":"wp","href":"https:\/\/api.w.org\/{rel}","templated":true}]}}