{"id":742,"date":"2025-09-13T11:57:58","date_gmt":"2025-09-13T09:57:58","guid":{"rendered":"https:\/\/mariechristineaubert.com\/?page_id=742"},"modified":"2026-03-06T13:07:48","modified_gmt":"2026-03-06T12:07:48","slug":"quand-lhumanite-lemporte","status":"publish","type":"page","link":"https:\/\/mariechristineaubert.com\/index.php\/quand-lhumanite-lemporte\/","title":{"rendered":"Quand l&rsquo;humanit\u00e9 l&#8217;emporte&#8230;"},"content":{"rendered":"<h1><strong><em>Quand<\/em><\/strong> <strong><em>l&rsquo;humanit\u00e9 l&#8217;emporte&#8230;<\/em><\/strong><\/h1>\n<p>En d\u00e9cembre 1914, sur plusieurs points du front de l&rsquo;Ouest, des soldats cess\u00e8rent spontan\u00e9ment de se battre. La nuit de No\u00ebl, chants et bougies remplac\u00e8rent le bruit des fusils. Les soldats fran\u00e7ais entendent des chants de No\u00ebl monter des tranch\u00e9es ennemies et Britanniques, Fran\u00e7ais et Allemands sortirent\u00a0 pour se rencontrer dans le no man&rsquo;s land. On s&rsquo;\u00e9changea du tabac, du chocolat, du vin. Parfois, on enterra ensemble les morts et des matchs de foot furent improvis\u00e9s en quelques endroits.\u00a0<\/p>\n<p>Ces sc\u00e8nes furent tr\u00e8s largement rapport\u00e9es dans la presse britannique, et le Daily Mirror publia en janvier 1915 des photos de ces moments m\u00e9morables mais censur\u00e9es c\u00f4t\u00e9 fran\u00e7ais. Elles restent pourtant un t\u00e9moignage saisissant de fraternit\u00e9 et d&rsquo;humanit\u00e9. Elles sont rest\u00e9es dans l&rsquo;histoire et sont toujours \u00e9voqu\u00e9es comme<strong> les tr\u00eaves de No\u00ebl de d\u00e9cembre 1914.<\/strong>\u00a0 Le film<em> Joyeux No\u00ebl<\/em> de Christian Carion en 2005 a \u00e9t\u00e9 d\u00e9di\u00e9 \u00a0\u00bb <em>\u00e0 la m\u00e9moire des soldats qui ont fraternis\u00e9 le soir de No\u00ebl.\u00a0\u00bb<\/em><\/p>\n<p>La fraternisation racont\u00e9e par Christian Carion dans son film est inspir\u00e9e de ce qui s&rsquo;est d\u00e9roul\u00e9 dans les tranch\u00e9es entourant la ville d&rsquo;Ypres. C&rsquo;est en lisant le livre de Yves Buffetaut \u00ab\u00a0<em>Batailles de Flandres et d&rsquo;Artois 1914-1918<\/em> \u00ab\u00a0que Christian Carion d\u00e9couvre l&rsquo;incroyable No\u00ebl de 1914 dans lequel l&rsquo;auteur \u00e9voque les fraternisations entre ennemis.<\/p>\n<p>Christian Carion\u00a0 a fait des recherches approfondies pour son film et a retrouv\u00e9 des r\u00e9cits de soldats britanniques, fran\u00e7ais, belges et allemands qui ont v\u00e9cu ces tr\u00eaves :\u00a0\u00bb <em>Les allemands ont chant\u00e9 Stille Nacht &#8211; Douce Nuit &#8211; et en face \u00e7a a r\u00e9pondu. Tout \u00e0 coup le no man&rsquo;s land qui \u00e9tait habituellement une zone de mort, ne l&rsquo;\u00e9tait plus! C&rsquo;est la musique qui a fait l&rsquo;arc, alors tr\u00e8s t\u00f4t, j&rsquo;ai su que \u00a0\u00bb Joyeux No\u00ebl \u00a0\u00bb serait un film musical.\u00a0\u00bb<\/em><\/p>\n<p>Condamn\u00e9es par les \u00e9tats-majors qui prendront des mesures pour y mettre fin et en emp\u00eacher la r\u00e9p\u00e9tition, ces tr\u00eaves de No\u00ebl 1914 furent tr\u00e8s longtemps absentes des livres d&rsquo;histoire.<\/p>\n<p>C&rsquo;est cette m\u00eame humanit\u00e9 que l&rsquo;on retrouva en 1997, lorsque les soldats comoriens envoy\u00e9s \u00e0 Anjouan par le gouvernement de Moroni pour mater la s\u00e9cession refus\u00e8rent d&rsquo;ouvrir le feu sur leurs compatriotes et ont pr\u00e9f\u00e9r\u00e9 se rendre plut\u00f4t que de tirer sur la population. Cet \u00e9pisode majeur a \u00e9t\u00e9 relat\u00e9 dans mon roman \u00ab\u00a0<a href=\"https:\/\/mariechristineaubert.com\/index.php\/bienvenue-sur-mon-site-officiel-mariechristineaubert-com\/christine-et-sa-vie-daventures-dans-les-iles-de-la-lune\/\"><span style=\"color: #000080;\"><strong>Christine et sa vie d&rsquo;aventures dans les \u00celes de la Lune<\/strong><\/span> <\/a>\u00a0\u00bb dans le chapitre sur le s\u00e9cession d&rsquo;Anjouan.<\/p>\n<p>L&rsquo;histoire n&rsquo;est pas seulement faite de batailles remport\u00e9es ou perdues. Elle est aussi travers\u00e9e par ces instants o\u00f9, face \u00e0 l&rsquo;ordre de tirer, des hommes en armes choisissent de poser leur fusil. Ces moments sont rares, mais ils illuminent notre m\u00e9moire collective comme autant d&rsquo;\u00e9toiles qui refusent de s&rsquo;\u00e9teindre.<\/p>\n<p>En 1974, au Portugal, les militaires envoy\u00e9s pour r\u00e9primer le mouvement d\u00e9mocratique refusent de tirer sur la foule. Les civils glissent des \u0153illets rouges dans le canon de leurs fusils. Cette \u00ab R\u00e9volution des \u0152illets \u00bb met fin \u00e0 pr\u00e8s d\u2019un demi-si\u00e8cle de dictature sans verser une goutte de sang.<\/p>\n<p>En 1989, \u00e0 Leipzig, en R\u00e9publique D\u00e9mocratique Allemande, des milliers de manifestants se rassemblent chaque lundi. L\u2019ordre de r\u00e9primer est donn\u00e9, mais certains commandants refusent. Leurs soldats restent immobiles. Ce geste de retenue ouvre la voie \u00e0 la chute pacifique du r\u00e9gime est-allemand.<\/p>\n<p>Dans les heures incertaines du putsch d\u2019ao\u00fbt 1991 en Union sovi\u00e9tique, les chars sont post\u00e9s \u00e0 Moscou, pr\u00eats \u00e0 \u00e9craser le soul\u00e8vement populaire. Plusieurs unit\u00e9s d\u00e9sob\u00e9issent, se rangeant aux c\u00f4t\u00e9s des manifestants. Cette fraternisation inattendue contribue \u00e0 l\u2019\u00e9chec du coup d\u2019\u00c9tat et pr\u00e9cipite la fin de l\u2019URSS.<\/p>\n<p>M\u00eame dans les \u00e9pisodes les plus sombres, on retrouve cette lumi\u00e8re fragile. Place Tian\u2019anmen, en 1989, certains groupes de soldats se retirent plut\u00f4t que d\u2019ouvrir le feu. Leur geste n\u2019emp\u00eachera pas la trag\u00e9die, mais il t\u00e9moigne d\u2019un choix personnel : celui de pr\u00e9server la vie,<\/p>\n<p>Ces exemples, du Portugal \u00e0 Moscou, de Leipzig \u00e0 Anjouan, rappellent une v\u00e9rit\u00e9 que P\u00e9ricl\u00e8s \u00e9non\u00e7ait d\u00e9j\u00e0 il y a 2400 ans :<a href=\"https:\/\/mariechristineaubert.com\/index.php\/le-message-des-etoiles-disparues\/\"><em><strong><span style=\"color: #000080;\"> il n\u2019y a pas de bonheur sans libert\u00e9, ni de libert\u00e9 sans courage.<\/span> <\/strong><\/em><\/a>Ce courage est s\u00fbrement celui de d\u00e9fendre sa patrie, sa libert\u00e9 ou les siens quand ils sont menac\u00e9s mais il n\u2019est pas toujours celui de combattre. Parfois, c\u2019est celui de dire non.<\/p>\n<p style=\"text-align: center;\">*****<\/p>\n<p>Nous apprenons aujourd&rsquo;hui 11 octobre 2025 que des soldats malgaches ont rejoint les milliers de manifestants dans la rue de la capitale Antananarivo appelant les forces de s\u00e9curit\u00e9 \u00e0 \u00ab\u00a0refuser les ordres de tirer\u00a0\u00bb sur la population et condamnant la r\u00e9pression polici\u00e8re r\u00e9cente.<\/p>\n<p><strong><em>\u00ab\u00a0Unissons nos forces militaires, gendarmes et policiers, et refusons d&rsquo;\u00eatre pay\u00e9s pour tirer sur nos amis, nos fr\u00e8res et nos s\u0153urs<\/em> <\/strong>\u00a0\u00bb ont d\u00e9clar\u00e9 les soldats accueillis par les salutations et les\u00a0 \u00a0\u00bbmerci\u00a0\u00bb des manifestants selon l&rsquo;Agence France Presse . Le colonel Michael Randrianirina\u00a0 a d\u00e9clar\u00e9 \u00e0 l&rsquo;AFP, que la\u00a0 police avait tir\u00e9 sur ses soldats touchant un militaire et un journaliste. \u00ab\u00a0Le journaliste a \u00e9t\u00e9 bless\u00e9 \u00e0 la fesse tandis que le soldat est d\u00e9c\u00e9d\u00e9.\u00a0 \u00ab\u00a0A tous ceux qui ont envoy\u00e9 les gendarmes ici, \u00e0 commencer par le chef de la gendarmerie, le Premier ministre , le Pr\u00e9sident; ils doivent quitter le pouvoir \u00a0\u00bb a-til ajout\u00e9.<\/p>\n<p>Les services de secours sur place font \u00e9tat de deux morts et de 26 bless\u00e9s samedi. Un bilan du Haut Commissariat des Nations Unies aux droits de l&rsquo;Homme dat\u00e9 du 29 septembre d\u00e9nombre 22 personnes tu\u00e9es\u00a0 et plus d&rsquo;une centaine de bless\u00e9s au d\u00e9but des manifestations commenc\u00e9es le 25 septembre.<\/p>\n<p>&nbsp;<\/p>\n<hr \/>\n<div id=\":ol\" class=\"ii gt\">\n<div id=\":ok\" class=\"a3s aiL \">\n<div class=\"adL\">\n<p>\u2728 Ce site n\u2019est pas interactif.<\/p>\n<p>Mais je serai ravie de lire vos messages : <span style=\"color: #000080;\">auteur<span style=\"font-size: 1rem;\">@mariechristineaubert.com<\/span><span style=\"font-size: 1rem;\">\u00a0<\/span><\/span><\/p>\n<\/div>\n<\/div>\n<\/div>\n<div class=\"WhmR8e\" data-hash=\"0\">\u00a0<\/div>\n","protected":false},"excerpt":{"rendered":"<p>Quand l&rsquo;humanit\u00e9 l&#8217;emporte&#8230; En d\u00e9cembre 1914, sur plusieurs points du front de l&rsquo;Ouest, des soldats cess\u00e8rent spontan\u00e9ment de se battre. La nuit de No\u00ebl, chants et bougies remplac\u00e8rent le bruit des fusils. Les soldats fran\u00e7ais entendent des chants de No\u00ebl monter des tranch\u00e9es ennemies et Britanniques, Fran\u00e7ais et Allemands sortirent\u00a0 pour se rencontrer dans le &hellip; <\/p>\n<p class=\"link-more\"><a href=\"https:\/\/mariechristineaubert.com\/index.php\/quand-lhumanite-lemporte\/\" class=\"more-link\">Continuer la lecture<span class=\"screen-reader-text\"> de &laquo;&nbsp;Quand l&rsquo;humanit\u00e9 l&#8217;emporte&#8230;&nbsp;&raquo;<\/span><\/a><\/p>\n","protected":false},"author":1,"featured_media":0,"parent":0,"menu_order":0,"comment_status":"closed","ping_status":"closed","template":"","meta":{"footnotes":""},"class_list":["post-742","page","type-page","status-publish","hentry"],"lang":"fr","translations":{"fr":742,"en":764,"es":756,"de":758},"pll_sync_post":[],"_links":{"self":[{"href":"https:\/\/mariechristineaubert.com\/index.php\/wp-json\/wp\/v2\/pages\/742","targetHints":{"allow":["GET"]}}],"collection":[{"href":"https:\/\/mariechristineaubert.com\/index.php\/wp-json\/wp\/v2\/pages"}],"about":[{"href":"https:\/\/mariechristineaubert.com\/index.php\/wp-json\/wp\/v2\/types\/page"}],"author":[{"embeddable":true,"href":"https:\/\/mariechristineaubert.com\/index.php\/wp-json\/wp\/v2\/users\/1"}],"replies":[{"embeddable":true,"href":"https:\/\/mariechristineaubert.com\/index.php\/wp-json\/wp\/v2\/comments?post=742"}],"version-history":[{"count":29,"href":"https:\/\/mariechristineaubert.com\/index.php\/wp-json\/wp\/v2\/pages\/742\/revisions"}],"predecessor-version":[{"id":1904,"href":"https:\/\/mariechristineaubert.com\/index.php\/wp-json\/wp\/v2\/pages\/742\/revisions\/1904"}],"wp:attachment":[{"href":"https:\/\/mariechristineaubert.com\/index.php\/wp-json\/wp\/v2\/media?parent=742"}],"curies":[{"name":"wp","href":"https:\/\/api.w.org\/{rel}","templated":true}]}}