{"id":758,"date":"2025-09-13T13:18:15","date_gmt":"2025-09-13T11:18:15","guid":{"rendered":"https:\/\/mariechristineaubert.com\/?page_id=758"},"modified":"2026-03-06T13:14:42","modified_gmt":"2026-03-06T12:14:42","slug":"wenn-die-menschlichkeit-siegt","status":"publish","type":"page","link":"https:\/\/mariechristineaubert.com\/index.php\/de\/wenn-die-menschlichkeit-siegt\/","title":{"rendered":"Wenn die Menschlichkeit siegt&#8230;"},"content":{"rendered":"<p style=\"text-align: center;\"><span style=\"font-size: 24px;\"><strong>Wenn die Menschlichkeit siegt&#8230;<\/strong><\/span><\/p>\n<p style=\"text-align: center;\">Im Dezember 1914 h\u00f6rten an mehreren Punkten der Westfront Soldaten spontan auf, zu k\u00e4mpfen. In der Weihnachtsnacht ersetzten Lieder und Kerzen das Knattern der Gewehre. Die Soldaten h\u00f6rten Weihnachtslieder aus den feindlichen Sch\u00fctzengr\u00e4ben und stimmten ihrerseits ein. Briten, Franzosen, Belgier und Deutsche verlie\u00dfen ihre Gr\u00e4ben, trafen sich im Niemandsland, tauschten Tabak, Schokolade und Wein. Man begrub gemeinsam die Toten, und an manchen Orten wurden improvisierte Fu\u00dfballspiele ausgetragen.<\/p>\n<p style=\"text-align: center;\">Diese Szenen wurden in der britischen Presse weit verbreitet berichtet, und die Daily Mirror ver\u00f6ffentlichte im Januar 1915 Fotos dieser denkw\u00fcrdigen Momente \u2013 auf franz\u00f6sischer und belgischer Seite jedoch zensiert. Sie bleiben dennoch ein ergreifendes Zeugnis von Br\u00fcderlichkeit und Menschlichkeit. Sie sind in die Geschichte eingegangen und werden immer wieder im Zusammenhang mit den <strong>Weihnachtswaffenstillst\u00e4nden von 1914<\/strong> erw\u00e4hnt. Der Film <em>*Joyeux No\u00ebl*<\/em> von Christian Carion aus dem Jahr 2005 wurde <em>\u201edem Andenken der Soldaten gewidmet, die am Weihnachtsabend fraternisierten.<\/em>\u201c<\/p>\n<p style=\"text-align: center;\">Die von Christian Carion erz\u00e4hlte Fraternisierung in seinem Film ist inspiriert von dem, was sich in den Sch\u00fctzengr\u00e4ben um die Stadt Ypern ereignete. Als er Yves Buffetauts Buch *<em>Batailles de Flandres et d\u2019Artois 1914\u20131918*<\/em> las, entdeckte Carion dieses unglaubliche Weihnachten 1914, in dem der Autor von Fraternisierungen zwischen Feinden berichtete.\u00a0<\/p>\n<p style=\"text-align: center;\">\u201e<em>Die Deutschen sangen *Stille Nacht* \u2013 *Douce Nuit* \u2013 und die Gegenseite antwortete. Pl\u00f6tzlich war das Niemandsland, das gew\u00f6hnlich eine Todeszone war, nicht mehr so. Es war die Musik, die die Br\u00fccke schlug. Da wusste ich, dass *Joyeux No\u00ebl* ein Musikfilm werden w\u00fcrde.\u201c<\/em><\/p>\n<p style=\"text-align: center;\">Von den Generalst\u00e4ben verurteilt, die Ma\u00dfnahmen ergriffen, um sie zu unterbinden und ihre Wiederholung zu verhindern, verschwanden die Weihnachtswaffenstillst\u00e4nde von 1914 lange Zeit aus den Geschichtsb\u00fcchern.<\/p>\n<p style=\"text-align: center;\">Dieselbe Menschlichkeit fand man 1997 wieder, als die vom Staat Moroni nach Anjouan entsandten komorischen Soldaten sich weigerten, auf ihre Landsleute zu schie\u00dfen, und zogen es vor, sich zu ergeben,statt auf die Bev\u00f6lkerung <i>zu schie\u00dfen.<\/i><\/p>\n<p style=\"text-align: center;\">Dieses historische Ereignis habe ich in meinem Roman *<a href=\"https:\/\/mariechristineaubert.com\/index.php\/de\/willkommen-auf-meiner-offiziellen-website-mariechristineaubert-com\/christine-und-ihr-abenteuerleben-auf-den-mondinseln\/\"><span style=\"color: #000080;\"><strong><em>Christine und ihr Leben\u00a0 Abenteuer auf den Mondinseln*<\/em><\/strong><\/span> <\/a>im Kapitel \u00fcber die Sezession von Anjouan erz\u00e4hlt.<\/p>\n<p style=\"text-align: center;\">Die Geschichte besteht nicht nur aus gewonnenen oder verlorenen Schlachten. Sie wird auch von diesen Augenblicken durchzogen, in denen Menschen angesichts des Befehls zu schie\u00dfen beschlie\u00dfen, ihre Waffen niederzulegen. Diese Momente sind selten, aber sie erhellen unser kollektives Ged\u00e4chtnis wie Sterne, die sich weigern zu erl\u00f6schen.<\/p>\n<p style=\"text-align: center;\">1974 in Portugal weigerten sich die Soldaten, die zur Niederschlagung der demokratischen Bewegung geschickt wurden, auf die Menge zu <em>\u00f3<\/em>. Zivilisten steckten Nelken in die Gewehrl\u00e4ufe. Diese \u201eNelkenrevolution\u201c beendete fast ein halbes Jahrhundert Diktatur ohne Blutvergie\u00dfen.<\/p>\n<p style=\"text-align: center;\">1989 in Leipzig, DDR: Tausende Demonstranten versammelten sich jeden Montag. Der Befehl zur Repression wurde erteilt, doch einige Kommandanten weigerten sich. Ihre Soldaten blieben regungslos. Diese Zur\u00fcckhaltung ebnete den Weg f\u00fcr den friedlichen Sturz des ostdeutschen Regimes.<\/p>\n<p style=\"text-align: center;\">In den unsicheren Stunden des Augustputsches 1991 in der Sowjetunion standen Panzer in Moskau bereit, den Volksaufstand niederzuschlagen. Doch mehrere Einheiten verweigerten den Gehorsam und stellten sich auf die Seite der Demonstranten. Diese unerwartete Fraternisierung trug zum Scheitern des Staatsstreichs bei und beschleunigte das Ende der UdSSR.<\/p>\n<p style=\"text-align: center;\">Auch auf dem Tian\u2019anmen-Platz 1989 zogen sich einige Soldaten zur\u00fcck, anstatt das Feuer zu er\u00f6ffnen. Ihre Geste konnte die Trag\u00f6die nicht verhindern, doch sie zeugte von einer pers\u00f6nlichen Wahl: das Leben zu bewahren, indem man sich weigert zu schie\u00dfen.<\/p>\n<p style=\"text-align: center;\">Diese Beispiele, von Portugal bis Moskau, von Leipzig bis Anjouan, erinnern an eine Wahrheit, die Perikles schon vor 2400 Jahren aussprach: Es gibt kein Gl\u00fcck ohne Freiheit, keine Freiheit ohne Mut. Dieser Mut bedeutet oft, sein Land und seine Lieben zu verteidigen, wenn sie bedroht sind \u2013 doch er bedeutet nicht immer, zu k\u00e4mpfen.\u00a0<\/p>\n<p style=\"text-align: center;\">Manchmal bedeutet er, Nein zu sagen, die Waffen niederzulegen.<\/p>\n<div id=\"x_yiv6609585703\">\n<p>Heute, am 11. Oktober 2025, erfahren wir, dass madagassische Soldaten zu den Tausenden von Demonstranten in der Hauptstadt Antananarivo gesto\u00dfen sind. Sie riefen die Sicherheitskr\u00e4fte dazu auf, \u201eden Befehl zu schie\u00dfen zu verweigern\u201c und verurteilten die j\u00fcngste Polizeigewalt.<\/p>\n<p>\u201eVereinen wir unsere milit\u00e4rischen Kr\u00e4fte, Gendarmen und Polizisten, und weigern wir uns, daf\u00fcr bezahlt zu werden, auf unsere Freunde, unsere Br\u00fcder und unsere Schwestern zu schie\u00dfen\u201c, erkl\u00e4rten die Soldaten, die von den Demonstranten mit Beifall und Dankesrufen empfangen wurden, wie die Agence France-Presse berichtet. Oberst Michael Randrianirina erkl\u00e4rte gegen\u00fcber der AFP, dass die Polizei auf Soldaten geschossen habe und dabei ein Soldat sowie ein Journalist getroffen worden seien.<\/p>\n<p>\u201eDer Journalist wurde am Ges\u00e4\u00df verletzt, w\u00e4hrend der Soldat starb\u201c, f\u00fcgte er hinzu. \u201eAn alle, die die Gendarmen hierher geschickt haben \u2013 angefangen beim Chef der Gendarmerie \u00fcber den Premierminister bis hin zum Pr\u00e4sidenten \u2013 sie m\u00fcssen die Macht verlassen.\u201c<\/p>\n<p>Die Rettungsdienste vor Ort berichteten von zwei Toten und 26 Verletzten am Samstag. Ein Bericht des Hohen Kommissariats der Vereinten Nationen f\u00fcr Menschenrechte vom 29. September z\u00e4hlt 22 Tote und \u00fcber hundert Verletzte seit Beginn der Proteste am 25. September.<\/p>\n<p>&nbsp;<\/p>\n<\/div>\n<div class=\"I_ZiTj5d C_1GbO8e W_6D6F D_F ek_BB z_n m_22RyjK em_N O_0 ah_16P6j9 ai_Zc7bQR\" role=\"region\" data-test-id=\"message-view-body\" aria-labelledby=\"message-view-body-landmark\">\n<div class=\"msg-body mq_AS\" data-test-id=\"message-view-body-content\">\n<div class=\"je_2kCCw7 jb_dm5 X_7sfl N_7sfl\">\n<div>\n<div id=\"yiv0540993592\">\n<div>\n<p>\u2728 Diese Website ist nicht interaktiv.Aber ich w\u00fcrde mich sehr freuen, Ihre Nachrichten zu lesen:<span style=\"color: #000080;\">\ud83d\udce7 auteur@mariechristineaubert.com<\/span><\/p>\n<div>\u00a0<\/div>\n<\/div>\n<\/div>\n<\/div>\n<\/div>\n<\/div>\n<\/div>\n","protected":false},"excerpt":{"rendered":"<p>Wenn die Menschlichkeit siegt&#8230; Im Dezember 1914 h\u00f6rten an mehreren Punkten der Westfront Soldaten spontan auf, zu k\u00e4mpfen. In der Weihnachtsnacht ersetzten Lieder und Kerzen das Knattern der Gewehre. Die Soldaten h\u00f6rten Weihnachtslieder aus den feindlichen Sch\u00fctzengr\u00e4ben und stimmten ihrerseits ein. Briten, Franzosen, Belgier und Deutsche verlie\u00dfen ihre Gr\u00e4ben, trafen sich im Niemandsland, tauschten Tabak, &hellip; <\/p>\n<p class=\"link-more\"><a href=\"https:\/\/mariechristineaubert.com\/index.php\/de\/wenn-die-menschlichkeit-siegt\/\" class=\"more-link\">Continuer la lecture<span class=\"screen-reader-text\"> de &laquo;&nbsp;Wenn die Menschlichkeit siegt&#8230;&nbsp;&raquo;<\/span><\/a><\/p>\n","protected":false},"author":1,"featured_media":0,"parent":0,"menu_order":0,"comment_status":"closed","ping_status":"closed","template":"","meta":{"footnotes":""},"class_list":["post-758","page","type-page","status-publish","hentry"],"lang":"de","translations":{"de":758,"fr":742,"en":764,"es":756},"pll_sync_post":[],"_links":{"self":[{"href":"https:\/\/mariechristineaubert.com\/index.php\/wp-json\/wp\/v2\/pages\/758","targetHints":{"allow":["GET"]}}],"collection":[{"href":"https:\/\/mariechristineaubert.com\/index.php\/wp-json\/wp\/v2\/pages"}],"about":[{"href":"https:\/\/mariechristineaubert.com\/index.php\/wp-json\/wp\/v2\/types\/page"}],"author":[{"embeddable":true,"href":"https:\/\/mariechristineaubert.com\/index.php\/wp-json\/wp\/v2\/users\/1"}],"replies":[{"embeddable":true,"href":"https:\/\/mariechristineaubert.com\/index.php\/wp-json\/wp\/v2\/comments?post=758"}],"version-history":[{"count":13,"href":"https:\/\/mariechristineaubert.com\/index.php\/wp-json\/wp\/v2\/pages\/758\/revisions"}],"predecessor-version":[{"id":1907,"href":"https:\/\/mariechristineaubert.com\/index.php\/wp-json\/wp\/v2\/pages\/758\/revisions\/1907"}],"wp:attachment":[{"href":"https:\/\/mariechristineaubert.com\/index.php\/wp-json\/wp\/v2\/media?parent=758"}],"curies":[{"name":"wp","href":"https:\/\/api.w.org\/{rel}","templated":true}]}}