{"id":919,"date":"2025-10-23T11:56:54","date_gmt":"2025-10-23T09:56:54","guid":{"rendered":"https:\/\/mariechristineaubert.com\/?page_id=919"},"modified":"2026-03-06T12:58:33","modified_gmt":"2026-03-06T11:58:33","slug":"https-mariechristineaubert-com-index-php-escapade-polynesienne-bora-bora-et-rangiroa","status":"publish","type":"page","link":"https:\/\/mariechristineaubert.com\/index.php\/https-mariechristineaubert-com-index-php-escapade-polynesienne-bora-bora-et-rangiroa\/","title":{"rendered":"Escapade polyn\u00e9sienne &#8211; Bora-Bora et Rangiroa"},"content":{"rendered":"<p>Escapade polyn\u00e9sienne -Petit d\u00e9tour par Bora-Bora et Rangiroa\u00a0<\/p>\n<p>\u00a0Petit d\u00e9tour&#8230;\u00e0 plus de quinze mille kilom\u00e8tres de Paris.<\/p>\n<p>Un autre visage de la France.<\/p>\n<p>Deux perles du Pacifique, deux visages d&rsquo;un m\u00eame paradis.<\/p>\n<p>Ces image sont \u00e9t\u00e9 prises sans autre intention que de partager la beaut\u00e9 de ces \u00eeles et le calme profond du lagon, la transparence de l&rsquo;eau et la douceur du vent.<\/p>\n<p><span style=\"font-size: 24px;\">Bora-Bora \u00e9clatante de lumi\u00e8re, symphonie de bleu &#8211; \u00eele de la Soci\u00e9t\u00e9 au\u00a0c\u0153ur\u00a0des \u00eeles Sous- le- vent.<\/span><\/p>\n<div style=\"width: 480px;\" class=\"wp-video\"><video class=\"wp-video-shortcode\" id=\"video-919-1\" width=\"480\" height=\"848\" preload=\"metadata\" controls=\"controls\"><source type=\"video\/mp4\" src=\"https:\/\/mariechristineaubert.com\/wp-content\/uploads\/2025\/10\/Bora-Bora.mp4?_=1\" \/><a href=\"https:\/\/mariechristineaubert.com\/wp-content\/uploads\/2025\/10\/Bora-Bora.mp4\">https:\/\/mariechristineaubert.com\/wp-content\/uploads\/2025\/10\/Bora-Bora.mp4<\/a><\/video><\/div>\n<h2>\u00a0<\/h2>\n<h3><span style=\"font-size: 24px;\">Rangiroa, immense atoll des Tuamotu, pos\u00e9 sur la mer, l\u00e0 o\u00f9 le ciel embrasse l&rsquo;oc\u00e9an.<\/span><\/h3>\n<div style=\"width: 480px;\" class=\"wp-video\"><video class=\"wp-video-shortcode\" id=\"video-919-2\" width=\"480\" height=\"848\" preload=\"metadata\" controls=\"controls\"><source type=\"video\/mp4\" src=\"https:\/\/mariechristineaubert.com\/wp-content\/uploads\/2025\/10\/VIDEO-Rangiroa.mp4?_=2\" \/><a href=\"https:\/\/mariechristineaubert.com\/wp-content\/uploads\/2025\/10\/VIDEO-Rangiroa.mp4\">https:\/\/mariechristineaubert.com\/wp-content\/uploads\/2025\/10\/VIDEO-Rangiroa.mp4<\/a><\/video><\/div>\n<p>\u2728 Ce site n\u2019est pas interactif. Mais je serai ravie de lire vos messages :\ud83d\udce7 <span style=\"color: #0000ff;\">auteur@mariechristineaubert.com<\/span><\/p>\n","protected":false},"excerpt":{"rendered":"<p>Escapade polyn\u00e9sienne -Petit d\u00e9tour par Bora-Bora et Rangiroa\u00a0 \u00a0Petit d\u00e9tour&#8230;\u00e0 plus de quinze mille kilom\u00e8tres de Paris. Un autre visage de la France. Deux perles du Pacifique, deux visages d&rsquo;un m\u00eame paradis. Ces image sont \u00e9t\u00e9 prises sans autre intention que de partager la beaut\u00e9 de ces \u00eeles et le calme profond du lagon, la &hellip; <\/p>\n<p class=\"link-more\"><a href=\"https:\/\/mariechristineaubert.com\/index.php\/https-mariechristineaubert-com-index-php-escapade-polynesienne-bora-bora-et-rangiroa\/\" class=\"more-link\">Continuer la lecture<span class=\"screen-reader-text\"> de &laquo;&nbsp;Escapade polyn\u00e9sienne &#8211; Bora-Bora et Rangiroa&nbsp;&raquo;<\/span><\/a><\/p>\n","protected":false},"author":1,"featured_media":0,"parent":0,"menu_order":0,"comment_status":"closed","ping_status":"closed","template":"","meta":{"footnotes":""},"class_list":["post-919","page","type-page","status-publish","hentry"],"lang":"fr","translations":{"fr":919,"es":940,"de":949,"en":952},"pll_sync_post":[],"_links":{"self":[{"href":"https:\/\/mariechristineaubert.com\/index.php\/wp-json\/wp\/v2\/pages\/919","targetHints":{"allow":["GET"]}}],"collection":[{"href":"https:\/\/mariechristineaubert.com\/index.php\/wp-json\/wp\/v2\/pages"}],"about":[{"href":"https:\/\/mariechristineaubert.com\/index.php\/wp-json\/wp\/v2\/types\/page"}],"author":[{"embeddable":true,"href":"https:\/\/mariechristineaubert.com\/index.php\/wp-json\/wp\/v2\/users\/1"}],"replies":[{"embeddable":true,"href":"https:\/\/mariechristineaubert.com\/index.php\/wp-json\/wp\/v2\/comments?post=919"}],"version-history":[{"count":8,"href":"https:\/\/mariechristineaubert.com\/index.php\/wp-json\/wp\/v2\/pages\/919\/revisions"}],"predecessor-version":[{"id":1898,"href":"https:\/\/mariechristineaubert.com\/index.php\/wp-json\/wp\/v2\/pages\/919\/revisions\/1898"}],"wp:attachment":[{"href":"https:\/\/mariechristineaubert.com\/index.php\/wp-json\/wp\/v2\/media?parent=919"}],"curies":[{"name":"wp","href":"https:\/\/api.w.org\/{rel}","templated":true}]}}