{"id":940,"date":"2025-10-23T12:16:43","date_gmt":"2025-10-23T10:16:43","guid":{"rendered":"https:\/\/mariechristineaubert.com\/?page_id=940"},"modified":"2026-03-06T13:24:11","modified_gmt":"2026-03-06T12:24:11","slug":"https-mariechristineaubert-com-index-php-es-pequeno-desvio-por-bora-bora-y-rangiroa","status":"publish","type":"page","link":"https:\/\/mariechristineaubert.com\/index.php\/es\/https-mariechristineaubert-com-index-php-es-pequeno-desvio-por-bora-bora-y-rangiroa\/","title":{"rendered":"Escapada a la Polinesia &#8211; Peque\u00f1o desv\u00edo por Bora Bora y Rangiroa"},"content":{"rendered":"<h1><span style=\"font-size: 24px;\">Escapada a la Polinesia &#8211; Peque\u00f1o desv\u00edo por Bora Bora y Rangiroa<\/span><\/h1>\n<p>Un \u00abpeque\u00f1o desv\u00edo\u00bb\u2026 a m\u00e1s de quince mil kil\u00f3metros de Paris.<\/p>\n<p>Otro rostro de Francia.<\/p>\n<p>Dos perlas del Pac\u00edfico, dos rostros de un mismo para\u00edso.<\/p>\n<p>Estas im\u00e1genes, captadas durante mis vacaciones, son una invitaci\u00f3n a la serenidad \u2014 una mirada sencilla sobre la belleza del mundo<\/p>\n<p>&nbsp;<\/p>\n<p><span style=\"font-size: 24px;\">Bora Bora, deslumbrante de luz, sinfon\u00eda de azul \u2014 isla de la Sociedad en el coraz\u00f3n de las Islas de Sotavento.<\/span><\/p>\n<p>&nbsp;<\/p>\n<div style=\"width: 480px;\" class=\"wp-video\"><video class=\"wp-video-shortcode\" id=\"video-940-1\" width=\"480\" height=\"848\" preload=\"metadata\" controls=\"controls\"><source type=\"video\/mp4\" src=\"https:\/\/mariechristineaubert.com\/wp-content\/uploads\/2025\/10\/Bora-Bora-2.mp4?_=1\" \/><a href=\"https:\/\/mariechristineaubert.com\/wp-content\/uploads\/2025\/10\/Bora-Bora-2.mp4\">https:\/\/mariechristineaubert.com\/wp-content\/uploads\/2025\/10\/Bora-Bora-2.mp4<\/a><\/video><\/div>\n<h3><span style=\"font-size: 24px;\">Rangiroa, vasto atol\u00f3n de las Tuamotu, posado sobre el mar, donde el cielo besa al oc\u00e9ano.<\/span><\/h3>\n<p>&nbsp;<\/p>\n<div style=\"width: 480px;\" class=\"wp-video\"><video class=\"wp-video-shortcode\" id=\"video-940-2\" width=\"480\" height=\"848\" preload=\"metadata\" controls=\"controls\"><source type=\"video\/mp4\" src=\"https:\/\/mariechristineaubert.com\/wp-content\/uploads\/2025\/10\/VIDEO-Rangiroa.mp4?_=2\" \/><a href=\"https:\/\/mariechristineaubert.com\/wp-content\/uploads\/2025\/10\/VIDEO-Rangiroa.mp4\">https:\/\/mariechristineaubert.com\/wp-content\/uploads\/2025\/10\/VIDEO-Rangiroa.mp4<\/a><\/video><\/div>\n<p>Vamos de viaje :<span style=\"color: #0000ff;\">\u00a0<a style=\"color: #0000ff;\" href=\"https:\/\/mariechristineaubert.com\/index.php\/es\/petit-tour-a-sydney\/\">https:\/\/mariechristineaubert.com\/index.php\/es\/petit-tour-a-sydney\/<\/a><\/span><\/p>\n<p>\u2728 Este sitio no es interactivo.Pero me encantar\u00eda leer sus mensajes:\ud83d\udce7<span style=\"color: #0000ff;\"> auteur@mariechristineaubert.com<\/span><\/p>\n","protected":false},"excerpt":{"rendered":"<p>Escapada a la Polinesia &#8211; Peque\u00f1o desv\u00edo por Bora Bora y Rangiroa Un \u00abpeque\u00f1o desv\u00edo\u00bb\u2026 a m\u00e1s de quince mil kil\u00f3metros de Paris. Otro rostro de Francia. Dos perlas del Pac\u00edfico, dos rostros de un mismo para\u00edso. Estas im\u00e1genes, captadas durante mis vacaciones, son una invitaci\u00f3n a la serenidad \u2014 una mirada sencilla sobre la &hellip; <\/p>\n<p class=\"link-more\"><a href=\"https:\/\/mariechristineaubert.com\/index.php\/es\/https-mariechristineaubert-com-index-php-es-pequeno-desvio-por-bora-bora-y-rangiroa\/\" class=\"more-link\">Continuer la lecture<span class=\"screen-reader-text\"> de &laquo;&nbsp;Escapada a la Polinesia &#8211; Peque\u00f1o desv\u00edo por Bora Bora y Rangiroa&nbsp;&raquo;<\/span><\/a><\/p>\n","protected":false},"author":1,"featured_media":0,"parent":0,"menu_order":0,"comment_status":"closed","ping_status":"closed","template":"","meta":{"footnotes":""},"class_list":["post-940","page","type-page","status-publish","hentry"],"lang":"es","translations":{"es":940,"fr":919,"de":949,"en":952},"pll_sync_post":[],"_links":{"self":[{"href":"https:\/\/mariechristineaubert.com\/index.php\/wp-json\/wp\/v2\/pages\/940","targetHints":{"allow":["GET"]}}],"collection":[{"href":"https:\/\/mariechristineaubert.com\/index.php\/wp-json\/wp\/v2\/pages"}],"about":[{"href":"https:\/\/mariechristineaubert.com\/index.php\/wp-json\/wp\/v2\/types\/page"}],"author":[{"embeddable":true,"href":"https:\/\/mariechristineaubert.com\/index.php\/wp-json\/wp\/v2\/users\/1"}],"replies":[{"embeddable":true,"href":"https:\/\/mariechristineaubert.com\/index.php\/wp-json\/wp\/v2\/comments?post=940"}],"version-history":[{"count":14,"href":"https:\/\/mariechristineaubert.com\/index.php\/wp-json\/wp\/v2\/pages\/940\/revisions"}],"predecessor-version":[{"id":1915,"href":"https:\/\/mariechristineaubert.com\/index.php\/wp-json\/wp\/v2\/pages\/940\/revisions\/1915"}],"wp:attachment":[{"href":"https:\/\/mariechristineaubert.com\/index.php\/wp-json\/wp\/v2\/media?parent=940"}],"curies":[{"name":"wp","href":"https:\/\/api.w.org\/{rel}","templated":true}]}}